{"id":3686,"date":"2023-10-17T12:30:54","date_gmt":"2023-10-17T10:30:54","guid":{"rendered":"https:\/\/consfriburgo.esteri.it\/?page_id=3686"},"modified":"2023-11-27T09:50:55","modified_gmt":"2023-11-27T08:50:55","slug":"konsularischer-leitfaden-videos-und-formulare","status":"publish","type":"page","link":"https:\/\/consfriburgo.esteri.it\/de\/servizi-consolari-e-visti\/servizi-per-il-cittadino-italiano\/konsularischer-leitfaden-videos-und-formulare\/","title":{"rendered":"Konsularischer Leitfaden, Videos und Formulare"},"content":{"rendered":"<ul>\n<li><a href=\"https:\/\/consfriburgo.esteri.it\/it\/servizi-consolari-e-visti\/servizi-per-il-cittadino-italiano\/guide-consolari-e-video-tutorial\/\">Konsularische Leitf\u00e4den und Videotutorials zu den verschiedenen Verfahren<\/a><\/li>\n<li><a href=\"https:\/\/consfriburgo.esteri.it\/it\/servizi-consolari-e-visti\/servizi-per-il-cittadino-italiano\/altri-servizi\/modulistica-e-banche-dati\/\">Formulare und Datenbanken<\/a><\/li>\n<\/ul>\n<p>&nbsp;<\/p>\n<p>Wir bieten Ihnen auf dieser Seite eine Liste, in der Sie alle Anleitungen finden, die es Ihnen erleichtern, die Verfahren der vom Italienischen Konsulat in Freiburg angebotenen Dienste &#8211; Prenot@mi, FAST-IT und ein Video mit einer vollst\u00e4ndigen Erkl\u00e4rung aller Dienste &#8211; zu nutzen, damit sie Ihnen helfen k\u00f6nnen.<\/p>\n","protected":false},"excerpt":{"rendered":"Konsularische Leitf\u00e4den und Videotutorials zu den verschiedenen Verfahren Formulare und Datenbanken &nbsp; Wir bieten Ihnen auf dieser Seite eine Liste, in der Sie alle Anleitungen finden, die es Ihnen erleichtern, die Verfahren der vom Italienischen Konsulat in Freiburg angebotenen Dienste &#8211; Prenot@mi, FAST-IT und ein Video mit einer vollst\u00e4ndigen Erkl\u00e4rung aller Dienste &#8211; zu nutzen, [&hellip;]","protected":false},"author":7,"featured_media":0,"parent":164,"menu_order":0,"comment_status":"closed","ping_status":"closed","template":"","meta":{"footnotes":""},"class_list":["post-3686","page","type-page","status-publish","hentry"],"_links":{"self":[{"href":"https:\/\/consfriburgo.esteri.it\/de\/wp-json\/wp\/v2\/pages\/3686","targetHints":{"allow":["GET"]}}],"collection":[{"href":"https:\/\/consfriburgo.esteri.it\/de\/wp-json\/wp\/v2\/pages"}],"about":[{"href":"https:\/\/consfriburgo.esteri.it\/de\/wp-json\/wp\/v2\/types\/page"}],"author":[{"embeddable":true,"href":"https:\/\/consfriburgo.esteri.it\/de\/wp-json\/wp\/v2\/users\/7"}],"replies":[{"embeddable":true,"href":"https:\/\/consfriburgo.esteri.it\/de\/wp-json\/wp\/v2\/comments?post=3686"}],"version-history":[{"count":2,"href":"https:\/\/consfriburgo.esteri.it\/de\/wp-json\/wp\/v2\/pages\/3686\/revisions"}],"predecessor-version":[{"id":3692,"href":"https:\/\/consfriburgo.esteri.it\/de\/wp-json\/wp\/v2\/pages\/3686\/revisions\/3692"}],"up":[{"embeddable":true,"href":"https:\/\/consfriburgo.esteri.it\/de\/wp-json\/wp\/v2\/pages\/164"}],"wp:attachment":[{"href":"https:\/\/consfriburgo.esteri.it\/de\/wp-json\/wp\/v2\/media?parent=3686"}],"curies":[{"name":"wp","href":"https:\/\/api.w.org\/{rel}","templated":true}]}}