{"id":5349,"date":"2023-03-29T14:51:58","date_gmt":"2023-03-29T12:51:58","guid":{"rendered":"https:\/\/consfriburgo.esteri.it\/?page_id=5349"},"modified":"2026-03-23T09:53:32","modified_gmt":"2026-03-23T08:53:32","slug":"scheidung","status":"publish","type":"page","link":"https:\/\/consfriburgo.esteri.it\/de\/servizi-consolari-e-visti\/servizi-per-il-cittadino-italiano\/stato-civile\/scheidung\/","title":{"rendered":"Scheidung"},"content":{"rendered":"<p>Die von deutschen Gerichten ausgesprochenen Scheidungsurteile italienischer Staatsangeh\u00f6riger m\u00fcssen in die Eheregister der zust\u00e4ndigen italienischen Gemeinde eingetragen werden.<\/p>\n<p style=\"text-align: center;\">! ACHTUNG !<\/p>\n<p>Im Gegensatz zu den Heiratsurkunden werden die deutschen Scheidungsurteile nicht an die konsularischen Vertretungen weitergeleitet. Der italienische Staatsb\u00fcrger muss daher dem Konsulat die unten aufgef\u00fchrten Unterlagen zukommen lassen. (Gesetz 218\/1995 und EG-Verordnung 2201\/2003)<\/p>\n<p>&nbsp;<\/p>\n<p><strong>I. F\u00fcr Urteile, die ab dem 1. August 2022 erlassen wurden:<br \/>\n<\/strong><\/p>\n<ul>\n<li>Original der Bescheinigung \u00fcber Entscheidungen in Ehesachen gem\u00e4\u00df Art. 36, \u00a7 1a)\u00a0 nach EU-Verordnung Nr. 2019\/1111 vom 25. Juni 2019, ausgestellt vom deutschen Amtsgericht, das das Scheidungsurteil ausgesprochen hat. In dieser Bescheinigung muss das Datum, an dem das Urteil rechtskr\u00e4ftig geworden ist, angegeben sein,<br \/>\nACHTUNG: F\u00fcr die ehemalige Ehefrau muss der M\u00e4dchenname (=\u00a0<em>cognome da nubile<\/em>) angegeben werden;<\/li>\n<li><a href=\"https:\/\/consfriburgo.esteri.it\/wp-content\/uploads\/2026\/03\/richiesta_divorzio_dopo_01_08_2022.pdf\">Antrag auf \u00dcberschreibung<\/a> eines italienischen Ehescheidungsurteils, unterschrieben vom Betroffenen;<\/li>\n<li>Kopie eines Ausweisdokuments;<\/li>\n<\/ul>\n<p><strong> &#8211;&gt;<\/strong> <strong>Bitte senden Sie alle oben genannten Dokumente per Post<\/strong><\/p>\n<p>&nbsp;<\/p>\n<p><strong>II. F\u00fcr Urteile, die NACH dem 10.03.2001 erlassen wurden:<\/strong><\/p>\n<p>Original der Bescheinigung auf der Grundlage von Art. 39 der Verordnung (EG) Nr. 2201\/2003 des Europarates, ausgestellt vom zust\u00e4ndigen deutschen Gericht, das das Urteil erlassen hat. Bitte achten Sie darauf, dass auch der M\u00e4dchenname angegeben ist!<br \/>\nOriginal der Erkl\u00e4rung an Eides statt (ausf\u00fcllen und unterschreiben) <a href=\"https:\/\/consfriburgo.esteri.it\/wp-content\/uploads\/2023\/03\/richiesta_divorzio_dopo_10_03_2001.pdf\">HIER<\/a> erh\u00e4ltlich;<br \/>\nFotokopie des Personalausweises, auf dem sowohl das Foto als auch die Unterschrift zu sehen sind;<\/p>\n<p><strong>\u00a0 \u00a0 \u00a0 \u00a0 \u00a0 \u00a0 \u00a0 \u00a0 \u00a0 \u00a0 \u00a0 \u00a0 \u00a0 \u00a0 \u00a0 \u00a0 \u00a0 \u00a0 \u00a0 \u00a0 \u00a0 \u00a0&#8211;&gt; Bitte senden Sie alle oben genannten Dokumente per Post<\/strong><\/p>\n<p>&nbsp;<\/p>\n<p><strong>III. F\u00fcr Urteile, die VOR dem 10.03.2001 erlassen wurden:<\/strong><\/p>\n<p>Vollst\u00e4ndiges Urteil im Original oder in beglaubigter Kopie (zu erhalten bei dem Gericht, das die Scheidung ausgesprochen hat). Die Kopie muss unbedingt den Vermerk &#8222;res judicata&#8220; (rechtskr\u00e4ftig) zu allen im Urteil aufgez\u00e4hlten Punkten enthalten.<\/p>\n<p>Achtung: Abgek\u00fcrzte Kopien sind nicht ausreichend;<\/p>\n<p>Offizielle \u00dcbersetzung des Urteils durch einen beeidigten \u00dcbersetzer, dessen Unterschrift im Konsulat hinterlegt ist. Die Liste der vereidigten \u00dcbersetzer kann in der Rubrik <a href=\"https:\/\/consfriburgo.esteri.it\/it\/chi-siamo\/la-sede\/modulistica-e-banche-dati\/\">&#8222;Formulare und Datenbanken&#8220;<\/a> eingesehen werden. Die \u00dcbersetzung muss dem Urteil mit dem Stempel des \u00dcbersetzers beigef\u00fcgt werden.<br \/>\nF\u00fcr die Legalisierung der Unterschrift des vereidigten \u00dcbersetzers wird eine Geb\u00fchr von 24,00 Euro erhoben. Der Betrag muss an dieses Konsulat per Bank\u00fcberweisung (BARZAHLUNG NICHT ANGENOMMEN) an die IBAN DE73680700240065192703 (Deutsche Bank Freiburg), ausgestellt auf das italienische Konsulat, gezahlt werden. BITTE GEBEN SIE IM VERWENDUNGSZWECK IHREN VOR- UND NACHNAMEN SOWIE IHR GEBURTSDATUM AN. Eine Kopie der Zahlung muss den Unterlagen beigef\u00fcgt werden.<br \/>\nErkl\u00e4rung anstelle der eidesstattlichen Versicherung, die <a href=\"https:\/\/consfriburgo.esteri.it\/wp-content\/uploads\/2023\/03\/richiesta_divorzio_dopo_10_03_2001.pdf\">HIER<\/a> ausgef\u00fcllt und unterschrieben werden kann;<br \/>\nFotokopie des Ausweises, auf dem sowohl Foto als auch Unterschrift erscheinen<\/p>\n<p style=\"text-align: center;\"><strong>&#8211;&gt; Bitte senden Sie alle oben genannten Dokumente per Post<\/strong><\/p>\n<p>&nbsp;<\/p>\n","protected":false},"excerpt":{"rendered":"Die von deutschen Gerichten ausgesprochenen Scheidungsurteile italienischer Staatsangeh\u00f6riger m\u00fcssen in die Eheregister der zust\u00e4ndigen italienischen Gemeinde eingetragen werden. ! ACHTUNG ! Im Gegensatz zu den Heiratsurkunden werden die deutschen Scheidungsurteile nicht an die konsularischen Vertretungen weitergeleitet. Der italienische Staatsb\u00fcrger muss daher dem Konsulat die unten aufgef\u00fchrten Unterlagen zukommen lassen. (Gesetz 218\/1995 und EG-Verordnung 2201\/2003) &nbsp; [&hellip;]","protected":false},"author":7,"featured_media":0,"parent":1038,"menu_order":2,"comment_status":"closed","ping_status":"closed","template":"","meta":{"footnotes":""},"class_list":["post-5349","page","type-page","status-publish","hentry"],"_links":{"self":[{"href":"https:\/\/consfriburgo.esteri.it\/de\/wp-json\/wp\/v2\/pages\/5349","targetHints":{"allow":["GET"]}}],"collection":[{"href":"https:\/\/consfriburgo.esteri.it\/de\/wp-json\/wp\/v2\/pages"}],"about":[{"href":"https:\/\/consfriburgo.esteri.it\/de\/wp-json\/wp\/v2\/types\/page"}],"author":[{"embeddable":true,"href":"https:\/\/consfriburgo.esteri.it\/de\/wp-json\/wp\/v2\/users\/7"}],"replies":[{"embeddable":true,"href":"https:\/\/consfriburgo.esteri.it\/de\/wp-json\/wp\/v2\/comments?post=5349"}],"version-history":[{"count":6,"href":"https:\/\/consfriburgo.esteri.it\/de\/wp-json\/wp\/v2\/pages\/5349\/revisions"}],"predecessor-version":[{"id":15247,"href":"https:\/\/consfriburgo.esteri.it\/de\/wp-json\/wp\/v2\/pages\/5349\/revisions\/15247"}],"up":[{"embeddable":true,"href":"https:\/\/consfriburgo.esteri.it\/de\/wp-json\/wp\/v2\/pages\/1038"}],"wp:attachment":[{"href":"https:\/\/consfriburgo.esteri.it\/de\/wp-json\/wp\/v2\/media?parent=5349"}],"curies":[{"name":"wp","href":"https:\/\/api.w.org\/{rel}","templated":true}]}}