{"id":943,"date":"2023-03-01T13:54:41","date_gmt":"2023-03-01T12:54:41","guid":{"rendered":"https:\/\/consfriburgo.esteri.it\/ice-locale\/"},"modified":"2023-11-28T13:54:16","modified_gmt":"2023-11-28T12:54:16","slug":"ice-locale","status":"publish","type":"page","link":"https:\/\/consfriburgo.esteri.it\/de\/italia-e-germania\/diplomazia-economica\/fare-affari-in-germania\/sportello-unico\/ice-locale\/","title":{"rendered":"\u00d6rtliches ICE-B\u00fcro"},"content":{"rendered":"<p style=\"text-align: justify;\"><strong>ICE-B\u00fcro Berlin<\/strong><\/p>\n<p style=\"text-align: justify;\">Die Italienische Agentur f\u00fcr Au\u00dfenhandel ist in Deutschland mit einem B\u00fcro in Berlin vertreten. Es ist als \u201cHandelsf\u00f6rderungsabteilung\u201d der Italienischen Botschaft Berlin in das Netz der Botschaften und Konsulate integriert<\/p>\n<p style=\"text-align: justify;\"><strong><em>ICE \u2013 ITALIENISCHE AGENTUR F\u00dcR AUSSENHANDEL<\/em><\/strong><br \/>\nSCHL\u00dcTERSTRASSE 39<br \/>\n10629 BERLIN<br \/>\nE-Mail:\u00a0<a href=\"mailto:berlino@ice.it\">berlino@ice.it<\/a><\/p>\n<p>Tel: (004930) 8844030 &#8211; Fax: (004930) 88440310<\/p>\n<p>&nbsp;<\/p>\n","protected":false},"excerpt":{"rendered":"ICE-B\u00fcro Berlin Die Italienische Agentur f\u00fcr Au\u00dfenhandel ist in Deutschland mit einem B\u00fcro in Berlin vertreten. Es ist als \u201cHandelsf\u00f6rderungsabteilung\u201d der Italienischen Botschaft Berlin in das Netz der Botschaften und Konsulate integriert ICE \u2013 ITALIENISCHE AGENTUR F\u00dcR AUSSENHANDEL SCHL\u00dcTERSTRASSE 39 10629 BERLIN E-Mail:\u00a0berlino@ice.it Tel: (004930) 8844030 &#8211; Fax: (004930) 88440310 &nbsp;","protected":false},"author":7,"featured_media":0,"parent":947,"menu_order":0,"comment_status":"closed","ping_status":"closed","template":"","meta":{"footnotes":""},"class_list":["post-943","page","type-page","status-publish","hentry"],"_links":{"self":[{"href":"https:\/\/consfriburgo.esteri.it\/de\/wp-json\/wp\/v2\/pages\/943","targetHints":{"allow":["GET"]}}],"collection":[{"href":"https:\/\/consfriburgo.esteri.it\/de\/wp-json\/wp\/v2\/pages"}],"about":[{"href":"https:\/\/consfriburgo.esteri.it\/de\/wp-json\/wp\/v2\/types\/page"}],"author":[{"embeddable":true,"href":"https:\/\/consfriburgo.esteri.it\/de\/wp-json\/wp\/v2\/users\/7"}],"replies":[{"embeddable":true,"href":"https:\/\/consfriburgo.esteri.it\/de\/wp-json\/wp\/v2\/comments?post=943"}],"version-history":[{"count":3,"href":"https:\/\/consfriburgo.esteri.it\/de\/wp-json\/wp\/v2\/pages\/943\/revisions"}],"predecessor-version":[{"id":4150,"href":"https:\/\/consfriburgo.esteri.it\/de\/wp-json\/wp\/v2\/pages\/943\/revisions\/4150"}],"up":[{"embeddable":true,"href":"https:\/\/consfriburgo.esteri.it\/de\/wp-json\/wp\/v2\/pages\/947"}],"wp:attachment":[{"href":"https:\/\/consfriburgo.esteri.it\/de\/wp-json\/wp\/v2\/media?parent=943"}],"curies":[{"name":"wp","href":"https:\/\/api.w.org\/{rel}","templated":true}]}}