{"id":954,"date":"2023-02-23T16:36:19","date_gmt":"2023-02-23T15:36:19","guid":{"rendered":"https:\/\/consfriburgo.esteri.it\/italia-e-germania\/diplomazia-economica\/fare-affari-in-italia\/"},"modified":"2023-11-28T14:02:02","modified_gmt":"2023-11-28T13:02:02","slug":"fare-affari-in-italia","status":"publish","type":"page","link":"https:\/\/consfriburgo.esteri.it\/de\/italia-e-germania\/diplomazia-economica\/fare-affari-in-italia\/","title":{"rendered":"Gesch\u00e4fte in Italien t\u00e4tigen"},"content":{"rendered":"<p>Neuigkeiten im Bereich Steuern f\u00fcr neu Ans\u00e4ssige in Italien<\/p>\n<ol>\n<li><a href=\"https:\/\/consfriburgo.esteri.it\/wp-content\/uploads\/2023\/05\/novit__normative_attrazione_fisco_06feb17.pdf\">Pressemitteilung_Flat &#8211; tax_neoresidents<\/a><\/li>\n<li><a href=\"https:\/\/consfriburgo.esteri.it\/wp-content\/uploads\/2023\/05\/novit__normative_attrazione_fisco_06feb17.pdf\">Regulatorische nachrichten FISCAL attraktion<\/a><\/li>\n<\/ol>\n<p>&nbsp;<\/p>\n<h5 style=\"text-align: justify;\">Das Unternehmensregister:<\/h5>\n<p style=\"text-align: justify;\">Das Portal von Infocamere, der Gesellschaft des Handelskammersystems, die das Unternehmensregister verwaltet, <a href=\"http:\/\/www.registroimprese.it\">www.registroimprese.it<\/a>, das einen Webzugang zu den Informationen des Unternehmensregisters, des Widerspruchsregisters und der Datenbank f\u00fcr Patente und Marken sowie zu den Unternehmensregistern anderer EU-L\u00e4nder bietet.<\/p>\n","protected":false},"excerpt":{"rendered":"Neuigkeiten im Bereich Steuern f\u00fcr neu Ans\u00e4ssige in Italien Pressemitteilung_Flat &#8211; tax_neoresidents Regulatorische nachrichten FISCAL attraktion &nbsp; Das Unternehmensregister: Das Portal von Infocamere, der Gesellschaft des Handelskammersystems, die das Unternehmensregister verwaltet, www.registroimprese.it, das einen Webzugang zu den Informationen des Unternehmensregisters, des Widerspruchsregisters und der Datenbank f\u00fcr Patente und Marken sowie zu den Unternehmensregistern anderer EU-L\u00e4nder [&hellip;]","protected":false},"author":3,"featured_media":0,"parent":156,"menu_order":4,"comment_status":"closed","ping_status":"closed","template":"","meta":{"footnotes":""},"class_list":["post-954","page","type-page","status-publish","hentry"],"_links":{"self":[{"href":"https:\/\/consfriburgo.esteri.it\/de\/wp-json\/wp\/v2\/pages\/954","targetHints":{"allow":["GET"]}}],"collection":[{"href":"https:\/\/consfriburgo.esteri.it\/de\/wp-json\/wp\/v2\/pages"}],"about":[{"href":"https:\/\/consfriburgo.esteri.it\/de\/wp-json\/wp\/v2\/types\/page"}],"author":[{"embeddable":true,"href":"https:\/\/consfriburgo.esteri.it\/de\/wp-json\/wp\/v2\/users\/3"}],"replies":[{"embeddable":true,"href":"https:\/\/consfriburgo.esteri.it\/de\/wp-json\/wp\/v2\/comments?post=954"}],"version-history":[{"count":3,"href":"https:\/\/consfriburgo.esteri.it\/de\/wp-json\/wp\/v2\/pages\/954\/revisions"}],"predecessor-version":[{"id":4159,"href":"https:\/\/consfriburgo.esteri.it\/de\/wp-json\/wp\/v2\/pages\/954\/revisions\/4159"}],"up":[{"embeddable":true,"href":"https:\/\/consfriburgo.esteri.it\/de\/wp-json\/wp\/v2\/pages\/156"}],"wp:attachment":[{"href":"https:\/\/consfriburgo.esteri.it\/de\/wp-json\/wp\/v2\/media?parent=954"}],"curies":[{"name":"wp","href":"https:\/\/api.w.org\/{rel}","templated":true}]}}