{"id":11,"date":"2023-02-22T15:25:55","date_gmt":"2023-02-22T14:25:55","guid":{"rendered":"https:\/\/consfriburgo.esteri.it\/?page_id=11"},"modified":"2025-12-01T14:27:28","modified_gmt":"2025-12-01T13:27:28","slug":"chi-siamo","status":"publish","type":"page","link":"https:\/\/consfriburgo.esteri.it\/it\/chi-siamo\/","title":{"rendered":"Chi siamo"},"content":{"rendered":"<p style=\"text-align: justify;\"><img loading=\"lazy\" decoding=\"async\" class=\"wp-image-2784 img-fluid\" src=\"https:\/\/consfriburgo.esteri.it\/wp-content\/uploads\/2023\/10\/WhatsApp-Image-2023-10-10-at-10.41.15-205x300.jpeg\" alt=\"\" width=\"331\" height=\"484\" srcset=\"https:\/\/consfriburgo.esteri.it\/wp-content\/uploads\/2023\/10\/WhatsApp-Image-2023-10-10-at-10.41.15-205x300.jpeg 205w, https:\/\/consfriburgo.esteri.it\/wp-content\/uploads\/2023\/10\/WhatsApp-Image-2023-10-10-at-10.41.15.jpeg 698w\" sizes=\"auto, (max-width: 331px) 100vw, 331px\" \/><\/p>\n<p style=\"text-align: justify;\"><strong>La sede del Consolato d&#8217;Italia a Friburgo in Brisgovia<\/strong><\/p>\n<p style=\"text-align: justify;\">Augustinerplatz 2<br \/>\nD-79098 &#8211; Freiburg im Breisgau<\/p>\n<p>&nbsp;<\/p>\n<p>&nbsp;<\/p>\n<p style=\"text-align: center;\"><strong>Benvenuti<\/strong><strong> sul sito ufficiale del Consolato d\u2019Italia a Friburgo in Brisgovia<\/strong><\/p>\n<p style=\"text-align: justify;\">L\u2019Ufficio Consolare Italiano a Friburgo in Brisgovia garantisce ed eroga tutte le informazioni ed i servizi necessari alla comunit\u00e0 italiana, composta da circa 61.875 connazionali di cui circa la met\u00e0 fa parte della fascia under 35. Si trova nel centro della citt\u00e0 tedesca e compete per diverse citt\u00e0 della regione del Baden-W\u00fcrtemmberg, raccogliendo un\u2019area che parte da Ortenaukreis a nord-ovest, passando per Rottweil ed infine fino a Costanza a sud-est. Il Consolato d\u2019Italia a Friburgo in Brisgovia si inserisce nella rete capillare dei Consolati d\u2019Italia che fa capo all\u2019Ambasciata di Berlino.<\/p>\n<p>&nbsp;<\/p>\n<p style=\"text-align: justify;\">Gli uffici consolari sono aperti al pubblico nei seguenti orari:<\/p>\n<table>\n<tbody>\n<tr>\n<td width=\"208\"><\/td>\n<td style=\"text-align: center;\" width=\"208\"><strong>Mattina<\/strong><\/td>\n<td style=\"text-align: center;\" width=\"208\"><strong>Pomeriggio<\/strong><\/td>\n<\/tr>\n<tr>\n<td width=\"208\">\n<p style=\"text-align: center;\"><b>Luned\u00ec<\/b><\/p>\n<\/td>\n<td style=\"text-align: center;\" width=\"208\">Dalle 9.00 alle 12.15<\/td>\n<td style=\"text-align: center;\" width=\"208\">Dalle 14.00 alle 17.00<\/td>\n<\/tr>\n<tr>\n<td width=\"208\">\n<p style=\"text-align: center;\"><b>Marted\u00ec<\/b><\/p>\n<\/td>\n<td width=\"208\">\n<p style=\"text-align: center;\">Dalle 9.00 alle 12.15<\/p>\n<\/td>\n<td width=\"208\"><\/td>\n<\/tr>\n<tr>\n<td width=\"208\">\n<p style=\"text-align: center;\"><b>Mercoled\u00ec*<\/b><\/p>\n<\/td>\n<td style=\"text-align: center;\" width=\"208\">Dalle 9.00 alle 9.45<\/p>\n<p>Riservato over 65 e disabili. Presentarsi esclusivamente alle ore 9 e comunicare l&#8217;appuntamento almeno dieci giorni prima a friburgo.assistente@esteri.it<\/td>\n<td width=\"208\">\n<p style=\"text-align: center;\">Dalle 14.00 alle 17.00<\/p>\n<\/td>\n<\/tr>\n<tr>\n<td style=\"text-align: center;\" width=\"208\"><b>Gioved\u00ec<\/b><\/td>\n<td width=\"208\">\n<p style=\"text-align: center;\">Dalle 9.00 alle 12.15<\/p>\n<\/td>\n<td width=\"208\"><\/td>\n<\/tr>\n<tr>\n<td style=\"text-align: center;\" width=\"208\"><b>Venerd\u00ec<\/b><\/td>\n<td style=\"text-align: center;\" width=\"208\">Dalle 9.00 alle 12.15<\/td>\n<td width=\"208\">\n<p style=\"text-align: center;\">\n<\/td>\n<\/tr>\n<\/tbody>\n<\/table>\n<p style=\"text-align: justify;\">*La nostra &#8220;<strong>SENIORENSPRECHSTUNDE<\/strong>&#8221; \u00e8 accessibile a partire dai 65 ANNI e ai CONNAZIONALI CON DISABILIT\u00c0, che potranno recarsi in Consolato senza appuntamento il mercoled\u00ec mattina alle ore 9.00 per il rinnovo del Passaporto e della Carta d\u2019identit\u00e0 elettronica.<\/p>\n<p style=\"text-align: justify;\">Le informazioni pubblicate vengono costantemente aggiornate, per cui vi consigliamo di <strong>consultare questo sito prima di contattare telefonicamente o via e-mail gli Uffici, \u00e8 il modo pi\u00f9 semplice e veloce per richiedere il servizio consolare necessario.<\/strong><\/p>\n<p>&nbsp;<\/p>\n<p style=\"text-align: justify;\"><strong>Gli uffici del Consolato resteranno chiusi nei giorni festivi indicati nel seguente prospetto:\u00a0<\/strong><\/p>\n<div id=\"container--object-362e482c-7a58-4f07-b9a3-a8f26543c3fd\" class=\"pikto-obj\" data-v-5719b8ce=\"\" data-v-117b16f6=\"\">\n<div class=\"container--group\" data-v-7498f2bb=\"\" data-v-5719b8ce=\"\">\n<div id=\"container--object-957c01ec-4829-4370-8d0f-9825d7b73930\" class=\"pikto-obj\" style=\"text-align: justify;\" data-v-5719b8ce=\"\" data-v-7498f2bb=\"\">\n<div id=\"prosemirror-rich-text-957c01ec-4829-4370-8d0f-9825d7b73930\" class=\"pikto-rich-text pikto-obj-rich-text\" style=\"text-align: justify;\" data-v-7db2abc4=\"\" data-v-5719b8ce=\"\"><strong>Chiusure annuali 2025<\/strong><\/div>\n<\/div>\n<div id=\"container--object-d5c1323f-0778-4fb4-acc9-83db15391952\" class=\"pikto-obj\" style=\"text-align: justify;\" data-v-5719b8ce=\"\" data-v-7498f2bb=\"\">\n<div id=\"prosemirror-rich-text-d5c1323f-0778-4fb4-acc9-83db15391952\" class=\"pikto-rich-text pikto-obj-rich-text\" data-v-7db2abc4=\"\" data-v-5719b8ce=\"\">\n<div data-v-7db2abc4=\"\" data-v-5719b8ce=\"\">Mercoled\u00ec 1\u00b0 gennaio \u2013 Capodanno<\/div>\n<div data-v-7db2abc4=\"\" data-v-5719b8ce=\"\">Venerd\u00ec 18\u00b0 aprile \u2013 Venerd\u00ec Santo<br \/>\nLuned\u00ec 21\u00b0 aprile \u2013 Luned\u00ec dell\u2019Angelo<br \/>\nVenerd\u00ec 25\u00b0 aprile \u2013 Festa della Liberazione<\/div>\n<div data-v-7db2abc4=\"\" data-v-5719b8ce=\"\">Gioved\u00ec 1\u00b0 maggio \u2013 Festa del Lavoro<\/div>\n<div data-v-7db2abc4=\"\" data-v-5719b8ce=\"\">Luned\u00ec 2\u00b0 giugno \u2013 Festa della Repubblica<\/div>\n<div data-v-7db2abc4=\"\" data-v-5719b8ce=\"\">Luned\u00ec 9\u00b0 giugno \u2013 Luned\u00ec di Pentecoste<\/div>\n<div data-v-7db2abc4=\"\" data-v-5719b8ce=\"\">Venerd\u00ec 3\u00b0 ottobre \u2013 Festa dell\u2019Unit\u00e0 tedesca<br \/>\nSabato 1\u00b0 novembre \u2013 Ognissanti<br \/>\nGioved\u00ec 25\u00b0 dicembre \u2013 Natale<br \/>\nVenerd\u00ec 26\u00b0 dicembre \u2013 Santo Stefano<\/div>\n<\/div>\n<\/div>\n<\/div>\n<\/div>\n<div data-v-7db2abc4=\"\" data-v-5719b8ce=\"\"><\/div>\n<div id=\"container--object-362e482c-7a58-4f07-b9a3-a8f26543c3fd\" class=\"pikto-obj\" data-v-5719b8ce=\"\" data-v-117b16f6=\"\">\n<div class=\"container--group\" data-v-7498f2bb=\"\" data-v-5719b8ce=\"\">\n<div id=\"container--object-cbebfc89-4486-48f2-b6a1-e0b17f6a0f6e\" class=\"pikto-obj\" style=\"text-align: justify;\" data-v-5719b8ce=\"\" data-v-7498f2bb=\"\">\n<div id=\"prosemirror-rich-text-cbebfc89-4486-48f2-b6a1-e0b17f6a0f6e\" class=\"pikto-rich-text pikto-obj-rich-text\" data-v-7db2abc4=\"\" data-v-5719b8ce=\"\">\n<div id=\"container--object-957c01ec-4829-4370-8d0f-9825d7b73930\" class=\"pikto-obj\" style=\"text-align: justify;\" data-v-5719b8ce=\"\" data-v-7498f2bb=\"\">\n<div data-v-7db2abc4=\"\" data-v-5719b8ce=\"\"><\/div>\n<div id=\"prosemirror-rich-text-957c01ec-4829-4370-8d0f-9825d7b73930\" class=\"pikto-rich-text pikto-obj-rich-text\" style=\"text-align: justify;\" data-v-7db2abc4=\"\" data-v-5719b8ce=\"\"><strong>Chiusure annuali 2026<\/strong><\/div>\n<\/div>\n<div id=\"container--object-d5c1323f-0778-4fb4-acc9-83db15391952\" class=\"pikto-obj\" style=\"text-align: justify;\" data-v-5719b8ce=\"\" data-v-7498f2bb=\"\">\n<div id=\"prosemirror-rich-text-d5c1323f-0778-4fb4-acc9-83db15391952\" class=\"pikto-rich-text pikto-obj-rich-text\" data-v-7db2abc4=\"\" data-v-5719b8ce=\"\">\n<div data-v-7db2abc4=\"\" data-v-5719b8ce=\"\">Gioved\u00ec 1\u00b0 gennaio \u2013 Capodanno<\/div>\n<div data-v-7db2abc4=\"\" data-v-5719b8ce=\"\">Venerd\u00ec 3\u00b0 aprile \u2013 Venerd\u00ec Santo<\/div>\n<div data-v-7db2abc4=\"\" data-v-5719b8ce=\"\">Luned\u00ec 6\u00b0 aprile \u2013 Luned\u00ec dell&#8217;Angelo<br \/>\nSabato 25\u00b0 aprile \u2013 Festa della Liberazione<\/div>\n<div data-v-7db2abc4=\"\" data-v-5719b8ce=\"\">Venerd\u00ec 1\u00b0 maggio \u2013 Festa del Lavoro<\/div>\n<div data-v-7db2abc4=\"\" data-v-5719b8ce=\"\">Luned\u00ec 25\u00b0 maggio \u2013 Luned\u00ec di Pentecoste<\/div>\n<div data-v-7db2abc4=\"\" data-v-5719b8ce=\"\">Marted\u00ec 2\u00b0 giugno \u2013 Festa della Repubblica<\/div>\n<div data-v-7db2abc4=\"\" data-v-5719b8ce=\"\">Sabato 3\u00b0 ottobre \u2013 Festa dell\u2019Unit\u00e0 tedesca<br \/>\nDomenica 1\u00b0 novembre \u2013 Ognissanti<br \/>\nVenerd\u00ec 25\u00b0 dicembre \u2013 Natale<br \/>\nSabato 26\u00b0 dicembre \u2013 Santo Stefano<\/div>\n<\/div>\n<\/div>\n<\/div>\n<\/div>\n<div id=\"container--object-7dd9e74a-4da9-4f84-83c5-83548c97c946\" class=\"pikto-obj\" data-v-5719b8ce=\"\" data-v-7498f2bb=\"\">\n<div id=\"prosemirror-rich-text-7dd9e74a-4da9-4f84-83c5-83548c97c946\" class=\"pikto-rich-text pikto-obj-rich-text\" style=\"text-align: justify;\" data-v-7db2abc4=\"\" data-v-5719b8ce=\"\"><\/div>\n<\/div>\n<div id=\"container--object-8938c791-33f6-420b-82bb-1dfdd3f24ce6\" class=\"pikto-obj\" data-v-5719b8ce=\"\" data-v-7498f2bb=\"\">\n<div id=\"prosemirror-rich-text-8938c791-33f6-420b-82bb-1dfdd3f24ce6\" class=\"pikto-rich-text pikto-obj-rich-text\" data-v-7db2abc4=\"\" data-v-5719b8ce=\"\"><\/div>\n<\/div>\n<div id=\"container--object-c27b0714-b874-4329-9585-44884b15b950\" class=\"pikto-obj\" data-v-5719b8ce=\"\" data-v-7498f2bb=\"\">\n<div id=\"prosemirror-rich-text-c27b0714-b874-4329-9585-44884b15b950\" class=\"pikto-rich-text pikto-obj-rich-text\" data-v-7db2abc4=\"\" data-v-5719b8ce=\"\"><\/div>\n<\/div>\n<\/div>\n<\/div>\n","protected":false},"excerpt":{"rendered":"La sede del Consolato d&#8217;Italia a Friburgo in Brisgovia Augustinerplatz 2 D-79098 &#8211; Freiburg im Breisgau &nbsp; &nbsp; Benvenuti sul sito ufficiale del Consolato d\u2019Italia a Friburgo in Brisgovia L\u2019Ufficio Consolare Italiano a Friburgo in Brisgovia garantisce ed eroga tutte le informazioni ed i servizi necessari alla comunit\u00e0 italiana, composta da circa 61.875 connazionali di [&hellip;]","protected":false},"author":1,"featured_media":0,"parent":0,"menu_order":2,"comment_status":"closed","ping_status":"closed","template":"","meta":{"footnotes":""},"class_list":["post-11","page","type-page","status-publish","hentry"],"_links":{"self":[{"href":"https:\/\/consfriburgo.esteri.it\/it\/wp-json\/wp\/v2\/pages\/11","targetHints":{"allow":["GET"]}}],"collection":[{"href":"https:\/\/consfriburgo.esteri.it\/it\/wp-json\/wp\/v2\/pages"}],"about":[{"href":"https:\/\/consfriburgo.esteri.it\/it\/wp-json\/wp\/v2\/types\/page"}],"author":[{"embeddable":true,"href":"https:\/\/consfriburgo.esteri.it\/it\/wp-json\/wp\/v2\/users\/1"}],"replies":[{"embeddable":true,"href":"https:\/\/consfriburgo.esteri.it\/it\/wp-json\/wp\/v2\/comments?post=11"}],"version-history":[{"count":7,"href":"https:\/\/consfriburgo.esteri.it\/it\/wp-json\/wp\/v2\/pages\/11\/revisions"}],"predecessor-version":[{"id":14648,"href":"https:\/\/consfriburgo.esteri.it\/it\/wp-json\/wp\/v2\/pages\/11\/revisions\/14648"}],"wp:attachment":[{"href":"https:\/\/consfriburgo.esteri.it\/it\/wp-json\/wp\/v2\/media?parent=11"}],"curies":[{"name":"wp","href":"https:\/\/api.w.org\/{rel}","templated":true}]}}