{"id":1112,"date":"2023-05-12T10:36:35","date_gmt":"2023-05-12T08:36:35","guid":{"rendered":"https:\/\/consfriburgo.esteri.it\/?page_id=1112"},"modified":"2023-10-17T14:40:49","modified_gmt":"2023-10-17T12:40:49","slug":"carta-didentita-informazione-e-tuttorial-appuntamento-c-i-e","status":"publish","type":"page","link":"https:\/\/consfriburgo.esteri.it\/it\/servizi-consolari-e-visti\/servizi-per-il-cittadino-italiano\/carta-didentita-elettronica-e-passaporti\/carta-di-identita\/carta-didentita-informazione-e-tuttorial-appuntamento-c-i-e\/","title":{"rendered":"CARTA D&#8217;IDENTIT\u00c0 &#8211; Tutorial Appuntamento C.I.E."},"content":{"rendered":"<p><strong>\u00a0 <\/strong>VIDEO TUTORIAL APPUNTAMENTO C.I.E.<\/p>\n<p>https:\/\/youtu.be\/7Z0tvnej_JM<\/p>\n<p>&nbsp;<\/p>\n<p style=\"text-align: center;\"><strong>Si informa che le carte di identit\u00e0 cartacee emesse dalle Autorit\u00e0 italiane e non ancora scadute conservano la loro validit\u00e0 sino alla scadenza naturale\u00a0<\/strong><\/p>\n","protected":false},"excerpt":{"rendered":"\u00a0 VIDEO TUTORIAL APPUNTAMENTO C.I.E. https:\/\/youtu.be\/7Z0tvnej_JM &nbsp; Si informa che le carte di identit\u00e0 cartacee emesse dalle Autorit\u00e0 italiane e non ancora scadute conservano la loro validit\u00e0 sino alla scadenza naturale\u00a0","protected":false},"author":7,"featured_media":0,"parent":483,"menu_order":0,"comment_status":"closed","ping_status":"closed","template":"","meta":{"footnotes":""},"class_list":["post-1112","page","type-page","status-publish","hentry"],"_links":{"self":[{"href":"https:\/\/consfriburgo.esteri.it\/it\/wp-json\/wp\/v2\/pages\/1112","targetHints":{"allow":["GET"]}}],"collection":[{"href":"https:\/\/consfriburgo.esteri.it\/it\/wp-json\/wp\/v2\/pages"}],"about":[{"href":"https:\/\/consfriburgo.esteri.it\/it\/wp-json\/wp\/v2\/types\/page"}],"author":[{"embeddable":true,"href":"https:\/\/consfriburgo.esteri.it\/it\/wp-json\/wp\/v2\/users\/7"}],"replies":[{"embeddable":true,"href":"https:\/\/consfriburgo.esteri.it\/it\/wp-json\/wp\/v2\/comments?post=1112"}],"version-history":[{"count":6,"href":"https:\/\/consfriburgo.esteri.it\/it\/wp-json\/wp\/v2\/pages\/1112\/revisions"}],"predecessor-version":[{"id":2949,"href":"https:\/\/consfriburgo.esteri.it\/it\/wp-json\/wp\/v2\/pages\/1112\/revisions\/2949"}],"up":[{"embeddable":true,"href":"https:\/\/consfriburgo.esteri.it\/it\/wp-json\/wp\/v2\/pages\/483"}],"wp:attachment":[{"href":"https:\/\/consfriburgo.esteri.it\/it\/wp-json\/wp\/v2\/media?parent=1112"}],"curies":[{"name":"wp","href":"https:\/\/api.w.org\/{rel}","templated":true}]}}