{"id":14390,"date":"2025-11-05T16:00:45","date_gmt":"2025-11-05T15:00:45","guid":{"rendered":"https:\/\/consfriburgo.esteri.it\/?page_id=14390"},"modified":"2025-11-05T16:00:45","modified_gmt":"2025-11-05T15:00:45","slug":"cittadinanza-riacquisto-della-cittadinanza-italiana-ex-art-17-l-91-1992","status":"publish","type":"page","link":"https:\/\/consfriburgo.esteri.it\/it\/servizi-consolari-e-visti\/servizi-per-il-cittadino-straniero\/cittadinanza\/cittadinanza-riacquisto-della-cittadinanza-italiana-ex-art-17-l-91-1992\/","title":{"rendered":"CITTADINANZA &#8211; Riacquisto della cittadinanza italiana ex art. 17 L. 91\/1992"},"content":{"rendered":"<p>La legge n. 74 del 23 maggio 2025 ha riaperto i termini per il riacquisto della cittadinanza a favore di ex cittadini\u00a0<strong><u>nati in Italia<\/u>\u00a0o che sono stati\u00a0residenti in Italia\u00a0per almeno due anni continuativi\u00a0e che abbiano perso la cittadinanza non oltre il 15 agosto 1992\u00a0<\/strong>in applicazione dell\u2019articolo 8, n. 1 e n. 2, o dell\u2019articolo 12 della legge n. 555 del 1912, e cio\u00e8 per coloro che:<\/p>\n<ol>\n<li>hanno\u00a0volontariamente acquistato una cittadinanza straniera non oltre il 15 agosto 1992 e stabilito all\u2019estero la propria residenza\u00a0(articolo 8, numero 1\u00b0, della legge n. 555\/1912);<\/li>\n<li>avendo acquistato senza concorso di volont\u00e0 propria una cittadinanza straniera, hanno\u00a0rinunciato alla cittadinanza italiana e hanno stabilito la propria residenza all\u2019estero\u00a0(articolo 8, numero 2\u00b0, della legge n. 555\/1912);<\/li>\n<li>essendo figli minori non emancipati di chi ha perso la cittadinanza,\u00a0avevano in comune con il genitore la residenza e hanno acquistato la cittadinanza di uno Stato straniero\u00a0(articolo 12 della legge n. 555\/1912).<\/li>\n<\/ol>\n<p>La possibilit\u00e0 di riacquisto\u00a0<strong>non\u00a0si applica:<\/strong><\/p>\n<ol>\n<li>ex cittadini\u00a0nati all\u2019estero che non sono stati residenti in Italia per almeno due anni continuativi;<\/li>\n<li>a coloro che\u00a0hanno rinunciato alla cittadinanza italiana (o che l\u2019hanno persa per altro motivo)\u00a0a partire dal 16 agosto 1992;<\/li>\n<li>chi ha perso la cittadinanza nei\u00a0casi previsti dall\u2019articolo 8, numero 3\u00b0 della L. 555\/1912\u00a0(colui che, \u201cavendo accettato impiego da un Governo estero od essendo entrato al servizio militare di potenza estera, vi persista nonostante l\u2019intimazione del Governo italiano di abbandonare entro un termine fissato l\u2019impiego o il servizio\u201d);<\/li>\n<li>chi\u00a0non ha esercitato l\u2019opzione\u00a0prevista dall\u2019articolo 5, secondo comma, della legge n. 123\/1983 (figlio minorenne, anche adottivo, di padre cittadino o di madre cittadina che, in caso di doppia cittadinanza, poteva optare per una sola cittadinanza entro un anno dal raggiungimento della maggiore et\u00e0).<\/li>\n<\/ol>\n<p>Le dichiarazioni di riacquisto potranno essere presentate\u00a0<strong><u>tra il 1 luglio 2025 e il 31 dicembre 2027<\/u><\/strong>, e devono essere rese personalmente dall\u2019interessato di fronte all\u2019Ufficiale di stato civile del Consolato.<\/p>\n<p>&nbsp;<\/p>\n<h6><\/h6>\n<h6>MODALIT\u00c0 DI PRESENTAZIONE DELLA DICHIARAZIONE.<\/h6>\n<p>Prima di rendere la dichiarazione, l\u2019interessato deve:<\/p>\n<p>a)\u00a0<strong>prenotare un appuntamento<\/strong> scrivendo una mail all\u2019indirizzo\u00a0friburgo.cittadinanza@esteri.it;<\/p>\n<p>b)\u00a0<strong>identificarsi<\/strong>\u00a0mediante valido documento di identit\u00e0 emesso dall\u2019autorit\u00e0 del Paese di attuale cittadinanza;<\/p>\n<p>c)\u00a0<strong>dimostrare, con documentazione completa e autentica<\/strong>:<\/p>\n<p>i. le proprie\u00a0generalit\u00e0 complete\u00a0(mediante certificato di nascita, che nel caso di nati all\u2019estero dovr\u00e0 essere presentato nelle forme previste per la trascrizione in Italia, legalizzato e tradotto);<\/p>\n<p>ii. solo\u00a0per i nati all\u2019estero, la residenza in Italia per almeno due anni continuativi\u00a0(mediante certificato storico di residenza);<\/p>\n<p>iii. il\u00a0precedente possesso della cittadinanza italiana\u00a0(mediante certificato storico di cittadinanza);<\/p>\n<p>iv. la\u00a0causa della perdita della cittadinanza\u00a0(mediante documentazione atta a dimostrare l\u2019acquisto della cittadinanza straniera e, nei casi previsti, la rinuncia a quella italiana: certificato di naturalizzazione (in Germania la\u00a0<em>Einb\u00fcrgerungsurkunde<\/em>) oppure, se previsto dalla prassi locale, certificato di nascita corredato della certificazione di cittadinanza e del titolo al quale essa \u00e8 acquisita; la documentazione emessa da Autorit\u00e0 straniere dovr\u00e0 essere opportunamente legalizzata e tradotta);<\/p>\n<p>v. la\u00a0data di decorrenza di tale perdita\u00a0(generalmente, mediante la documentazione di cui al punto iv).<\/p>\n<p><strong>Non \u00e8 possibile ricorrere all\u2019utilizzo delle dichiarazioni sostitutive di cui agli articoli 46 e 47 del D.P.R. 28 dicembre 2000, n. 445;<\/strong><\/p>\n<p>d) pagare il\u00a0<strong>diritto consolare<\/strong>\u00a0pari ad\u00a0<strong>euro 250,00<\/strong> di cui al nuovo articolo 7-ter della tabella allegata al decreto legislativo n. 71\/2011. La tariffa pu\u00f2 essere corrisposta con bonifico bancario sul c\/c di questo Consolato.<\/p>\n<p>IBAN: DE 73680700240065192703<br \/>\nIntestatario: Konsulat der Italienischen Republik<br \/>\nCausale:\u00a0<em>Nome Cognome<\/em>\/ dichiarazione riacquisto cittadinanza<\/p>\n<p>oppure direttamente in Consolato il giorno dell\u2019appuntamento. Il sistema accetta esclusivamente contanti o bancomat (<em>EC-Karte<\/em>).<\/p>\n","protected":false},"excerpt":{"rendered":"La legge n. 74 del 23 maggio 2025 ha riaperto i termini per il riacquisto della cittadinanza a favore di ex cittadini\u00a0nati in Italia\u00a0o che sono stati\u00a0residenti in Italia\u00a0per almeno due anni continuativi\u00a0e che abbiano perso la cittadinanza non oltre il 15 agosto 1992\u00a0in applicazione dell\u2019articolo 8, n. 1 e n. 2, o dell\u2019articolo 12 [&hellip;]","protected":false},"author":4,"featured_media":0,"parent":112,"menu_order":4,"comment_status":"closed","ping_status":"closed","template":"","meta":{"footnotes":""},"class_list":["post-14390","page","type-page","status-publish","hentry"],"_links":{"self":[{"href":"https:\/\/consfriburgo.esteri.it\/it\/wp-json\/wp\/v2\/pages\/14390","targetHints":{"allow":["GET"]}}],"collection":[{"href":"https:\/\/consfriburgo.esteri.it\/it\/wp-json\/wp\/v2\/pages"}],"about":[{"href":"https:\/\/consfriburgo.esteri.it\/it\/wp-json\/wp\/v2\/types\/page"}],"author":[{"embeddable":true,"href":"https:\/\/consfriburgo.esteri.it\/it\/wp-json\/wp\/v2\/users\/4"}],"replies":[{"embeddable":true,"href":"https:\/\/consfriburgo.esteri.it\/it\/wp-json\/wp\/v2\/comments?post=14390"}],"version-history":[{"count":2,"href":"https:\/\/consfriburgo.esteri.it\/it\/wp-json\/wp\/v2\/pages\/14390\/revisions"}],"predecessor-version":[{"id":14396,"href":"https:\/\/consfriburgo.esteri.it\/it\/wp-json\/wp\/v2\/pages\/14390\/revisions\/14396"}],"up":[{"embeddable":true,"href":"https:\/\/consfriburgo.esteri.it\/it\/wp-json\/wp\/v2\/pages\/112"}],"wp:attachment":[{"href":"https:\/\/consfriburgo.esteri.it\/it\/wp-json\/wp\/v2\/media?parent=14390"}],"curies":[{"name":"wp","href":"https:\/\/api.w.org\/{rel}","templated":true}]}}