{"id":242,"date":"2023-03-01T15:34:54","date_gmt":"2023-03-01T14:34:54","guid":{"rendered":"https:\/\/consfriburgo.esteri.it\/?page_id=242"},"modified":"2023-05-18T12:56:17","modified_gmt":"2023-05-18T10:56:17","slug":"altre-associazioni-di-categoria","status":"publish","type":"page","link":"https:\/\/consfriburgo.esteri.it\/it\/italia-e-germania\/diplomazia-economica\/fare-affari-in-italia\/link-utili\/altre-associazioni-di-categoria\/","title":{"rendered":"Altre Associazioni di Categoria"},"content":{"rendered":"<h5><strong>CONFAPI<\/strong><br \/>\n<strong>Confederazione Italiana della Piccola e Media Industria<\/strong><\/h5>\n<p>La Confapi \u00e8 cresciuta accanto alla piccola impresa italiana ed \u00e8 oggi una realt\u00e0 consolidata che rappresenta oltre 50mila aziende con circa un milione di addetti.<\/p>\n<p>Finalit\u00e0 istituzionali della Confapi sono la difesa degli interessi e la valorizzazione dell&#8217;industria italiana di piccola e media dimensione. Le iniziative e i programmi sono svolti con l&#8217;obiettivo di favorire lo sviluppo economico e civile del Paese, in collegamento con le organizzazioni ed istituzioni nazionali ed europee.<\/p>\n<p>La Confederazione svolge il proprio ruolo di rappresentanza e di proposta a favore della piccola e media industria, sostenendo una politica economica nazionale, che faciliti la crescita imprenditoriale.<\/p>\n<p><a href=\"http:\/\/www.confapi.it\/\" target=\"_blank\" rel=\"noopener\">www.confapi.it<\/a><\/p>\n<h5><strong>FORMEZ<\/strong><br \/>\n<strong>Centro di Formazione e Studi<\/strong><\/h5>\n<p><a href=\"http:\/\/www.formez.it\/\">www.formez.it<\/a><\/p>\n<h5><strong>INFORMEST<\/strong><br \/>\n<strong>Centro di Servizi e Documentazione per la Cooperazione Economica Internazionale<\/strong><\/h5>\n<p><a href=\"http:\/\/www.informest.it\/\" target=\"_blank\" rel=\"noopener\">www.informest.it<\/a><\/p>\n<h5><strong>SACE<\/strong><br \/>\n<strong>Servizi Assicurativi del Commercio Estero<\/strong><\/h5>\n<p><a href=\"http:\/\/www.sace.it\/\" target=\"_blank\" rel=\"noopener\">www.sace.it<\/a><\/p>\n<h5><strong>SIMEST<\/strong><br \/>\n<strong>Finanziaria di sviluppo e promozione delle imprese italiane all&#8217;estero<\/strong><\/h5>\n<p><a href=\"http:\/\/www.simest.it\/\" target=\"_blank\" rel=\"noopener\">www.simest.it<br \/>\n<\/a><\/p>\n","protected":false},"excerpt":{"rendered":"CONFAPI Confederazione Italiana della Piccola e Media Industria La Confapi \u00e8 cresciuta accanto alla piccola impresa italiana ed \u00e8 oggi una realt\u00e0 consolidata che rappresenta oltre 50mila aziende con circa un milione di addetti. Finalit\u00e0 istituzionali della Confapi sono la difesa degli interessi e la valorizzazione dell&#8217;industria italiana di piccola e media dimensione. Le iniziative [&hellip;]","protected":false},"author":7,"featured_media":0,"parent":228,"menu_order":0,"comment_status":"closed","ping_status":"closed","template":"","meta":{"footnotes":""},"class_list":["post-242","page","type-page","status-publish","hentry"],"_links":{"self":[{"href":"https:\/\/consfriburgo.esteri.it\/it\/wp-json\/wp\/v2\/pages\/242","targetHints":{"allow":["GET"]}}],"collection":[{"href":"https:\/\/consfriburgo.esteri.it\/it\/wp-json\/wp\/v2\/pages"}],"about":[{"href":"https:\/\/consfriburgo.esteri.it\/it\/wp-json\/wp\/v2\/types\/page"}],"author":[{"embeddable":true,"href":"https:\/\/consfriburgo.esteri.it\/it\/wp-json\/wp\/v2\/users\/7"}],"replies":[{"embeddable":true,"href":"https:\/\/consfriburgo.esteri.it\/it\/wp-json\/wp\/v2\/comments?post=242"}],"version-history":[{"count":4,"href":"https:\/\/consfriburgo.esteri.it\/it\/wp-json\/wp\/v2\/pages\/242\/revisions"}],"predecessor-version":[{"id":1487,"href":"https:\/\/consfriburgo.esteri.it\/it\/wp-json\/wp\/v2\/pages\/242\/revisions\/1487"}],"up":[{"embeddable":true,"href":"https:\/\/consfriburgo.esteri.it\/it\/wp-json\/wp\/v2\/pages\/228"}],"wp:attachment":[{"href":"https:\/\/consfriburgo.esteri.it\/it\/wp-json\/wp\/v2\/media?parent=242"}],"curies":[{"name":"wp","href":"https:\/\/api.w.org\/{rel}","templated":true}]}}