{"id":334,"date":"2023-03-24T10:52:23","date_gmt":"2023-03-24T09:52:23","guid":{"rendered":"https:\/\/consfriburgo.esteri.it\/?page_id=334"},"modified":"2023-09-25T14:57:48","modified_gmt":"2023-09-25T12:57:48","slug":"che-cose-lautocertificazione","status":"publish","type":"page","link":"https:\/\/consfriburgo.esteri.it\/it\/servizi-consolari-e-visti\/servizi-per-il-cittadino-italiano\/altri-servizi\/che-cose-lautocertificazione\/","title":{"rendered":"Che cos&#8217;\u00e8 l&#8217;Autocertificazione?"},"content":{"rendered":"<p style=\"text-align: justify;\">Propriamente detta \u201cDichiarazione sostitutiva di certificazione\u201d, l&#8217;autocertificazione \u00e8 una dichiarazione che l&#8217;interessato redige e sottoscrive nel proprio interesse su stati, fatti e qualit\u00e0 personali e che utilizza nei rapporti con la Pubblica Amministrazione e con i concessionari ed i gestori di pubblici servizi, ai sensi del D.P.R. 28 dicembre 2000, n. 445.<\/p>\n<p style=\"text-align: justify;\">Nel rapporto con un soggetto privato il ricorso all&#8217;autocertificazione \u00e8 rimandato alla discrezionalit\u00e0 di quest&#8217;ultimo.<\/p>\n<p style=\"text-align: justify;\">Esiste, inoltre, la &#8220;Dichiarazione sostitutiva dell&#8217;atto di notoriet\u00e0&#8221; o &#8220;Atto notorio&#8221; che riguarda stati, qualit\u00e0 personali o fatti a diretta conoscenza dell&#8217;interessato e per i quali non \u00e8 valida l&#8217;autocertificazione. La dichiarazione sostitutiva dell&#8217;atto di notoriet\u00e0, resa nell&#8217;interesse proprio del dichiarante, pu\u00f2 riguardare anche stati, fatti e qualit\u00e0 relative ad altri soggetti di cui egli abbia diretta conoscenza.<br \/>\nSe la dichiarazione sostitutiva dell&#8217;atto di notoriet\u00e0 \u00e8 presentata alle Amministrazioni e ai Servizi Pubblici, la firma non deve essere autenticata. \u00c8 sufficiente firmarla davanti al dipendente addetto a riceverla oppure farla pervenire all&#8217;Amministrazione o servizio che la richiede, allegando copia di un documento di identit\u00e0 in corso di validit\u00e0. La dichiarazione sostitutiva dell&#8217;atto di notoriet\u00e0 \u00e8 estesa anche a privati (banche e assicurazioni) che decidono di accettarla.<\/p>\n<p style=\"text-align: justify;\">Per i privati accettare le dichiarazioni sostitutive dell&#8217;atto di notoriet\u00e0 non \u00e8 un obbligo ma una facolt\u00e0. In questo caso per\u00f2 \u00e8 necessario far autenticare la firma del dichiarante da un notaio, cancelliere, segretario comunale -in Italia &#8211; oppure dai Consolati &#8211; all&#8217;estero -, ed \u00e8 soggetta ad imposta di bollo a valore corrente salvo le esenzioni previste dalla legge.<\/p>\n<p><a href=\"https:\/\/consfriburgo.esteri.it\/wp-content\/uploads\/2023\/03\/47860_f_cons57autocertificazione_completa.pdf\"><span style=\"text-decoration: underline;\"><strong>Modello di autocertificazione<\/strong><\/span><\/a><\/p>\n","protected":false},"excerpt":{"rendered":"Propriamente detta \u201cDichiarazione sostitutiva di certificazione\u201d, l&#8217;autocertificazione \u00e8 una dichiarazione che l&#8217;interessato redige e sottoscrive nel proprio interesse su stati, fatti e qualit\u00e0 personali e che utilizza nei rapporti con la Pubblica Amministrazione e con i concessionari ed i gestori di pubblici servizi, ai sensi del D.P.R. 28 dicembre 2000, n. 445. Nel rapporto con [&hellip;]","protected":false},"author":7,"featured_media":0,"parent":106,"menu_order":1,"comment_status":"closed","ping_status":"closed","template":"","meta":{"footnotes":""},"class_list":["post-334","page","type-page","status-publish","hentry"],"_links":{"self":[{"href":"https:\/\/consfriburgo.esteri.it\/it\/wp-json\/wp\/v2\/pages\/334","targetHints":{"allow":["GET"]}}],"collection":[{"href":"https:\/\/consfriburgo.esteri.it\/it\/wp-json\/wp\/v2\/pages"}],"about":[{"href":"https:\/\/consfriburgo.esteri.it\/it\/wp-json\/wp\/v2\/types\/page"}],"author":[{"embeddable":true,"href":"https:\/\/consfriburgo.esteri.it\/it\/wp-json\/wp\/v2\/users\/7"}],"replies":[{"embeddable":true,"href":"https:\/\/consfriburgo.esteri.it\/it\/wp-json\/wp\/v2\/comments?post=334"}],"version-history":[{"count":5,"href":"https:\/\/consfriburgo.esteri.it\/it\/wp-json\/wp\/v2\/pages\/334\/revisions"}],"predecessor-version":[{"id":2240,"href":"https:\/\/consfriburgo.esteri.it\/it\/wp-json\/wp\/v2\/pages\/334\/revisions\/2240"}],"up":[{"embeddable":true,"href":"https:\/\/consfriburgo.esteri.it\/it\/wp-json\/wp\/v2\/pages\/106"}],"wp:attachment":[{"href":"https:\/\/consfriburgo.esteri.it\/it\/wp-json\/wp\/v2\/media?parent=334"}],"curies":[{"name":"wp","href":"https:\/\/api.w.org\/{rel}","templated":true}]}}