{"id":446,"date":"2023-03-29T14:38:51","date_gmt":"2023-03-29T12:38:51","guid":{"rendered":"https:\/\/consfriburgo.esteri.it\/?page_id=446"},"modified":"2026-03-26T10:50:07","modified_gmt":"2026-03-26T09:50:07","slug":"nascita","status":"publish","type":"page","link":"https:\/\/consfriburgo.esteri.it\/it\/servizi-consolari-e-visti\/servizi-per-il-cittadino-italiano\/stato-civile\/nascita\/","title":{"rendered":"Nascita"},"content":{"rendered":"<article id=\"articolo_centro\" class=\"col-md-19 col-sm-19 padding_articolo item-page\" role=\"main\" aria-label=\"articolo\">\n<div>\n<h3><span style=\"color: #ff0000;\"><strong>A seguito della conversione in Legge del DL n.36\/2025, la cittadinanza italiana si trasmette ai minori nati all&#8217;estero, su istanza dei genitori,\u00a0 soltanto se ricorre una delle condizioni di seguito elencate:<\/strong><\/span><\/h3>\n<h3>1) IL MINORE <span style=\"text-decoration: underline;\">NATO ALL&#8217;ESTERO<\/span> DA GENITORE\/I ITALIANO\/I \u00c8 CITTADINO ITALIANO SE<\/h3>\n<h4>CASO 1:<\/h4>\n<ul>\n<li><strong>non \u00e8 in possesso di altra cittadinanza, \u00e8 cio\u00e8 <u>esclusivamente cittadino italiano<\/u><\/strong>.<\/li>\n<\/ul>\n<p>In questo caso, insieme all\u2019atto di nascita in originale su modello internazionale plurilingue, i genitori dovranno presentare una richiesta di trascrizione dell\u2019atto di nascita, alla quale dovr\u00e0 essere allegata idonea <u>documentazione che dimostri che il minore non abbia altra cittadinanza straniera di cui per esempio uno od entrambi i genitori siano titolari <\/u>(per esempio pap\u00e0 tedesco e mamma italiana). Si precisa che si considera in possesso di un\u2019altra cittadinanza straniera il minore che la acquisti <em>iure sanguinis<\/em> da uno dei genitori, oppure <em>iure soli <\/em>per essere nato in Germania dopo cinque anni di regolare residenza di uno od entrambi i genitori oppure che la acquisti a seguito di una mera dichiarazione senza possibilit\u00e0 di diniego da parte dell\u2019Autorit\u00e0 straniera competente (ad esempio per \u201ccittadinanza a seguito di opzione\u201d da effettuarsi per i figli nati all\u2019estero).<\/p>\n<p><u>Ciascun genitore<\/u> dovr\u00e0 pertanto allegare alla richiesta di trascrizione un certificato di residenza rilasciato dalle autorit\u00e0 tedesche in cui sia esplicitamente indicato, oltre al nome, cognome, luogo e data di nascita dell\u2019interessato, anche la\/le cittadinanza\/e possedute e la data di emigrazione in Germania \u00a0(<strong>Erweiterte Melderegisterauskunft gem\u00e4\u00df \u00a7 18 (2) BMG<\/strong>). Tale certificazione \u00e8 richiesta anche per il neonato.<\/p>\n<p><u>Non sar\u00e0 ritenuta valida alcuna autocertificazione sul mancato possesso di altra cittadinanza<\/u>.<\/p>\n<h4>CASO 2:<\/h4>\n<ul>\n<li><strong>un genitore (anche adottivo) o un nonno\/nonna possiede al momento della nascita del minore \u2013 o possedeva al momento della sua morte \u2013 esclusivamente la cittadinanza italiana<\/strong>.<\/li>\n<\/ul>\n<p>Anche in questo caso, oltre all\u2019atto di nascita in originale su modello internazionale plurilingue e alla richiesta di trascrizione dell\u2019atto di nascita da parte dei genitori, dovr\u00e0 essere allegata idonea <u>documentazione <\/u>(<strong>Erweiterte Melderegisterauskunft gem\u00e4\u00df \u00a7 18 BMG (2))<\/strong><u>che dimostri che almeno un genitore (anche adottivo) o un nonno o una nonna possiede al momento della nascita del minore \u2013 o possedeva al momento della morte \u2013 esclusivamente la cittadinanza italiana.<\/u> Non sar\u00e0 ammessa, nemmeno in questo caso, alcuna autocertificazione sul mancato possesso di altra cittadinanza.<\/p>\n<h4>CASO 3:<\/h4>\n<\/div>\n<div>\n<ul>\n<li><strong>il genitore cittadino italiano \u00e8 stato residente in Italia per almeno 2 anni continuativi <\/strong><strong>prima della nascita del figlio\/a<\/strong>.<\/li>\n<\/ul>\n<p>Il genitore cittadino italiano che ha acquistato la cittadinanza per matrimonio o per residenza deve dimostrare di aver risieduto in Italia per almeno 2 anni continuativi <u>successivamente all\u2019acquisto della cittadinanza italiana e prima della nascita del figlio\/a<\/u>. Non rileva la residenza in Italia del cittadino italiano prima dell\u2019acquisto della cittadinanza italiana, n\u00e9 la residenza in Italia del genitore straniero. Anche il genitore, cittadino italiano <em>iure sanguinis <\/em>per nascita, se residente in Italia per almeno 2 anni continuativamente pu\u00f2 avvalersi di questa eccezione.<\/p>\n<p><u>In questo caso, alla <strong>Erweiterte Melderegisterauskunft gem\u00e4\u00df \u00a7 18 (2) BMG<\/strong> si dovr\u00e0 aggiungere anche il <strong>certificato di cittadinanza<\/strong> e \u00a0il <strong>certificato di residenza storico<\/strong><\/u>del genitore cittadino italiano da richiedere al Comune\/i italiano\/i dove si \u00e8 risieduto per almeno 2 anni continuativi dopo l\u2019acquisto della cittadinanza italiana o dalla data di nascita per cittadini <em>iure sanguinis<\/em>.<\/p>\n<p>Si raccomanda di inviare la richiesta di trascrizione dell\u2019atto di nascita del minore <strong>esclusivamente se in possesso della documentazione richiesta<\/strong> necessaria alla verifica della trasmissibilit\u00e0 della cittadinanza italiana. In presenza di domande inviate incomplete non sar\u00e0 possibile da parte di questa Cancelleria consolare inviare l\u2019atto per la trascrizione al Comune in Italia.<\/p>\n<p><strong>MODALIT\u00c0 DI PRESENTAZIONE DELLA RICHIESTA DI TRASCRIZIONE<\/strong><\/p>\n<p>La richiesta pu\u00f2 essere inviata per posta (indicare sempre un recapito telefonico o di posta elettronica) direttamente al Consolato al seguente indirizzo:<\/p>\n<p><em>Consolato d\u2019Italia a Friburgo \u2013 Ufficio Stato civile<\/em><\/p>\n<p><em>Augustinerplatz 2 &#8211; 79098 Freiburg im Breisgau<\/em><\/p>\n<p>Oppure inviata via mail al seguente indirizzo:<\/p>\n<p><a href=\"mailto:statocivile.friburgo@esteri.it\">statocivile.friburgo@esteri.it<\/a><\/p>\n<p><span style=\"text-decoration: underline;\">In caso di trasmissione della richiesta via email l&#8217;atto di nascita dovr\u00e0 comunque essere inviato in originale per posta.<\/span><\/p>\n<ol>\n<li><strong> DOCUMENTAZIONE DA SPEDIRE PER REGISTRARE UNA NASCITA AVVENUTA IN GERMANIA<\/strong><\/li>\n<\/ol>\n<ul>\n<li>modulo di richiesta debitamente compilato e firmato da entrambi i genitori del minore (<a href=\"https:\/\/consfriburgo.esteri.it\/wp-content\/uploads\/2025\/06\/RICHIESTA-TRASCRIZIONE-ATTO-DI-NASCITA-2-2.pdf\">modulo di domanda<\/a>)<\/li>\n<li>fotocopia dei documenti d\u2019identit\u00e0 dei genitori<\/li>\n<li>giustificativo della richiesta di trascrizione a seconda del caso (vedi casistica sopraindicata)<\/li>\n<li>atto di nascita\u00a0<strong>in originale <\/strong>del minore su modello internazionale plurilingue (<em>Internationale Geburtsurkunde<\/em>)<\/li>\n<\/ul>\n<p><strong>Per i figli nati fuori dal matrimonio <\/strong>oltre alla documentazione suindicata:<\/p>\n<ul>\n<li>riconoscimento di maternit\u00e0 (<em>Mutterschaftsanerkennung<\/em>)\u00a0<strong>in originale <\/strong>o beglaubigte Kopie (copia certificata conforme all\u2019originale) con allegata\u00a0<strong>traduzione in italiano<\/strong><\/li>\n<li>riconoscimento di paternit\u00e0 (<em>Vaterschaftsanerkennung<\/em>)\u00a0<strong>in originale <\/strong>o beglaubigte Kopie (copia certificata conforme all\u2019originale) con allegata\u00a0<strong>traduzione in italiano<br \/>\n<\/strong>\u00a0<strong><br \/>\n<\/strong>Un elenco di\u00a0traduttori giurati \u00e8 disponibile <a href=\"https:\/\/consfriburgo.esteri.it\/it\/servizi-consolari-e-visti\/servizi-per-il-cittadino-italiano\/modulistica-e-banche-dati\/\">qui<\/a><\/li>\n<\/ul>\n<h3><strong>2) NUOVI CASI DI ACQUISTO DELLA CITTADINANZA ALL\u2019ESTERO (FIGLI MINORENNI DI CITTADINI CHE NON TRASMETTONO AUTOMATICAMENTE LA CITTADINANZA ITALIANA) \u2013 ACQUISTO PER BENEFICIO DI LEGGE<\/strong><\/h3>\n<p>In due casi, previsti dal comma 1-bis dell\u2019articolo 4 della legge n. 91\/1992 e dall\u2019articolo 1, comma 1-ter del decreto-legge n. 36\/2025, i\u00a0<strong>figli minorenni nati all\u2019estero<\/strong>\u00a0da genitore cittadino che non trasmette automaticamente la cittadinanza possono acquistare la cittadinanza italiana.<\/p>\n<p>Il\u00a0<strong>minore<\/strong>\u00a0che ne beneficia\u00a0<strong>non<\/strong>\u00a0sar\u00e0\u00a0<strong>cittadino per nascita<\/strong>\u00a0o\u00a0<em>iure sanguinis<\/em>.<\/p>\n<p>In base all\u2019articolo 15 della legge n. 91\/1992, il minore non acquista la cittadinanza dal giorno della nascita, ma dal giorno successivo in cui si saranno verificate le condizioni previste dalla legge.<\/p>\n<p><strong>Nel primo caso (<u>comma 1-bis dell\u2019articolo 4 della legge n. 91\/1992<\/u>)\u00a0<\/strong>i seguenti presupposti devono essere posseduti\u00a0<strong>congiuntamente<\/strong>:<\/p>\n<ul>\n<li><strong>uno dei genitori \u00e8<\/strong>\u00a0<strong>cittadino\u00a0<u>per nascita<\/u>.\u00a0<\/strong>Si escludono quindi i casi di cittadini per naturalizzazione ai sensi dell\u2019articolo 9 della legge n. 91\/1992 o \u201cper beneficio di legge\u201d ai sensi dell\u2019articolo 4 della legge n. 91\/1992 ovvero per matrimonio ai sensi dell\u2019articolo 5 della legge n. 91\/1992 o dell\u2019articolo 10 della legge n. 555\/1912 oppure per riacquisto ai sensi degli articoli 13 o 17 della legge n. 91\/1992 ovvero\u00a0<em>iuris communicatione<\/em>\u00a0(art. 14 della legge n. 91\/1992).<\/li>\n<li><strong><u>entrambi<\/u><\/strong>\u00a0i genitori (incluso il genitore straniero) o il tutore presentano una\u00a0<strong>dichiarazione di volont\u00e0 di acquisto della cittadinanza entro tre anni dalla nascita<\/strong>\u00a0(o dalla data successiva in cui \u00e8 stabilita la filiazione da cittadino italiano o in cui \u00e8 decisa l\u2019adozione da parte di cittadino italiano durante la minore et\u00e0 del figlio). In caso di riconoscimento della filiazione in tempi successivi da parte di genitori entrambi cittadini italiani per nascita, il termine di tre anni decorrer\u00e0 dal primo riconoscimento (perch\u00e9 gi\u00e0 il primo riconoscimento comporta la trasmissione della cittadinanza). Se invece avviene prima il riconoscimento da parte di genitore straniero (o cittadino italiano non per nascita ma ad altro titolo), il termine di tre anni sar\u00e0 computato a partire dal riconoscimento da parte del secondo genitore cittadino per nascita.<\/li>\n<\/ul>\n<p><strong>La dichiarazione di volont\u00e0 di acquisto della cittadinanza deve essere formale e avvenire di persona, alla presenza di dipendente delegato all\u2019esercizio delle funzioni di stato civile.<\/strong>\u00a0Se i genitori non rendono la dichiarazione contestualmente, il requisito di legge si considera soddisfatto alla data in cui \u00e8 presentata la dichiarazione del secondo genitore. Se la filiazione (anche adottiva) \u00e8 stabilita nei confronti di una sola persona (o se l\u2019altro genitore \u00e8 deceduto), sar\u00e0 sufficiente la dichiarazione di un solo genitore.<\/p>\n<p>La documentazione da presentare il giorno dell\u2019appuntamento \u00e8 reperibile al seguente <a href=\"https:\/\/consfriburgo.esteri.it\/wp-content\/uploads\/2026\/01\/Elenco-documentazione-per-dichiarazione-beneficio-di-Legge-art.-4-comma-1-bis.pdf\">link<\/a>.<\/p>\n<p>&nbsp;<\/p>\n<p><strong>Nel<\/strong>\u00a0<strong>secondo caso<\/strong>\u00a0<strong>(<u>comma 1-ter dell\u2019articolo 1 del decreto-legge n. 36\/2025<\/u>)\u00a0<\/strong>si tratta di una norma transitoria e si applica quando sussistono\u00a0<strong>tutte\u00a0<\/strong>le condizioni seguenti:<\/p>\n<ul>\n<li>persone\u00a0<strong><u>minorenni alla data di entrata in vigore della legge di conversione<\/u><\/strong>, cio\u00e8 persone che non avevano compiuto il 18\u00b0 anno di et\u00e0 al\u00a0<strong>24 maggio 2025<\/strong>;<\/li>\n<li><strong>figli di cittadini\u00a0<u>per nascita<\/u> che si trovano nelle condizioni previste dalle lettere a), a-bis) e b) dell\u2019articolo 3-bis della legge n. 91\/1992.\u00a0<\/strong>In altri termini, i genitori devono essere riconosciuti cittadini sulla base di domanda amministrativa o giudiziale presentata entro le 23:59 (ora di Roma) del 27 marzo 2025 o sulla base di domanda presentata sulla base di appuntamento comunicato dall\u2019Ufficio consolare o dal Comune entro la medesima data;<\/li>\n<li>la dichiarazione dei genitori o del tutore deve essere presentata all\u2019Ufficio consolare\u00a0<strong><u>entro il 31 maggio 2029<\/u><\/strong>.<\/li>\n<\/ul>\n<p>&nbsp;<\/p>\n<p><strong>La dichiarazione di volont\u00e0 di acquisto della cittadinanza deve essere formale e avvenire di persona, alla presenza di dipendente delegato all\u2019esercizio delle funzioni di stato civile.<\/strong><\/p>\n<p>Se l\u2019interessato, minorenne alla data del 24 maggio 2025, diviene nel frattempo maggiorenne, la dichiarazione dovr\u00e0 essere presentata da lui personalmente entro il medesimo termine.<\/p>\n<p>La documentazione da presentare il giorno dell\u2019appuntamento \u00e8 reperibile al seguente <a href=\"https:\/\/consfriburgo.esteri.it\/wp-content\/uploads\/2026\/01\/Elenco-documentazione-per-dichiarazione-beneficio-di-Legge-art.-4-comma-1-ter-1.pdf\">link<\/a>.<\/p>\n<p>Alla cittadinanza italiana acquistata nei modi sopra indicati l\u2019interessato, una volta divenuto maggiorenne, pu\u00f2 fare rinuncia, con la sola condizione che non si produca una condizione di apolidia.<\/p>\n<p>Per ulteriori informazioni \u00e8 possibile contattare l\u2019ufficio competente<br \/>\n\u2013 per e-mail:\u00a0<a href=\"mailto:statocivile.friburgo@esteri.it\"><strong>statocivile.friburgo@esteri.it<\/strong><\/a><br \/>\n\u2013 per telefono:\u00a0<strong>0761-3866148\u00a0<\/strong><\/p>\n<p>&nbsp;<\/p>\n<\/div>\n<div>\n<p><a href=\"https:\/\/consfriburgo.esteri.it\/wp-content\/uploads\/2023\/03\/info_per_albo_consolare_modif.pdf\">Informazioni sulle nuove norme sull&#8217;attribuzione dei cognomi nell&#8217;Ordinamento Italiano<\/a><\/p>\n<\/div>\n<div class=\"row\"><a href=\"https:\/\/consfriburgo.esteri.it\/wp-content\/uploads\/2023\/03\/dichiarazione_di_volont_di_attribuzione_del_doppio_cognome.pdf\">Dichiarazioni sulla scelta del cognome<\/a><\/div>\n<\/article>\n","protected":false},"excerpt":{"rendered":"A seguito della conversione in Legge del DL n.36\/2025, la cittadinanza italiana si trasmette ai minori nati all&#8217;estero, su istanza dei genitori,\u00a0 soltanto se ricorre una delle condizioni di seguito elencate: 1) IL MINORE NATO ALL&#8217;ESTERO DA GENITORE\/I ITALIANO\/I \u00c8 CITTADINO ITALIANO SE CASO 1: non \u00e8 in possesso di altra cittadinanza, \u00e8 cio\u00e8 esclusivamente [&hellip;]","protected":false},"author":7,"featured_media":0,"parent":90,"menu_order":0,"comment_status":"closed","ping_status":"closed","template":"","meta":{"footnotes":""},"class_list":["post-446","page","type-page","status-publish","hentry"],"_links":{"self":[{"href":"https:\/\/consfriburgo.esteri.it\/it\/wp-json\/wp\/v2\/pages\/446","targetHints":{"allow":["GET"]}}],"collection":[{"href":"https:\/\/consfriburgo.esteri.it\/it\/wp-json\/wp\/v2\/pages"}],"about":[{"href":"https:\/\/consfriburgo.esteri.it\/it\/wp-json\/wp\/v2\/types\/page"}],"author":[{"embeddable":true,"href":"https:\/\/consfriburgo.esteri.it\/it\/wp-json\/wp\/v2\/users\/7"}],"replies":[{"embeddable":true,"href":"https:\/\/consfriburgo.esteri.it\/it\/wp-json\/wp\/v2\/comments?post=446"}],"version-history":[{"count":12,"href":"https:\/\/consfriburgo.esteri.it\/it\/wp-json\/wp\/v2\/pages\/446\/revisions"}],"predecessor-version":[{"id":15259,"href":"https:\/\/consfriburgo.esteri.it\/it\/wp-json\/wp\/v2\/pages\/446\/revisions\/15259"}],"up":[{"embeddable":true,"href":"https:\/\/consfriburgo.esteri.it\/it\/wp-json\/wp\/v2\/pages\/90"}],"wp:attachment":[{"href":"https:\/\/consfriburgo.esteri.it\/it\/wp-json\/wp\/v2\/media?parent=446"}],"curies":[{"name":"wp","href":"https:\/\/api.w.org\/{rel}","templated":true}]}}