{"id":462,"date":"2023-03-29T15:11:27","date_gmt":"2023-03-29T13:11:27","guid":{"rendered":"https:\/\/consfriburgo.esteri.it\/?page_id=462"},"modified":"2025-12-16T13:56:13","modified_gmt":"2025-12-16T12:56:13","slug":"altri-servizi-di-stato-civile","status":"publish","type":"page","link":"https:\/\/consfriburgo.esteri.it\/it\/servizi-consolari-e-visti\/servizi-per-il-cittadino-italiano\/stato-civile\/altri-servizi-di-stato-civile\/","title":{"rendered":"Altri servizi di stato civile"},"content":{"rendered":"<h4>UNIONI CIVILI<\/h4>\n<div>\n<p style=\"text-align: justify;\"><strong>1.<\/strong> <em>Trascrizione in Italia di provvedimento straniero gi\u00e0 esistente<\/em><\/p>\n<p style=\"text-align: justify;\">A seguito dell&#8217;entrata in vigore delle disposizioni transitorie (Decreto del Presidente del Consiglio dei Ministri nr. 144 del 23.07.2016) della L. 76\/2016 il cittadino italiano che abbia gi\u00e0 contratto all&#8217;estero secondo la legge locale un matrimonio o un&#8217;unione civile con persona dello stesso sesso ha l&#8217;obbligo di provvedere alla trascrizione in Italia del provvedimento straniero.<br \/>\nI residenti nella circoscrizione consolare di Friburgo potranno presentare la richiesta di trascrizione previo appuntamento da richiedere a\u00a0<a href=\"mailto:statocivile.friburgo@esteri.it\">statocivile.friburgo@esteri.it<\/a><\/p>\n<p style=\"text-align: justify;\"><strong>2.<\/strong> <em>Costituzione di unione civile presso Consolato<\/em><\/p>\n<p style=\"text-align: justify;\">Le disposizioni transitorie di cui sopra hanno reso possibile la costituzione di un&#8217;unione civile anche presso l&#8217;Ufficio consolare italiano all&#8217;estero competente per il luogo di residenza del cittadino iscritto all&#8217;AIRE.<br \/>\nLa procedura prevede due momenti separati per i quali gli interessati dovranno aver fissato un appuntamento: la richiesta di costituzione e la celebrazione dell&#8217;unione civile.<br \/>\nIl cittadino italiano iscritto all&#8217;AIRE nella circoscrizione di Friburgo potra&#8217; presentare domanda di costituzione, previo appuntamento da chiedere a : statocivile.friburgo@esteri.it<br \/>\nUnitamente alla costituzione dell&#8217;unione civile, gli interessati potranno presentare eventuali accordi relativi alla scelta del cognome e al regime patrimoniale dei beni.<\/p>\n<p>&nbsp;<\/p>\n<h4><strong>CONVIVENZE DI FATTO<\/strong><\/h4>\n<p style=\"text-align: justify;\">Il 5 giugno 2016 \u00e8 entrata in vigore la nuova legge n. 76\/2016, che disciplina anche le convivenze di fatto. Il nuovo istituto prevede che alcuni dei diritti e facolt\u00e0 inerenti conseguano al dato di fatto della convivenza stabile, non solo quale accertabile anagraficamente (dichiarazione anagrafica e conseguente registrazione in unica famiglia anagrafica), ma contraddistinta, rispetto alla mera coabitazione, dall&#8217;esistenza di legami affettivi di coppia.<\/p>\n<p style=\"text-align: justify;\">La convivenza di fatto deve essere segnalata all&#8217;ufficio consolare competente per la zona di residenza. I cittadini italiani iscritti all&#8217;AIRE nella circoscrizione di Friburgo potranno segnalare la loro convivenza utilizzando il modulo scaricabile dal sito. Analogamente dovranno essere segnalate tutte le modifiche alla convivenza di fatto che dovessero intervenire successivamente alla sua costituzione. Il cambio di indirizzo di uno solo dei conviventi, per esempio, comporta la cessazione della convivenza di fatto. Altrettanto dicasi in caso di matrimonio o unione civile tra i conviventi o tra un convivente ed altra persona o la morte di uno dei conviventi.<\/p>\n<p style=\"text-align: justify;\">Gli aspetti patrimoniali della convivenza possono essere regolati da un apposito contratto che dovr\u00e0 essere stipulato presso un notaio locale. Il contratto, cos\u00ec come le eventuali modifiche o la rescissione vanno notificati all&#8217;autorit\u00e0 consolare, presentando copia autentica dell&#8217;atto unitamente ad una dichiarazione di conformit\u00e0 dell&#8217;atto stesso, rilasciata dal notaio tedesco che l&#8217;ha redatto e, ove necessario, dalla traduzione conforme in lingua italiana.<\/p>\n<p>&nbsp;<\/p>\n<h4><strong>CAMBIAMENTO DI NOME E\/O COGNOME E SCELTA DEL NOME<\/strong><\/h4>\n<p>Artt. 89 e 36 DPR 396\/2000<br \/>\nSi prega di rivolgersi all&#8217;ufficio di stato civile del Consolato.<br \/>\nTel. 0761 38661-48\/-54<br \/>\nEmail:\u00a0<a href=\"mailto:statocivile.friburgo@esteri.it\">statocivile.friburgo@esteri.it<\/a><\/p>\n<p>&nbsp;<\/p>\n<h4>DISCONOSCIMENTO PATERNIT\u00c1<\/h4>\n<p>Per maggiori informazioni consultare questo <a href=\"https:\/\/consfriburgo.esteri.it\/wp-content\/uploads\/2023\/03\/2021__foglio_informativo_per_disconoscimento_paternit__info-blatt_vaterschaftsaberkennung.pdf\">link<\/a> o rivolgersi direttamente a questo Consolato.<br \/>\nTel. 0761 38661 43<br \/>\nEmail:\u00a0<a href=\"mailto:sociale.friburgo@esteri.it\">sociale.friburgo@esteri.it<\/a><\/p>\n<p>&nbsp;<\/p>\n<\/div>\n","protected":false},"excerpt":{"rendered":"UNIONI CIVILI 1. Trascrizione in Italia di provvedimento straniero gi\u00e0 esistente A seguito dell&#8217;entrata in vigore delle disposizioni transitorie (Decreto del Presidente del Consiglio dei Ministri nr. 144 del 23.07.2016) della L. 76\/2016 il cittadino italiano che abbia gi\u00e0 contratto all&#8217;estero secondo la legge locale un matrimonio o un&#8217;unione civile con persona dello stesso sesso [&hellip;]","protected":false},"author":7,"featured_media":0,"parent":90,"menu_order":5,"comment_status":"closed","ping_status":"closed","template":"","meta":{"footnotes":""},"class_list":["post-462","page","type-page","status-publish","hentry"],"_links":{"self":[{"href":"https:\/\/consfriburgo.esteri.it\/it\/wp-json\/wp\/v2\/pages\/462","targetHints":{"allow":["GET"]}}],"collection":[{"href":"https:\/\/consfriburgo.esteri.it\/it\/wp-json\/wp\/v2\/pages"}],"about":[{"href":"https:\/\/consfriburgo.esteri.it\/it\/wp-json\/wp\/v2\/types\/page"}],"author":[{"embeddable":true,"href":"https:\/\/consfriburgo.esteri.it\/it\/wp-json\/wp\/v2\/users\/7"}],"replies":[{"embeddable":true,"href":"https:\/\/consfriburgo.esteri.it\/it\/wp-json\/wp\/v2\/comments?post=462"}],"version-history":[{"count":5,"href":"https:\/\/consfriburgo.esteri.it\/it\/wp-json\/wp\/v2\/pages\/462\/revisions"}],"predecessor-version":[{"id":2803,"href":"https:\/\/consfriburgo.esteri.it\/it\/wp-json\/wp\/v2\/pages\/462\/revisions\/2803"}],"up":[{"embeddable":true,"href":"https:\/\/consfriburgo.esteri.it\/it\/wp-json\/wp\/v2\/pages\/90"}],"wp:attachment":[{"href":"https:\/\/consfriburgo.esteri.it\/it\/wp-json\/wp\/v2\/media?parent=462"}],"curies":[{"name":"wp","href":"https:\/\/api.w.org\/{rel}","templated":true}]}}