{"id":485,"date":"2023-03-29T16:07:19","date_gmt":"2023-03-29T14:07:19","guid":{"rendered":"https:\/\/consfriburgo.esteri.it\/?page_id=485"},"modified":"2024-10-30T14:45:58","modified_gmt":"2024-10-30T13:45:58","slug":"informazioni","status":"publish","type":"page","link":"https:\/\/consfriburgo.esteri.it\/it\/servizi-consolari-e-visti\/servizi-per-il-cittadino-italiano\/carta-didentita-elettronica-e-passaporti\/carta-di-identita\/informazioni\/","title":{"rendered":"Informazioni Carta d\u2019Identit\u00e0 Elettronica"},"content":{"rendered":"<p><strong>1) Che cos&#8217;\u00e8 la carta d&#8217;identit\u00e0 elettronica?<\/strong><\/p>\n<p style=\"text-align: justify;\"><strong>La carta d&#8217;identit\u00e0 \u00e8 un documento personale di riconoscimento valido per identificarsi e circolare nell\u2019Unione Europea<\/strong>, in alcuni Stati aderenti all&#8217;accordo di Schengen (ad es. Islanda, Norvegia e Svizzera) e in altri Stati con cui sono stati raggiunti accordi bilaterali (vedasi le singole \u201cschede Paese\u201d sul sito\u00a0<a href=\"http:\/\/www.viaggiaresicuri.it\/\"><strong>www.viaggiaresicuri.it<\/strong><\/a>).<\/p>\n<p style=\"text-align: justify;\"><strong>La carta d\u2019identit\u00e0 elettronica (CIE) \u00e8 la nuova carta d\u2019identit\u00e0 in formato tessera<\/strong>; oltre a svolgere le stesse funzioni di quella cartacea, consente di accedere ai servizi online delle Pubbliche Amministrazioni italiane.<\/p>\n<p>&nbsp;<\/p>\n<p style=\"text-align: justify;\"><strong>2) A chi pu\u00f2 essere rilasciata la carta d\u2019identit\u00e0 elettronica?<\/strong><\/p>\n<p style=\"text-align: justify;\">Il Consolato d\u2019Italia a Friburgo pu\u00f2 rilasciare la carta d&#8217;identit\u00e0\u00a0<strong>esclusivamente ai cittadini italiani regolarmente <\/strong><strong>residenti nella propria circoscrizione consolare<\/strong>,\u00a0<strong>registrati nello schedario consolare e i cui dati anagrafici siano gi\u00e0 presenti nel registro A.I.R.E.<\/strong>\u00a0(Anagrafe degli Italiani Residenti all&#8217;Estero)\u00a0<strong>del Ministero dell&#8217;Interno<\/strong>.<\/p>\n<p style=\"text-align: justify;\">La<strong> CIE viene rilasciata a chi non sia in possesso di un\u2019altra carta d\u2019identit\u00e0 valida, a chi abbia la carta d\u2019identit\u00e0 in scadenza<\/strong>\u00a0(a partire da 6 mesi prima della scadenza)\u00a0<strong>o in caso di furto, smarrimento o deterioramento della carta precedente<\/strong>.\u00a0<strong>Possono richiederla anche gli iscriti AIRE che abbiano una carta d&#8217;identit\u00e0 cartacea ancora in corso di validit\u00e0.<\/strong><\/p>\n<p style=\"text-align: justify;\"><strong>Chi non \u00e8 registrato all\u2019A.I.R.E. dovr\u00e0 prima regolarizzare la propria iscrizione anagrafica tramite il portale\u00a0<\/strong><a href=\"https:\/\/serviziconsolarionline.esteri.it\/ScoFE\/index.sco\" target=\"_blank\" rel=\"noopener\"><strong>FAST IT<\/strong>\u00a0<\/a>ed attendere, prima di poter far domanda, di essere inserito in tale registro da parte del Comune italiano competente (per i cittadini non iscritti all\u2019A.I.R.E., la competenza al rilascio della carta d\u2019identit\u00e0 rimane al Comune di residenza).<\/p>\n<p style=\"text-align: justify;\">Ai fini della registrazione nella banca dati A.I.R.E. \u00e8 indispensabile, per i cittadini italiani nati all\u2019estero, che l\u2019atto di nascita risulti gi\u00e0 trascritto nei registri di Stato Civile del Comune di riferimento.<\/p>\n<p style=\"text-align: justify;\"><strong>Nel caso si sia cambiato indirizzo di residenza (rispetto a quello comunicato all\u2019Ufficio consolare), \u00e8 necessario chiedere la variazione di indirizzo tramite il portale\u00a0<\/strong><a href=\"https:\/\/serviziconsolarionline.esteri.it\/ScoFE\/index.sco\" target=\"_blank\" rel=\"noopener\"><strong>FAST IT<\/strong><\/a>. Inoltre, per ottenere la CIE \u00e8 indispensabile possedere il codice fiscale validato dall\u2019Agenzia delle Entrate. Qualora il connazionale non sia in possesso di un codice fiscale o quest\u2019ultimo non sia stato validato, sar\u00e0 cura del Consolato richiederlo tramite l\u2019Agenzia delle Entrate.<\/p>\n<p>&nbsp;<\/p>\n<p style=\"text-align: justify;\"><strong>3) \u00c9 possibile richiedere la CIE presentandosi direttamente in Consolato?<\/strong><\/p>\n<p style=\"text-align: justify;\">No, non \u00e8 possibile. La CIE si richiede esclusivamente mediante appuntamento, seguendo la procedura sotto indicata. Chi si presenta direttamente in Consolato senza appuntamento non otterr\u00e0 la CIE.<\/p>\n<p>&nbsp;<\/p>\n<p style=\"text-align: justify;\"><strong>4) Come si richiede la carta d\u2019identit\u00e0 elettronica (CIE)?<\/strong><\/p>\n<p style=\"text-align: justify;\">La richiesta della carta d\u2019identit\u00e0 elettronica deve essere presentata utilizzando esclusivamente la\u00a0<strong><a href=\"https:\/\/prenotami.esteri.it\/\" target=\"_blank\" rel=\"noopener\">piattaforma &#8220;Prenot@Mi&#8221;<\/a><\/strong>.<\/p>\n<p style=\"text-align: justify;\">I connazionali che, per ragioni oggettive ed eccezionali, non siano nella condizione di utilizzare il sistema informatico <strong><a href=\"https:\/\/prenotami.esteri.it\/\" target=\"_blank\" rel=\"noopener\">&#8220;Prenot@Mi&#8221;<\/a><\/strong> sono invitati a contattare telefonicamente il centralino del Consolato e l&#8217;Ufficio Carte d&#8217;Identit\u00e0 per poter ricevere aiuto nella prenotazione dell&#8217;appuntamento. Si ricorda altres\u00ed che l&#8217;appuntamento pu\u00f3 essere preso da un amico, parente e cos\u00ed via. Anche i patronati e gli sportelli Comites possono aiutare a prenotare un appuntamnto per il rilascio della CIE.<\/p>\n<p>&nbsp;<\/p>\n<p style=\"text-align: justify;\"><strong>5) Come si prende un appuntamento sulla piattaforma Prenot@mi?<\/strong><\/p>\n<p style=\"text-align: justify;\">Se Lei \u00e8 un\u00a0<strong>utente gi\u00e0 registrato<\/strong>\u00a0sulla piattaforma Prenota on line, dovr\u00e0 cliccare sulla casella &#8220;login utente gi\u00e0 registrato&#8221; ed immettere le sue credenziali:<\/p>\n<p style=\"text-align: justify;\"><strong>Username<\/strong>: il suo indirizzo email<\/p>\n<p style=\"text-align: justify;\"><strong>Password<\/strong>: quella che ha indicato all&#8217;atto della registrazione<\/p>\n<p style=\"text-align: justify;\"><strong>Acceder\u00e0 cos\u00ec alla pagina dei servizi attivati, selezioner\u00e0 il servizio Carta di Identit\u00e0 e compiler\u00e0 la pagina inserendo i dati della persona che deve ottenere la carta<\/strong> (il cosiddetto \u201crichiedente\u201d). Pertanto, se l\u2019appuntamento \u00e8 per rinnovare la carta di un bambino, anche se colui che materialmente prenota l\u2019appuntamento \u00e8 il genitore, nei dati dell\u2019appuntamento bisogner\u00e0 indicare i dati del bambino.<\/p>\n<p style=\"text-align: justify;\">Quindi, si acceder\u00e0 poi al calendario degli appuntamenti e per scegliere una data tra quelle disponibili.<\/p>\n<p style=\"text-align: justify;\">Se si era gi\u00e0 registrati alla precedente piattaforma Prenota Online, ci si deve necessariamente registrare alla nuova piattaforma Prenot@mi per procedere alla prenotazione di un appuntamento.<\/p>\n<p style=\"text-align: justify;\">Il <strong>un nuovo utente<\/strong>\u00a0dovr\u00e0 prima procedere alla registrazione sul portale, cliccando su \u201c<strong>Registrazione nuovo utente<\/strong>\u201d. Una volta completata la registrazione, dovr\u00e0 rientrare sul sistema di prenotazione e, inserendo le sue credenziali, potr\u00e0 accedere alla pagina dei servizi offerti e procedere come sopra indicato.<\/p>\n<p style=\"text-align: justify;\">Dal momento della richiesta alla data dell\u2019appuntamento\u00a0<strong>trascorrono almeno quindici giorni<\/strong>, necessari per consentire all\u2019ufficio consolare di effettuare il controllo dei dati anagrafici, risolvere eventuali disallineamenti tra i dati presenti nello schedario consolare e quelli presenti nello schedario del Comune italiano, e verificare che non sussistano cause ostative al rilascio del documento.<\/p>\n<p style=\"text-align: justify;\"><strong>ATTENZIONE: <\/strong><strong>Nel caso in cui, a seguito delle verifiche, emergessero elementi che impedissero (temporaneamente o meno) il\u00a0<\/strong><strong>rilascio della CIE, il connazionale sar\u00e0 contattato dalla Sede consolare per l&#8217;evenuale cancellazione dell\u2019appuntamento.<\/strong><\/p>\n<p>&nbsp;<\/p>\n<p style=\"text-align: justify;\"><strong>6) \u00c8 possibile chiedere l\u2019appuntamento per un\u2019altra persona?<\/strong><\/p>\n<p style=\"text-align: justify;\">S\u00ec, \u00e8 possibile. Tuttavia, al fine di consentire le necessarie verifiche, \u00e8 necessario che al momento della richiesta dell\u2019appuntamento <strong>siano forniti i dati di tutte le persone che devono ottenere la CIE (richiedenti). <\/strong><strong>Se si presenteranno allo sportello persone i cui dati non erano stati inseriti nel sistema al momento della prenotazione dell\u2019appuntamento, non sar\u00e0 possibile procedere con la richiesta di CIE.<\/strong><\/p>\n<p style=\"text-align: justify;\">Nel caso di figli minori il genitore pu\u00f2, dal proprio account, far domanda di appuntamento per il figlio. In tal caso nella scheda da compilare per l\u2019appuntamento dovr\u00e0 rispondere alla prima domanda \u201c<strong><em>L\u2019appuntamento \u00e8 per<\/em>\u201d indicando \u201c<em>mio figlio<\/em><\/strong>\u201d e poi inserire i dati del bambino e non del genitore che sta compilando il formulario.<\/p>\n<p style=\"text-align: justify;\">Allo stesso modo, se si intende prenotare un appuntamento per un altro familiare, si potr\u00e0 accedere col proprio account, selezionare nel campo \u201c<strong><em>L\u2019appuntamento \u00e8 per<\/em>\u201d \u201c<em>un altro familiare<\/em><\/strong>\u201d e quindi procedere con l\u2019inserimento di tutti i dati relativi al familiare stesso (che sar\u00e0 appunto il richiedente).<\/p>\n<p style=\"text-align: justify;\">Il sistema permette anche di prenotare un appuntamento multiplo, ossia nella stessa data per s\u00e9 stesso ed altri. In tal caso il\u00a0 formulario da compilare preveder\u00e0 pi\u00f9 parti (\u00e8 necessario scorrere la schermata in basso) e richieder\u00e0 di riempire una scheda dati per ogni persona che desidera un appuntamento nella stessa data, cio\u00e8 per il primo richiedente e poi per ciascun altro richiedente.<\/p>\n<p>&nbsp;<\/p>\n<p style=\"text-align: justify;\"><strong>7) Qual \u00e8 la documentazione necessaria da portare con s\u00e9 al momento dell\u2019appuntamento per richiedere la CIE?<\/strong><\/p>\n<p style=\"text-align: justify;\">Il giorno dell\u2019appuntamento, il richiedente deve presentarsi munito di:<\/p>\n<ul>\n<li style=\"text-align: justify;\"><strong>Carta d\u2019identit\u00e0 precedente<\/strong>\u00a0(se non si possiede, altro documento di riconoscimento; se non si possiede altro documento<br \/>\ndi riconoscimento, due testimoni); se la CIE \u00e8 richiesta per un minorenne, \u00e8 necessario che anche il genitore che accompagna presenti un documento di riconoscimento.<\/li>\n<li style=\"text-align: justify;\"><strong>1 fotografia biometrica<\/strong>\u00a0(recente, frontale, a colori formato 35 x 45 mm).<\/li>\n<li style=\"text-align: justify;\">Nel caso in cui il richiedente abbia <strong>figli minori<\/strong> di 18 anni:<br \/>\n<strong>Attenzione nuova procedura \u2013 Passaporti e CIE \u2013 Assenso dell\u2019altro genitore<br \/>\n<\/strong>Si informano i connazionali, <strong>genitori di figli minori<\/strong>, che a partire dal 14 giugno 2023 <strong>non sar\u00e0 pi\u00f9 necessario presentare l\u2019atto di assenso dell\u2019altro genitore ai fini del rilascio del proprio documento d\u2019identit\u00e0<\/strong> (passaporto e CIE), ai sensi dell\u2019art. 20 del D.L. 69\/2023.Il richiedente il passaporto che abbia figli minori dovr\u00e0 attestare l&#8217;assenza di <a href=\"https:\/\/consfriburgo.esteri.it\/wp-content\/uploads\/2023\/08\/Dichiarazione-assenza-cause-inibitorie_CIE.pdf\">inibitorie<\/a>, vale a dire di non essere soggetto a provvedimenti giudiziari altrove che impedisca il rilascio del passaporto, sotto la propria responsabilit\u00e0 a norma degli artt. 46 e 47 del DPR 445\/2000.Quando vi \u00e8 concreto e attuale pericolo che a causa del trasferimento all\u2019estero, il genitore di prole minore possa sottrarsi all\u2019adempimento degli obblighi verso i figli, sar\u00e0 possibile per l\u2019altro richiedere una inibitoria al rilascio del documento (articolo 3- bis della L. 1185\/1967). L\u2019istanza potr\u00e0 essere presentata presso il giudice competente presso il Tribunale ordinario in cui il minore ha la residenza abituale o, se il minore \u00e8 residente all\u2019estero, il Tribunale nel cui circondario si trova il suo Comune di iscrizione AIRE.<\/li>\n<li style=\"text-align: justify;\"><strong>Ai fini del rilascio dei documenti per i minori, invece resta l\u2019obbligo dell\u2019assenso firmato da entrambi genitori<\/strong> o da chi esercita la responsabilit\u00e0 genitoriale.<br \/>\nSe l\u2019altro genitore non \u00e8 cittadino dell&#8217;Unione Europea, la sua firma sull\u2019atto di assenso va autenticata: o presso il Consolato al momento dell&#8217;appuntamento, o presso il Comune tedesco di residenza o altro ufficio pubblico, o dal notaio. Al fine di verificare la correttezza dell&#8217;atto di assenso presentato, \u00e8 necessario che il minore sia gi\u00e0 iscritto in anagrafe o che venga presentato l\u2019originale del certificato di nascita da cui si evincano maternit\u00e0 e paternit\u00e0 del minore.<\/li>\n<li style=\"text-align: justify;\">Nel caso di richiesta di CIE per i minori di 12 anni, non <span style=\"text-align: justify;\">\u00e8 obbbligatoria la loro presenza all&#8217;appuntamento, bens\u00ed in tal caso il\/i genitore\/i dovranno portare una foto del minore autenticata dalle autorit\u00e0 tedesche.<\/span><\/li>\n<li style=\"text-align: justify;\"><strong>Pagamento<\/strong>: prova dell\u2019avvenuto\u00a0<a href=\"https:\/\/consfriburgo.esteri.it\/wp-content\/uploads\/2023\/03\/61696_f_cons57versamento.jpg\"><strong>bonifico<\/strong><\/a>, solo in casi del tutto eccezionali, si potr\u00e0 procedere al pagamento allo sportello tramite bancomat (solo EC-Karte) oppure in contanti.<br \/>\nIl <strong style=\"text-align: justify;\">costo<\/strong><span style=\"text-align: justify;\">\u00a0della CIE \u00e8 di:<\/span><\/p>\n<ul>\n<li>euro <strong>21,95<\/strong>\u00a0in caso di primo rilascio o rinnovo;<\/li>\n<li>euro\u00a0<strong>27,11<\/strong>\u00a0in caso di duplicato CIE\u00a0(nuova\u00a0CIE emessa prima di 180 giorni dalla scadenza della precedente per furto, smarrimento o deterioramento)<br \/>\n<strong>NB.:<\/strong>\u00a0Chi \u00e8 gi\u00e0 in possesso di una carta di identit\u00e0 cartacea dovr\u00e0 versare 21,95 euro, trattandosi di un primo rilascio CIE e non di un duplicato.<\/li>\n<\/ul>\n<\/li>\n<\/ul>\n<p style=\"text-align: justify;\">Nel caso in cui il richiedente non sia pi\u00f9 in possesso del precedente documento in seguito a <strong>furto o smarrimento<\/strong>, \u00e8 necessario presentare al momento dell\u2019appuntamento il\u00a0<a href=\"https:\/\/consfriburgo.esteri.it\/wp-content\/uploads\/2023\/03\/dichiarazione_smarrimentofurto_cipass-1.pdf\"><strong>formulario di dichiarazione di furto o smarrimento<\/strong><\/a>, unitamente alla denuncia effettuata presso le autorit\u00e0 tedesche (Polizia o Ufficio oggetti smarriti del Comune), che pu\u00f2 essere fatta anche online (\u201cinternetwache\u201d; ciascun Land ha il suo sito; arriva la ricevuta qualche giorno dopo per posta).<\/p>\n<p>La denuncia di smarrimento o di furto del documeno potr\u00e0 essere compilata anche in Consolato, ma in tal caso occorre avere il numero del proprio documento smarrito o rubato con la data di rilascio.<\/p>\n<p>&nbsp;<\/p>\n<p style=\"text-align: justify;\"><strong>8) Quali sono le operazioni che saranno effettuate il giorno dell\u2019appuntamento?<\/strong><\/p>\n<p style=\"text-align: justify;\">Il giorno dell\u2019appuntamento, l\u2019operatore consolare acquisisce la documentazione indicata al punto precedente, effettua il riconoscimento e la verifica della foto ed acquisisce le impronte digitali e la firma (salvo per i minori di anni 12).<\/p>\n<p style=\"text-align: justify;\">Per i minori di et\u00e0 inferiore ai 12 anni \u00e8 necessaria l\u2019identificazione da parte del funzionario dell&#8217;ufficio. Ci\u00f2 \u00e8 possibile di persona, oppure mediante vecchio documento o fotografia autenticata dalle Autorit\u00e0 locali.<\/p>\n<p>&nbsp;<\/p>\n<p style=\"text-align: justify;\"><strong>9) Come si riceve la Carta d\u2019identit\u00e0 elettronica?<\/strong><\/p>\n<p style=\"text-align: justify;\">La CIE \u00e8 emessa dal Ministero dell\u2019Interno e prodotta dall\u2019Istituto Poligrafico e Zecca dello Stato, che la spedisce, a mezzo posta raccomandata, all\u2019indirizzo di residenza (o recapito) dichiarato dal richiedente. Salvo casi particolari, la CIE dovrebbe arrivare per posta\u00a0<strong>entro 15 giorni<\/strong>\u00a0dal giorno dell\u2019appuntamento (il connazionale potr\u00e0 seguire la raccomandata autonomamente online, attraverso il codice di tracciamento).<\/p>\n<p style=\"text-align: justify;\">In caso di mancata consegna, scaduto il termine di giacenza presso l\u2019ufficio postale il plico viene restituito all\u2019Ufficio consolare che proveder\u00e0 ad avvisare il connazionale sulle modalit\u00e0 di ritiro in Consolato.<\/p>\n<p>&nbsp;<\/p>\n<p style=\"text-align: justify;\"><strong>10) Quanto tempo vale la carta d\u2019identit\u00e0?<\/strong><\/p>\n<p style=\"text-align: justify;\">La validit\u00e0 della carta d\u2019identit\u00e0 varia a seconda dell&#8217;et\u00e0 del titolare ed \u00e8 di:<\/p>\n<p style=\"text-align: justify;\">\u2022\u00a0<strong>3 anni<\/strong>\u00a0per i minori di et\u00e0 compresa tra 0 e 3 anni;<\/p>\n<p style=\"text-align: justify;\">\u2022\u00a0<strong>5 anni<\/strong>\u00a0per i minori di et\u00e0 compresa tra 3 anni e il raggiungimento della maggiore et\u00e0 (18 anni);<\/p>\n<p style=\"text-align: justify;\">\u2022\u00a0<strong>10 ann<\/strong>i dai 18 anni di et\u00e0.<\/p>\n<p>&nbsp;<\/p>\n<p style=\"text-align: justify;\"><strong>11) \u00c8 possibile modificare la mia carta d\u2019identit\u00e0?<\/strong><\/p>\n<p style=\"text-align: justify;\">No. La carta d\u2019identit\u00e0 \u00e8 un documento di identit\u00e0 e non di residenza o di stato civile. Non \u00e8 possibile aggiornare l\u2019indirizzo sulla carta. In caso di modifica dell\u2019indirizzo, il connazionale potr\u00e0 portare con s\u00e9 una copia del certificato di residenza rilasciato dalle autorit\u00e0 tedesche (Anmeldebest\u00e4tigung oppure Meldebescheinigung). Resta ferma la possibilit\u00e0, se uno vuole e solo se avr\u00e0 preventivamente comunicato in Consolato il proprio cambio di indirizzo all&#8217;interno della stessa circoscrizione consolare attraverso la piattaforma <a href=\"https:\/\/serviziconsolarionline.esteri.it\/ScoFE\/index.sco\">FAST-IT<\/a>, di richiedere una nuova CIE con i dati anagrafici aggiornati. In tal caso, trattandosi di un duplicato, il costo sar\u00e0 di \u20ac27,11.<\/p>\n<p>&nbsp;<\/p>\n<p style=\"text-align: justify;\"><strong>12) \u00c8 possibile per le donne sposate inserire il cognome del marito?<\/strong><\/p>\n<p style=\"text-align: justify;\">No, non \u00e8 possibile. A tal proposito, \u00e8 necessario che, per una corretta consegna, all\u2019indirizzo di recapito sia indicato il cognome di nascita dell\u2019intestatario\/a della carta.<\/p>\n<p>&nbsp;<\/p>\n<p style=\"text-align: justify;\"><strong>13) La carta di identit\u00e0 cartacea \u00e8 ancora valida in Germania?<\/strong><\/p>\n<p style=\"text-align: justify;\">S\u00ec, la carta di identit\u00e0 cartacea in corso di validit\u00e0 \u00e8 ancora pienamente valida in Germania fino alla sua scadenza naturale, come previsto dal\u00a0<strong>Regolamento (UE) 2019\/1157<\/strong>\u00a0del Parlamento Europeo e del Consiglio del 20 giugno 2019 (maggiori informazioni si trovano\u00a0<a href=\"https:\/\/consfriburgo.esteri.it\/wp-content\/uploads\/2023\/04\/validit_carte_di_identit_cartacee-1.pdf\"><strong>qui<\/strong><\/a>).<\/p>\n<p style=\"text-align: center;\"><strong>***Prima dell&#8217;appuntamento, vi preghiamo di verificare di aver provveduto al versamento della tariffa per l&#8217;emissione CIE, come sopra specificato.***<\/strong><\/p>\n<p>&nbsp;<\/p>\n<p>&nbsp;<\/p>\n<p style=\"text-align: justify;\"><strong>Contatti dell&#8217;Ufficio Carte d&#8217;identit\u00e0<\/strong>:<\/p>\n<p style=\"text-align: justify;\">Tel.\u00a0<strong>0761 &#8211; 38661-42\/49<\/strong><\/p>\n<p style=\"text-align: justify;\">Fax:<strong> 0761 38661 61<\/strong><\/p>\n<p style=\"text-align: justify;\">Email:\u00a0<strong><a href=\"mailto:ci_confrib@esteri.it\">ci_confrib@esteri.it<\/a><\/strong><\/p>\n<p style=\"text-align: justify;\">PEC:\u00a0<strong><a href=\"mailto:con.friburgo.pass@cert.esteri.it\">con.friburgo.pass@cert.esteri.it<\/a><\/strong><\/p>\n","protected":false},"excerpt":{"rendered":"1) Che cos&#8217;\u00e8 la carta d&#8217;identit\u00e0 elettronica? La carta d&#8217;identit\u00e0 \u00e8 un documento personale di riconoscimento valido per identificarsi e circolare nell\u2019Unione Europea, in alcuni Stati aderenti all&#8217;accordo di Schengen (ad es. Islanda, Norvegia e Svizzera) e in altri Stati con cui sono stati raggiunti accordi bilaterali (vedasi le singole \u201cschede Paese\u201d sul sito\u00a0www.viaggiaresicuri.it). La [&hellip;]","protected":false},"author":7,"featured_media":0,"parent":483,"menu_order":0,"comment_status":"closed","ping_status":"closed","template":"","meta":{"footnotes":""},"class_list":["post-485","page","type-page","status-publish","hentry"],"_links":{"self":[{"href":"https:\/\/consfriburgo.esteri.it\/it\/wp-json\/wp\/v2\/pages\/485","targetHints":{"allow":["GET"]}}],"collection":[{"href":"https:\/\/consfriburgo.esteri.it\/it\/wp-json\/wp\/v2\/pages"}],"about":[{"href":"https:\/\/consfriburgo.esteri.it\/it\/wp-json\/wp\/v2\/types\/page"}],"author":[{"embeddable":true,"href":"https:\/\/consfriburgo.esteri.it\/it\/wp-json\/wp\/v2\/users\/7"}],"replies":[{"embeddable":true,"href":"https:\/\/consfriburgo.esteri.it\/it\/wp-json\/wp\/v2\/comments?post=485"}],"version-history":[{"count":7,"href":"https:\/\/consfriburgo.esteri.it\/it\/wp-json\/wp\/v2\/pages\/485\/revisions"}],"predecessor-version":[{"id":9106,"href":"https:\/\/consfriburgo.esteri.it\/it\/wp-json\/wp\/v2\/pages\/485\/revisions\/9106"}],"up":[{"embeddable":true,"href":"https:\/\/consfriburgo.esteri.it\/it\/wp-json\/wp\/v2\/pages\/483"}],"wp:attachment":[{"href":"https:\/\/consfriburgo.esteri.it\/it\/wp-json\/wp\/v2\/media?parent=485"}],"curies":[{"name":"wp","href":"https:\/\/api.w.org\/{rel}","templated":true}]}}