{"id":53,"date":"2023-02-23T16:19:01","date_gmt":"2023-02-23T15:19:01","guid":{"rendered":"https:\/\/consfriburgo.esteri.it\/?page_id=53"},"modified":"2023-11-28T14:32:47","modified_gmt":"2023-11-28T13:32:47","slug":"la-sede","status":"publish","type":"page","link":"https:\/\/consfriburgo.esteri.it\/it\/chi-siamo\/la-sede\/","title":{"rendered":"La Sede"},"content":{"rendered":"<h5 style=\"text-align: justify;\">Cenni storici<\/h5>\n<p style=\"text-align: justify;\">Nonostante la regione di Friburgo in Brisgovia ospitasse qualche centinaia di cittadini e lavoratori di origine italiana prima e durante la Seconda Guerra Mondiale, il 20 dicembre 1942 il Ministero comunic\u00f2 la necessit\u00e0 installare una regia legazione nella regione, a prescindere dalla perplessit\u00e0 da parte del personale e dell\u2019amministrazione del tempo. Venne designato alla guida il Principe Marco Antonio Doria D\u2019Angri, figura facente parte dell\u2019aristocratica famiglia dei principi D\u2019Angri ma non appartenente alla carriera diplomatica: la sua carriera procedette fino all\u2019arresto di Mussolini ed al conseguente armistizio italiano, per cui solo colo che aderirono alla Repubblica di Sal\u00f2 poterono continuare il loro operato. Per i consolati non vi era pi\u00f9 vita facile, a causa della sempre pi\u00f9 limitata mediazione ed intervento da parte dell\u2019ambasciata a Berlino, motivo per cui vennero sempre pi\u00f9 lasciati a s\u00e9 stessi ed in condizione di precariet\u00e0 con le autorit\u00e0 locali, anch\u2019esse abbandonate a loro stesse e scollegate dall\u2019autorit\u00e0 centrale. Inoltre, tra fascisti di alto rango figurava l\u2019idea di allontanare i consoli considerati \u201ctiepidi\u201d o poco fidati ed il Doria era uno di quelli: venne arrestato nel giugno del 1944, poich\u00e9 il suo tentativo di tornare a Roma fall\u00ec. In quel momento, l\u2019ufficio consolare attravers\u00f2 un periodo di passaggi di potere fino al bombardamento della citt\u00e0 avvenuto il 27 novembre 1944, per cui a causa dello stato di distruzione venne trasferita la sede di Friburgo a Messkirch situata nel Baden.<\/p>\n<p style=\"text-align: justify;\">Dopo la fine della guerra il contatto tra Friburgo e l\u2019Italia consisteva sia nei rimpatri sia nelle attivit\u00e0 di assistenza ai connazionali rimasti, compito affidato agli ufficiali della \u201cmissione militare italiana di collegamento\u201d; nella citt\u00e0 rimase operativo l\u2019ufficio italiano d\u2019assistenza. Alla fine della fase di acuta emergenza durante il biennio 1945-1947 venne proposto al Ministero l\u2019istituzione di un consolato a Baden-Baden, poi\u00a0 venne aperto il 1 febbraio 1948 \u201cL\u2019Ufficio degli Interessi Italiani\u201d grazie all\u2019adesione di Roma e quella tardiva di Parigi. Per poter riattivare la funzione consolare serv\u00ec un altro anno ossia nel 1949, quando la mancanza di consenso da parte dell\u2019Ambasciata francese divenne nullo con la nascita della Repubblica Federale di Germania come ufficio consolare. Dal 1951 verr\u00e0 riorganizzata come Agenzia Consolare. Per circa 20 l\u2019ufficio ebbe funzione Vice Consolato, poi dal 1973 torn\u00f2 ad esercitare le funzioni pienamente consolari a causa dell\u2019aumento della popolazione italiana risiedente a Friburgo.<\/p>\n<p>&nbsp;<\/p>\n<p style=\"text-align: justify;\"><img loading=\"lazy\" decoding=\"async\" class=\"wp-image-19 img-fluid\" src=\"https:\/\/consfriburgo.esteri.it\/wp-content\/uploads\/2023\/02\/img_3070-300x211.jpg\" alt=\"Consolato Friburgo\" width=\"392\" height=\"276\" srcset=\"https:\/\/consfriburgo.esteri.it\/wp-content\/uploads\/2023\/02\/img_3070-300x211.jpg 300w, https:\/\/consfriburgo.esteri.it\/wp-content\/uploads\/2023\/02\/img_3070-1024x721.jpg 1024w, https:\/\/consfriburgo.esteri.it\/wp-content\/uploads\/2023\/02\/img_3070-768x541.jpg 768w, https:\/\/consfriburgo.esteri.it\/wp-content\/uploads\/2023\/02\/img_3070.jpg 1139w\" sizes=\"auto, (max-width: 392px) 100vw, 392px\" \/><\/p>\n<p>&nbsp;<\/p>\n<h5 style=\"text-align: justify;\">Come trovarci:<\/h5>\n<ul style=\"text-align: justify;\">\n<li><a href=\"https:\/\/www.google.de\/maps\/place\/Augustinerpl.+2,+79098+Freiburg+im+Breisgau\/@47.9938372,7.8486931,17z\/data=!3m1!4b1!4m6!3m5!1s0x47911c9921f61b87:0x221c72c8ee94e81a!8m2!3d47.9938372!4d7.851268!16s%2Fg%2F11crx79rsp?entry=ttu\">Posizione mappa online<\/a><\/li>\n<\/ul>\n<p>&nbsp;<\/p>\n<h5 style=\"text-align: justify;\">La nostra circoscrizione:<\/h5>\n<ul style=\"text-align: justify;\">\n<li><a href=\"https:\/\/consfriburgo.esteri.it\/wp-content\/uploads\/2023\/09\/Comuni-tedeschi-competenza-Consolato-Friburgo_de.pdf\">Elenco comuni nella circoscrizione<\/a><\/li>\n<\/ul>\n<p>&nbsp;<\/p>\n<h5 style=\"text-align: justify;\">Circoscrizione Consolare (n.9 Landkreise)<\/h5>\n<p style=\"text-align: justify;\">1- Breisgau-Hochschwarzwald (FR);<br \/>\n2- Emmendingen (EM);<br \/>\n3- Konstanz (KN);<br \/>\n4- L\u00f6rrach (L\u00d6);<br \/>\n5- Ortenau-Kreis (OG);<br \/>\n6- Rottweil (RW);<br \/>\n7- Schwarzwald-Baar-Kreis (VS);<br \/>\n8- Tuttlingen (TUT);<br \/>\n9- Waldshut (WT).<\/p>\n<p>&nbsp;<\/p>\n<h5>Ecco la <a href=\"https:\/\/www.google.com\/maps\/d\/edit?mid=1-egtrvAmjLwRVSWbsobxq2NRdr0bAcw&amp;usp=sharing\">mappa dei gemellaggi nella nostra circoscrizione<\/a>:<\/h5>\n<p>\u00c9 possibile cliccare sulle citt\u00e0 tedesche per vedere con quali comuni italiani sono gemellati<\/p>\n","protected":false},"excerpt":{"rendered":"Cenni storici Nonostante la regione di Friburgo in Brisgovia ospitasse qualche centinaia di cittadini e lavoratori di origine italiana prima e durante la Seconda Guerra Mondiale, il 20 dicembre 1942 il Ministero comunic\u00f2 la necessit\u00e0 installare una regia legazione nella regione, a prescindere dalla perplessit\u00e0 da parte del personale e dell\u2019amministrazione del tempo. Venne designato [&hellip;]","protected":false},"author":3,"featured_media":0,"parent":11,"menu_order":4,"comment_status":"closed","ping_status":"closed","template":"","meta":{"footnotes":""},"class_list":["post-53","page","type-page","status-publish","hentry"],"_links":{"self":[{"href":"https:\/\/consfriburgo.esteri.it\/it\/wp-json\/wp\/v2\/pages\/53","targetHints":{"allow":["GET"]}}],"collection":[{"href":"https:\/\/consfriburgo.esteri.it\/it\/wp-json\/wp\/v2\/pages"}],"about":[{"href":"https:\/\/consfriburgo.esteri.it\/it\/wp-json\/wp\/v2\/types\/page"}],"author":[{"embeddable":true,"href":"https:\/\/consfriburgo.esteri.it\/it\/wp-json\/wp\/v2\/users\/3"}],"replies":[{"embeddable":true,"href":"https:\/\/consfriburgo.esteri.it\/it\/wp-json\/wp\/v2\/comments?post=53"}],"version-history":[{"count":6,"href":"https:\/\/consfriburgo.esteri.it\/it\/wp-json\/wp\/v2\/pages\/53\/revisions"}],"predecessor-version":[{"id":2520,"href":"https:\/\/consfriburgo.esteri.it\/it\/wp-json\/wp\/v2\/pages\/53\/revisions\/2520"}],"up":[{"embeddable":true,"href":"https:\/\/consfriburgo.esteri.it\/it\/wp-json\/wp\/v2\/pages\/11"}],"wp:attachment":[{"href":"https:\/\/consfriburgo.esteri.it\/it\/wp-json\/wp\/v2\/media?parent=53"}],"curies":[{"name":"wp","href":"https:\/\/api.w.org\/{rel}","templated":true}]}}