{"id":5579,"date":"2024-05-29T10:00:13","date_gmt":"2024-05-29T08:00:13","guid":{"rendered":"https:\/\/consfriburgo.esteri.it\/?page_id=5579"},"modified":"2024-07-29T13:04:52","modified_gmt":"2024-07-29T11:04:52","slug":"certificazioni-linguistiche-cils-e-sprachzertifizierung","status":"publish","type":"page","link":"https:\/\/consfriburgo.esteri.it\/it\/servizi-consolari-e-visti\/servizi-per-il-cittadino-italiano\/ufficio-scuola\/certificazioni-linguistiche-cils-e-sprachzertifizierung\/","title":{"rendered":"Certificazioni linguistiche CILS e Sprachzertifizierung"},"content":{"rendered":"<p><img loading=\"lazy\" decoding=\"async\" class=\"alignnone size-full wp-image-5760 img-fluid\" src=\"https:\/\/consfriburgo.esteri.it\/wp-content\/uploads\/2024\/06\/banner-certificazioni-linguistiche.png\" alt=\"\" width=\"1000\" height=\"313\" srcset=\"https:\/\/consfriburgo.esteri.it\/wp-content\/uploads\/2024\/06\/banner-certificazioni-linguistiche.png 1000w, https:\/\/consfriburgo.esteri.it\/wp-content\/uploads\/2024\/06\/banner-certificazioni-linguistiche-300x94.png 300w, https:\/\/consfriburgo.esteri.it\/wp-content\/uploads\/2024\/06\/banner-certificazioni-linguistiche-768x240.png 768w\" sizes=\"auto, (max-width: 1000px) 100vw, 1000px\" \/><\/p>\n<p>L&#8217;Ufficio Scuola del Consolato promuove corsi di preparazione a certificazioni linguistiche convenzionate dal <span style=\"color: #135413;\"><strong><a style=\"color: #135413;\" href=\"https:\/\/www.esteri.it\/it\/diplomazia-culturale-e-diplomazia-scientifica\/cultura\/promozionelinguaitaliana\/societadantealighieri\/\">Ministero degli Affari Esteri<\/a><\/strong><\/span> al fine di dichiarare il livello di competenza comunicativa del soggetto che detiene tale certificato. Le certificazioni linguistiche sono le seguenti:<\/p>\n<ul>\n<li><strong>Sprachzertifizierung<\/strong> livelli A2 (dalla classe 5\u00b0) e B1 (dalla classe 10\u00b0) in collaborazione con il Kultusministerium del Baden W\u00fcrttemberg (valenza regionale)<\/li>\n<li><strong>CILS per i livelli A1-C2 con riconoscimento internazionale<\/strong><\/li>\n<\/ul>\n<p>Lo <strong><span style=\"color: #0b5c12;\"><a style=\"color: #0b5c12;\" href=\"https:\/\/consfriburgo.esteri.it\/wp-content\/uploads\/2023\/05\/certificazioni_linguistiche.pdf\">Sprachzertifizierung<\/a> <\/span><\/strong>\u00e8 una certificazione con valenza regionale, riconosciuta nella circoscrizione di Baden W\u00fcttenberg e in collaborazione con il Kultusministerium. I livelli disponibili sono A2 a partire dalla classe 5\u00b0 e B1 dalla classe 10\u00b0; la preparazione nei corsi e il sostenimento dell&#8217;esame sono <strong><span style=\"text-decoration: underline;\">gratuiti<\/span><\/strong>.<\/p>\n<p>Il <span style=\"color: #0b5c12;\"><a style=\"color: #0b5c12;\" href=\"https:\/\/cils.unistrasi.it\/home.asp\"><strong>CILS<\/strong> <strong>dell&#8217;Universit\u00e0 per Stranieri di Siena <\/strong><\/a><\/span>\u00e8, invece, la certificazione rilasciata dall&#8217;Universit\u00e0 per Stranieri di Siena con riconoscimento internazionale livelli A1-C2, e pu\u00f2 essere sostenuto da chiunque (non sono necessari titoli di studio per iscriversi all&#8217;esame); la preparazione nei <span style=\"text-decoration: underline;\">nostri corsi \u00e8 <strong>gratuita<\/strong>, <\/span>mentre il\u00a0sostenimento dell&#8217;<span style=\"text-decoration: underline;\">esame<\/span> prevede invece il <span style=\"text-decoration: underline;\"><strong>pagamento<\/strong> della tassa universitaria<\/span>. In alternativa, gli esami CILS possono essere sostenuti anche presso l&#8217;<span style=\"text-decoration: underline;\"><span style=\"color: #0b5c12; text-decoration: underline;\"><strong><a style=\"color: #0b5c12; text-decoration: underline;\" href=\"https:\/\/vivace-freiburg.de\/Home\/SchoolMain\">Ente Gestore Vivace<\/a><\/strong><\/span><\/span><span style=\"color: #0b5c12;\"><strong><a style=\"color: #0b5c12; text-decoration: underline;\" href=\"https:\/\/vivace-freiburg.de\/Home\/SchoolMain\"> e.V.<\/a><\/strong><\/span><\/p>\n","protected":false},"excerpt":{"rendered":"L&#8217;Ufficio Scuola del Consolato promuove corsi di preparazione a certificazioni linguistiche convenzionate dal Ministero degli Affari Esteri al fine di dichiarare il livello di competenza comunicativa del soggetto che detiene tale certificato. Le certificazioni linguistiche sono le seguenti: Sprachzertifizierung livelli A2 (dalla classe 5\u00b0) e B1 (dalla classe 10\u00b0) in collaborazione con il Kultusministerium del [&hellip;]","protected":false},"author":7,"featured_media":0,"parent":832,"menu_order":7,"comment_status":"closed","ping_status":"closed","template":"","meta":{"footnotes":""},"class_list":["post-5579","page","type-page","status-publish","hentry"],"_links":{"self":[{"href":"https:\/\/consfriburgo.esteri.it\/it\/wp-json\/wp\/v2\/pages\/5579","targetHints":{"allow":["GET"]}}],"collection":[{"href":"https:\/\/consfriburgo.esteri.it\/it\/wp-json\/wp\/v2\/pages"}],"about":[{"href":"https:\/\/consfriburgo.esteri.it\/it\/wp-json\/wp\/v2\/types\/page"}],"author":[{"embeddable":true,"href":"https:\/\/consfriburgo.esteri.it\/it\/wp-json\/wp\/v2\/users\/7"}],"replies":[{"embeddable":true,"href":"https:\/\/consfriburgo.esteri.it\/it\/wp-json\/wp\/v2\/comments?post=5579"}],"version-history":[{"count":6,"href":"https:\/\/consfriburgo.esteri.it\/it\/wp-json\/wp\/v2\/pages\/5579\/revisions"}],"predecessor-version":[{"id":5762,"href":"https:\/\/consfriburgo.esteri.it\/it\/wp-json\/wp\/v2\/pages\/5579\/revisions\/5762"}],"up":[{"embeddable":true,"href":"https:\/\/consfriburgo.esteri.it\/it\/wp-json\/wp\/v2\/pages\/832"}],"wp:attachment":[{"href":"https:\/\/consfriburgo.esteri.it\/it\/wp-json\/wp\/v2\/media?parent=5579"}],"curies":[{"name":"wp","href":"https:\/\/api.w.org\/{rel}","templated":true}]}}