{"id":584,"date":"2023-04-24T14:11:47","date_gmt":"2023-04-24T12:11:47","guid":{"rendered":"https:\/\/consfriburgo.esteri.it\/?page_id=584"},"modified":"2023-09-26T09:36:29","modified_gmt":"2023-09-26T07:36:29","slug":"domande-frequenti-anagrafe","status":"publish","type":"page","link":"https:\/\/consfriburgo.esteri.it\/it\/servizi-consolari-e-visti\/servizi-per-il-cittadino-italiano\/anagrafe-degli-italiani-residenti-allestero-aire\/domande-frequenti-anagrafe\/","title":{"rendered":"Domande Frequenti &#8211; Anagrafe"},"content":{"rendered":"<p style=\"text-align: justify;\"><strong>Che cos&#8217;\u00e8 l&#8217;A.I.R.E.?<\/strong><\/p>\n<p style=\"text-align: justify;\">A.I.R.E. significa &#8220;Anagrafe degli Italiani Residenti all&#8217;Estero&#8221;. Ogni cittadino italiano residente all&#8217;estero deve essere iscritto all&#8217;A.I.R.E. di un Comune italiano (il Comune in cui l&#8217;interessato o un antenato o un altro familiare diretto ha avuto la propria ultima residenza in Italia).<\/p>\n<p style=\"text-align: justify;\"><strong>Iscriversi all\u2019A.I.R.E. \u00e8 obbligatorio?<\/strong><\/p>\n<p style=\"text-align: justify;\">S\u00ec, l\u2019iscrizione all\u2019A.I.R.E. \u00e8 prevista dalla legge ed \u00e8 obbligatoria per tutti i cittadini italiani che intendano risiedere all\u2019estero per almeno 12 mesi.<\/p>\n<p style=\"text-align: justify;\"><strong>Come ci si iscrive all&#8217;A.I.R.E.?<\/strong><\/p>\n<p style=\"text-align: justify;\">L&#8217;iscrizione all&#8217;A.I.R.E., che \u00e8 gratuita, si deve richiedere tramite il portale informatico<a href=\"https:\/\/serviziconsolari.esteri.it\/ScoFE\/index.sco\"> FAST IT<\/a>.<\/p>\n<p style=\"text-align: justify;\"><strong>Cosa devo inviare per l\u2019iscrizione A.I.R.E.?<\/strong><\/p>\n<p style=\"text-align: justify;\">Il modulo di richiesta da compilare tramite il portale <a href=\"https:\/\/serviziconsolari.esteri.it\/ScoFE\/index.sco\">FAST IT<\/a>, la documentazione che provi l&#8217;effettiva residenza nella circoscrizione consolare (Anmeldung, cio\u00e8 il certificato di residenza rilasciato dall&#8217;autorit\u00e0 estera) e una copia del documento d&#8217;identit\u00e0 del richiedente e degli altri componenti del nucleo familiare.<\/p>\n<p style=\"text-align: justify;\"><strong>\u00c8 necessario aggiornare la propria residenza?<\/strong><\/p>\n<p style=\"text-align: justify;\">S\u00ec, perch\u00e9 l\u2019aggiornamento della residenza non \u00e8 automatico, e la mancata comunicazione al Consolato pu\u00f2 comportare disguidi e ritardi nell\u2019erogazione dei servizi consolari.<\/p>\n<p style=\"text-align: justify;\"><strong>Come si aggiorna la propria residenza?<\/strong><\/p>\n<p style=\"text-align: justify;\">In caso di cambio di residenza, occorre darne comunicazione al Consolato tramite<a href=\"https:\/\/serviziconsolari.esteri.it\/ScoFE\/index.sco\"> FAST IT<\/a> allegando la copia del certificato di residenza rilasciato dalle autorit\u00e0 estera (cio\u00e8 l&#8217;Anmeldung) e una copia del documento del dichiarante.<\/p>\n<p style=\"text-align: justify;\"><strong>\u00c8 necessario recarsi in Consolato?<\/strong><\/p>\n<p style=\"text-align: justify;\">No, per iscriversi all\u2019A.I.R.E. o aggiornare la propria residenza non \u00e8 necessario recarsi in Consolato. Tutto\u00a0deve essere fatto online, tramite <a href=\"https:\/\/serviziconsolari.esteri.it\/ScoFE\/index.sco\">FAST IT<\/a>.<\/p>\n<p style=\"text-align: justify;\"><strong>Che cos\u2019\u00e8 FAST IT?<\/strong><\/p>\n<p style=\"text-align: justify;\"><a href=\"https:\/\/serviziconsolari.esteri.it\/ScoFE\/index.sco\">FAST IT<\/a> \u00e8 un portale informatico (https:\/\/serviziconsolarionline.esteri.it) che permette di iscriversi all\u2019A.I.R.E., di comunicare un cambio di circoscrizione consolare\u00a0o di aggiornare la propria residenza all&#8217;interno della stessa circoscrizione\u00a0nel modo pi\u00f9 semplice e veloce, direttamente dalla propria abitazione.<\/p>\n<p style=\"text-align: justify;\"><strong>Il Consolato pu\u00f2 rilasciare un certificato di iscrizione <\/strong><strong>A.I.R.E.?<\/strong><\/p>\n<p style=\"text-align: justify;\">No, \u00e8 necessario richiederlo al Comune italiano di riferimento.<\/p>\n","protected":false},"excerpt":{"rendered":"Che cos&#8217;\u00e8 l&#8217;A.I.R.E.? A.I.R.E. significa &#8220;Anagrafe degli Italiani Residenti all&#8217;Estero&#8221;. Ogni cittadino italiano residente all&#8217;estero deve essere iscritto all&#8217;A.I.R.E. di un Comune italiano (il Comune in cui l&#8217;interessato o un antenato o un altro familiare diretto ha avuto la propria ultima residenza in Italia). Iscriversi all\u2019A.I.R.E. \u00e8 obbligatorio? S\u00ec, l\u2019iscrizione all\u2019A.I.R.E. \u00e8 prevista dalla legge [&hellip;]","protected":false},"author":7,"featured_media":0,"parent":88,"menu_order":0,"comment_status":"closed","ping_status":"closed","template":"","meta":{"footnotes":""},"class_list":["post-584","page","type-page","status-publish","hentry"],"_links":{"self":[{"href":"https:\/\/consfriburgo.esteri.it\/it\/wp-json\/wp\/v2\/pages\/584","targetHints":{"allow":["GET"]}}],"collection":[{"href":"https:\/\/consfriburgo.esteri.it\/it\/wp-json\/wp\/v2\/pages"}],"about":[{"href":"https:\/\/consfriburgo.esteri.it\/it\/wp-json\/wp\/v2\/types\/page"}],"author":[{"embeddable":true,"href":"https:\/\/consfriburgo.esteri.it\/it\/wp-json\/wp\/v2\/users\/7"}],"replies":[{"embeddable":true,"href":"https:\/\/consfriburgo.esteri.it\/it\/wp-json\/wp\/v2\/comments?post=584"}],"version-history":[{"count":6,"href":"https:\/\/consfriburgo.esteri.it\/it\/wp-json\/wp\/v2\/pages\/584\/revisions"}],"predecessor-version":[{"id":2334,"href":"https:\/\/consfriburgo.esteri.it\/it\/wp-json\/wp\/v2\/pages\/584\/revisions\/2334"}],"up":[{"embeddable":true,"href":"https:\/\/consfriburgo.esteri.it\/it\/wp-json\/wp\/v2\/pages\/88"}],"wp:attachment":[{"href":"https:\/\/consfriburgo.esteri.it\/it\/wp-json\/wp\/v2\/media?parent=584"}],"curies":[{"name":"wp","href":"https:\/\/api.w.org\/{rel}","templated":true}]}}