{"id":61,"date":"2023-02-23T16:21:24","date_gmt":"2023-02-23T15:21:24","guid":{"rendered":"https:\/\/consfriburgo.esteri.it\/?page_id=61"},"modified":"2023-09-28T10:00:50","modified_gmt":"2023-09-28T08:00:50","slug":"la-rete-consolare","status":"publish","type":"page","link":"https:\/\/consfriburgo.esteri.it\/it\/chi-siamo\/la-rete-consolare\/","title":{"rendered":"La Rete Consolare"},"content":{"rendered":"<div class=\"entry-content\">\n<p>In Germania esiste una rete consolare molto articolata vista la presenza di una significativa collettivit\u00e0 italiana.<\/p>\n<p>Di seguito l\u2019elenco delle sedi della nostra rete consolare\u00a0ed il link ai relativi siti web:<\/p>\n<p><a title=\"Vai al sito web dell'Ambasciata a Berlino. Attenzione! Questo link apre un sito esterno\" href=\"http:\/\/www.ambberlino.esteri.it\/\"><strong>BERLINO, Ambasciata d\u2019Italia<\/strong><\/a><br \/>\nHiroshimastr. 1<br \/>\n10785 Berlin<br \/>\nTel +49-30-254400<br \/>\nFax +49-30-25440116<br \/>\nE-mail:\u00a0<a title=\"segreteria.berlino@esteri.it\" href=\"mailto:segreteria.berlino@esteri.it\">segreteria.berlino@esteri.it<\/a><\/p>\n<p><a href=\"https:\/\/ambberlino.esteri.it\/it\/servizi-consolari-e-visti\/\">Sezione Consolare<\/a><br \/>\nHildebrandstr. 1<br \/>\n10785 Berlin<br \/>\nTel.: +49 (0) 30 25440 \u2013 100<br \/>\nFax: +49 (0) 30 25440 \u2013 189<br \/>\nE-mail:\u00a0<a title=\"consolare.berlino@esteri.it\" href=\"mailto:consolare.berlino@esteri.it\">consolare.berlino@esteri.it<\/a><\/p>\n<p>Orario di apertura:<br \/>\nLuned\u00ec e venerd\u00ec: ore 08.30 \u2013 12.30<br \/>\nMarted\u00ec: ore 08.30 \u2013 10.30<br \/>\nMercoled\u00ec e gioved\u00ec: ore 13.00 \u2013 17.00<\/p>\n<p>Circoscrizione: i L\u00e4nder di Berlino e Brandeburgo,\u00a0Sassonia, Sassonia-Anhalt e Turingia.<\/p>\n<p>&nbsp;<\/p>\n<p><strong><a href=\"http:\/\/www.consolato-amburgo.de\/\">AMBURGO, Consolato Onorario<\/a><br \/>\n<\/strong>Frauenthal\u00a021<br \/>\n20149 Hamburg<br \/>\nTel.: +49-40-444-05044<br \/>\nFax: +49-40-444-05046<br \/>\nE-mail:\u00a0<a href=\"mailto:info@consolato-amburgo.de\">info@consolato-amburgo.de<\/a><br \/>\nHomepage:\u00a0<a href=\"http:\/\/www.consolato-amburgo.de\/\">www.consolato-amburgo.de<\/a><br \/>\nCircoscrizione: Amburgo.<\/p>\n<p><strong><a title=\"Vai al sito web del Consolato di Brema. Attenzione! Questo link apre un sito esterno\" href=\"http:\/\/www.consolato-onorario-brema.de\/\">BREMA, Consolato Onorario<\/a><\/strong><br \/>\nKarl-Ferdinand-Braun-Str. 8<br \/>\n28359\u00a0 Bremen<br \/>\nTel. e Fax: +49 (0) 421 \u2013 702030<br \/>\nE-mail:\u00a0<a href=\"mailto:brema.onorario@esteri.it\">brema.onorario@esteri.it<\/a><br \/>\nCircoscrizione: Brema e Bremerhaven.<\/p>\n<p><a title=\"Vai al sito web del Consolato di Colonia. Attenzione! Questo link apre un sito esterno\" href=\"https:\/\/conscolonia.esteri.it\/it\/\"><strong>COLONIA, Consolato Generale d\u2019Italia<\/strong><\/a><br \/>\nUniversit\u00e4tstr. 81<br \/>\n50931 K\u00f6ln<br \/>\nTel. +49 \u2013 221 \u2013 400870<br \/>\nFax +49 \u2013 221 \u2013 4060350<br \/>\nE-mail:\u00a0<a title=\"info.colonia@esteri.it\" href=\"mailto:info.colonia@esteri.it\">info.colonia@esteri.it<\/a><\/p>\n<p>Orario di apertura:<br \/>\nLuned\u00ec \u2013 venerd\u00ec: ore 08.30 \u2013 12.30<br \/>\nMercoled\u00ec: ore 15.00 \u2013 17.30<\/p>\n<p>Circoscrizione: i L\u00e4nder di Colonia, D\u00fcsseldorf e Arnsberg limitatamente ai circondari di Olpe e Siegen-Wittgenstein.<\/p>\n<p><a title=\"Vai al sito web del Consolato di Dortmund. Attenzione! Questo link apre un sito esterno\" href=\"http:\/\/www.consdortmund.esteri.it\/\"><strong>DORTMUND, Consolato d\u2019Italia<\/strong><\/a><br \/>\nG\u00f6benstr. 14<br \/>\n44135 Dortmund<br \/>\nTel. +49 \u2013 231 \u2013 577960<br \/>\nFax +49 \u2013 231 \u2013 551379<br \/>\nE-mail:\u00a0<a title=\"segreteria.dortmund@esteri.it\" href=\"mailto:segreteria.dortmund@esteri.it\">segreteria.dortmund@esteri.it<\/a><\/p>\n<p>Orario di apertura:<br \/>\nLuned\u00ec, marted\u00ec, gioved\u00ec e venerd\u00ec: ore 09.00 \u2013 12.30<br \/>\nMercoled\u00ec: ore 14.30 \u2013 17.30<\/p>\n<p>Circoscrizione: i distretti governativi di\u00a0M\u00fcnster, Detmold ed Arnsberg ad eccezione dei circondari Olpe e Siegen-Wittgenstein.<\/p>\n<p><a title=\"Vai al sito web del Consolato di Dresda. Attenzione! Questo link apre un sito esterno\" href=\"http:\/\/www.consonordresda.de\/\"><strong>DRESDA, Consolato Onorario<\/strong><\/a><br \/>\nAugsburger Str. 3<br \/>\nD 01309 Dresda<br \/>\nTel.: +49-351-4444-488<br \/>\nFax: +49-351-444458-488<br \/>\nE-mail:\u00a0<a title=\"consolato@consonordresda.de\" href=\"mailto:consolato@consonordresda.de\">consolato@consonordresda.de<\/a><br \/>\nCircoscrizione: Distretto governativo di Dresda.<\/p>\n<p><strong><a title=\"Vai al sito web del Consolato Generale di Francoforte. Attenzione! Questo link apre un sito esterno\" href=\"https:\/\/consfrancoforte.esteri.it\/\">FRANCOFORTE SUL MENO, Consolato Generale d\u2019Italia<\/a><\/strong><br \/>\nDanziger Platz, 12<br \/>\n60314 Frankfurt am Main<br \/>\nTel.: +49-69-7531-0<br \/>\nFax: +49-69-7531-104<br \/>\nE-mail:\u00a0<a href=\"mailto:segreteria.francoforte@esteri.it\">segreteria.francoforte@esteri.it<\/a><\/p>\n<p>Orario di apertura:<br \/>\nLuned\u00ec \u2013 venerd\u00ec: ore 09.00 \u2013 12.00<br \/>\nMercoled\u00ec: ore 14.30 \u2013 17.00<\/p>\n<p>Circoscrizione: i L\u00e4nder di Assia, Renania-Palatinato, Saarland e Franconia Inferiore.<\/p>\n<p><a href=\"hamm.onorario@esteri.it\"><span id=\"hamm\"><strong> HAMM, Consolato Onorario d\u2019Italia<\/strong><\/span><\/a><\/p>\n<p>c\/o Stadt Hamm<br \/>\nTheodor-Heuss-Platz 16<br \/>\nMunicipio storico, Piano 2, Stanza 223<br \/>\n59065 Hamm<br \/>\nT +49 (0)2381 173050<br \/>\nF +49 (0)2381 172964<br \/>\nE-mail:\u00a0<a href=\"mailto:hamm.onorario@esteri.it\">hamm.onorario@esteri.it<\/a><\/p>\n<p>Orario di apertura:<br \/>\nLuned\u00ec, mercoled\u00ec e gioved\u00ec: ore 09.00 \u2013 12.00 (previo appuntamento in periodo di pandemia)<\/p>\n<p><a title=\"Vai al sito del Consolato di Hannover. Attenzione! Questo link apre un sito esterno\" href=\"http:\/\/www.conshannover.esteri.it\/\"><strong>HANNOVER, Consolato Generale d\u2019Italia<\/strong><\/a><br \/>\nFreundallee 27<br \/>\n30173 Hannover<br \/>\nTel. +49-511-283790\/9<br \/>\nFax +49-511-2837930<br \/>\nE-mail:\u00a0<a title=\"italia.consolato-hannover@t-online.de\" href=\"mailto:consolato@italia-hannover.de\">consolato@italia-hannover.de<\/a><\/p>\n<p>Orario di apertura:<br \/>\nLuned\u00ec: ore 15.00 \u2013 17.00<br \/>\nMarted\u00ec, mercoled\u00ec, gioved\u00ec: ore 09.00 \u2013 13.00<\/p>\n<p>Circoscrizione: i L\u00e4nder Amburgo, Brema, Schleswig-Holstein, Mecklemburgo-Pomerania anteriore e Bassa Sassonia, esclusi i circondari di Wolfsburg,\u00a0Gifhorn e Helmstedt.<\/p>\n<p><strong><a title=\"Vai al sito web del Consolato di Kiel. Attenzione! Questo link apre un sito esterno\" href=\"http:\/\/www.konsulat-kiel.de\/\">KIEL, Consolato Onorario<\/a><\/strong><br \/>\nBrunswicker Str. 40<br \/>\n24105 Kiel<br \/>\nTel.: +49-(0)431-5700080<br \/>\nFax: +49-(0)431-5700081<br \/>\nE-mail:\u00a0<a title=\"consolato-onorario-kiel@t-online.de\" href=\"mailto:consolato-onorario-kiel@t-online.de\">consolato-onorario-kiel@t-online.de<\/a><\/p>\n<p>Orario di apertura:<br \/>\nMercoled\u00ec: ore 10.00 \u2013 12.00 e ore 15.00 \u2013 17.00, oppure previo appuntamento<\/p>\n<p>Circoscrizione: Land\u00a0Schleswig-Holstein.<\/p>\n<p><strong><a title=\"Vai al sito web del Consolato di Lipsia. Attenzione! Questo link apre un sito esterno\" href=\"http:\/\/www.conslipsia.de\/\">LIPSIA, Consolato\u00a0Onorario<\/a><\/strong><br \/>\nMesse-Allee 1<br \/>\n04356 Leipzig<br \/>\nTelefon +49 \u2013 341 \u2013 678 9000<br \/>\nTelefax +49 \u2013 341 \u2013 678 8102<br \/>\nMobil\u00a0\u00a0 +49 \u2013 172 \u2013 3436202<br \/>\nE-mail:\u00a0<a title=\"ufficio@conslipsia.de\" href=\"mailto:ufficio@conslipsia.de\">ufficio@conslipsia.de<\/a><br \/>\nCircoscrizione: il distretto governativo di Lipsia ed il distretto governativo di Chemnitz.<\/p>\n<p><a href=\"http:\/\/www.consolato-onorario-mannheim.de\/\"><strong>MANNHEIM, Consolato Onorario <\/strong><\/a>c\/o m:con \u2013 mannheim:congress GmbH<br \/>\nRosengartenplatz 2<br \/>\n68161 Mannheim<br \/>\nTel.: +49 (0)621 33840 225<br \/>\nE-mail: mannheim.onorario@esteri.it<br \/>\nSito web:\u00a0<a href=\"http:\/\/www.consolato-onorario-mannheim.de\/\">www.consolato-onorario-mannheim.de<\/a><\/p>\n<p>Orario di apertura:<br \/>\nMercoled\u00ec: ore 14.00 \u2013 17.00 previo appuntamento<\/p>\n<p>Circoscrizione: Citt\u00e0 di Mannheim<\/p>\n<p><a title=\"Vai al sito web del consolato di Monaco di Baviera. Attenzione! Questo link apre un sito esterno\" href=\"http:\/\/www.consmonacodibaviera.esteri.it\/\"><strong>MONACO DI BAVIERA, Consolato Generale d\u2019Italia<\/strong><\/a><br \/>\nM\u00f6hlstr. 3<br \/>\n81675 M\u00fcnchen<br \/>\nTel. +49-89-4180030 \u2013 31 -34<br \/>\nFax +49-89-477999<br \/>\nE-mail:\u00a0<a title=\"italcons.monacobaviera@esteri.it\" href=\"mailto:italcons.monacobaviera@esteri.it\">italcons.monacobaviera@esteri.it<\/a><\/p>\n<p>Orario di apertura:<br \/>\nLuned\u00ec, mercoled\u00ec e venerd\u00ec: ore 09.00 \u2013 12.00<br \/>\nMarted\u00ec e gioved\u00ec: ore 09.00 \u2013 12.00 e 13.30 \u2013 16.00<\/p>\n<p>Circoscrizione: Land Baviera ad esclusione della Franconia Inferiore.<\/p>\n<p><span id=\"norimberga\"><\/span><a href=\"https:\/\/consfriburgo.esteri.it\/wp-admin\/norimberga.onorario@esteri.it\"><strong>NORIMBERGA, Consolato Onorario d\u2019Italia\u00a0<\/strong><\/a><br \/>\nLorenzer Platz 3<br \/>\n90402 N\u00fcrnberg<br \/>\nTel.: +49 (0)911 2022239<br \/>\nFax: +49 (0)911 2022107<br \/>\nE-mail:\u00a0<a href=\"mailto:norimberga.onorario@esteri.it\">norimberga.onorario@esteri.it<\/a><\/p>\n<p>Orario d\u2019apertura:<br \/>\nVenerd\u00ec: ore 14.00 \u2013 17.00<\/p>\n<p><a href=\"saar.sportello@esteri.it\"><strong>SAARBR\u00dcCKEN, Sportello Consolare<\/strong><\/a><br \/>\nAm Ludwigsplatz 7<br \/>\n66117 Saarbr\u00fccken<br \/>\nTel.: +49 (0) 681 92566666<br \/>\nFax: + 49 681 92566667<br \/>\nE-mail:\u00a0<a class=\"focus--mouse\" href=\"mailto:saar.sportello@esteri.it\" data-focus-mouse=\"true\">saar.sportello@esteri.it<\/a><\/p>\n<p>Orario di apertura\u00a0(solo su appuntamento):<br \/>\nLuned\u00ec \u2013 venerd\u00ec: ore 10.00 \u2013 12.00<br \/>\nMercoled\u00ec: ore 14.00 \u2013 16.00<\/p>\n<p>Circoscrizione: il Land Saarland.<\/p>\n<p><a title=\"Vai al sito web del Consolato di Stoccarda. Attenzione! Questo link apre un sito esterno\" href=\"http:\/\/www.consstoccarda.esteri.it\/\"><strong>STOCCARDA, Consolato Generale d\u2019Italia<\/strong><\/a><br \/>\nLenzhalde 46<br \/>\n70192 Stuttgart<br \/>\nTel. +49-711-25630<br \/>\nFax +49-711-2563136<br \/>\nE-mail:\u00a0<a title=\"consolato.stoccarda@esteri.it\" href=\"mailto:consolato.stoccarda@esteri.it\">consolato.stoccarda@esteri.it<\/a><\/p>\n<p>Orario di apertura:<br \/>\nLuned\u00ec, marted\u00ec, mercoled\u00ec e venerd\u00ec: ore 09.00 \u2013 12.30<br \/>\nGioved\u00ec: ore 13.00 \u2013 17.00<\/p>\n<p>Circoscrizione: il Land Baden-W\u00fcrttemberg (escluso il distretto di Friburgo).<\/p>\n<p><a title=\"Vai al sito web del Consolato di Wolfsburg. Attenzione! Questo link apre un sito esterno\" href=\"http:\/\/www.conswolfsburg.esteri.it\/\"><strong>WOLFSBURG, Agenzia Consolare d\u2019Italia<\/strong><\/a><br \/>\nPorschestr. 74<br \/>\n38440 Wolfsburg<br \/>\nTel. +49-5361-23077\/8<br \/>\nFax +49-5361-21358<br \/>\nE-mail:\u00a0<a title=\"info.wolfsburg@esteri.it\" href=\"mailto:info.wolfsburg@esteri.it\">info.wolfsburg@esteri.it<\/a><\/p>\n<p>Orario di apertura:<br \/>\nLuned\u00ec \u2013 venerd\u00ec: ore 09.00 \u2013 12.00<br \/>\nMarted\u00ec e gioved\u00ec: ore 15.00 \u2013 17.00<br \/>\n<strong>Circoscrizione<\/strong>: la citt\u00e0 di Wolfsburg e i distretti governativi di Gifhorn e Helmstedt nel Land Bassa Sassonia<\/p>\n<\/div>\n","protected":false},"excerpt":{"rendered":"In Germania esiste una rete consolare molto articolata vista la presenza di una significativa collettivit\u00e0 italiana. Di seguito l\u2019elenco delle sedi della nostra rete consolare\u00a0ed il link ai relativi siti web: BERLINO, Ambasciata d\u2019Italia Hiroshimastr. 1 10785 Berlin Tel +49-30-254400 Fax +49-30-25440116 E-mail:\u00a0segreteria.berlino@esteri.it Sezione Consolare Hildebrandstr. 1 10785 Berlin Tel.: +49 (0) 30 25440 \u2013 [&hellip;]","protected":false},"author":3,"featured_media":0,"parent":11,"menu_order":12,"comment_status":"closed","ping_status":"closed","template":"","meta":{"footnotes":""},"class_list":["post-61","page","type-page","status-publish","hentry"],"_links":{"self":[{"href":"https:\/\/consfriburgo.esteri.it\/it\/wp-json\/wp\/v2\/pages\/61","targetHints":{"allow":["GET"]}}],"collection":[{"href":"https:\/\/consfriburgo.esteri.it\/it\/wp-json\/wp\/v2\/pages"}],"about":[{"href":"https:\/\/consfriburgo.esteri.it\/it\/wp-json\/wp\/v2\/types\/page"}],"author":[{"embeddable":true,"href":"https:\/\/consfriburgo.esteri.it\/it\/wp-json\/wp\/v2\/users\/3"}],"replies":[{"embeddable":true,"href":"https:\/\/consfriburgo.esteri.it\/it\/wp-json\/wp\/v2\/comments?post=61"}],"version-history":[{"count":7,"href":"https:\/\/consfriburgo.esteri.it\/it\/wp-json\/wp\/v2\/pages\/61\/revisions"}],"predecessor-version":[{"id":2527,"href":"https:\/\/consfriburgo.esteri.it\/it\/wp-json\/wp\/v2\/pages\/61\/revisions\/2527"}],"up":[{"embeddable":true,"href":"https:\/\/consfriburgo.esteri.it\/it\/wp-json\/wp\/v2\/pages\/11"}],"wp:attachment":[{"href":"https:\/\/consfriburgo.esteri.it\/it\/wp-json\/wp\/v2\/media?parent=61"}],"curies":[{"name":"wp","href":"https:\/\/api.w.org\/{rel}","templated":true}]}}