{"id":717,"date":"2023-04-28T10:02:40","date_gmt":"2023-04-28T08:02:40","guid":{"rendered":"https:\/\/consfriburgo.esteri.it\/?page_id=717"},"modified":"2025-12-08T10:17:36","modified_gmt":"2025-12-08T09:17:36","slug":"pasaaporti","status":"publish","type":"page","link":"https:\/\/consfriburgo.esteri.it\/it\/servizi-consolari-e-visti\/servizi-per-il-cittadino-italiano\/carta-didentita-elettronica-e-passaporti\/pasaaporti\/","title":{"rendered":"Passaporti"},"content":{"rendered":"<h4 style=\"text-align: center;\"><strong>IMPORTANTE<\/strong><\/h4>\n<p style=\"text-align: justify;\"><strong>PER PRENOTARE UN APPUNTAMENTO PER IL RILASCIO DEL PASSAPORTO \u00c8 NECESSARIO REGISTRARSI E PRENOTARE SUL PORTALE PRENOTAMI:<br \/>\n<\/strong><\/p>\n<p style=\"text-align: center;\"><strong>PER ACCEDERE AL PORTALE CLICCATE QUI SOTTO<\/strong><\/p>\n<h3 style=\"text-align: center;\"><strong>\u201c<\/strong><strong><a href=\"https:\/\/prenotami.esteri.it\/\">Prenot@mi<\/a><\/strong><strong>\u201c<\/strong><\/h3>\n<h2 style=\"text-align: center;\"><span style=\"text-decoration: underline;\"><strong>Si precisa che il servizio di prenotazione \u00e8 GRATUITO<\/strong><\/span><\/h2>\n<p style=\"text-align: justify;\"><b>L&#8217;APPUNTAMENTO TRAMITE IL PORTALE &#8220;<\/b><a style=\"font-weight: bold;\" href=\"https:\/\/prenotami.esteri.it\/\">Prenot@mi<\/a><b>&#8221; \u00c9 IL PRIMO PASSO PER OTTENERE IL PASSAPORTO. SE INCONTRATE DIFFICOLT\u00c1\u00a0DURANTE LA REGISTRAZIONE O AVETE DEI DUBBI POTETE CONTATTARCI VIA MAIL A <\/b><a style=\"font-weight: bold;\" href=\"friburgo.assistente@esteri.it\">friburgo.assistente@esteri.it<\/a><b> O TELEFONICAMENTE DALLE 09:00 ALLE 12:00 OGNI GIORNO AL <\/b><span style=\"text-decoration: underline;\">0761 386610<\/span><b>. DUNQUE VI PREGHIAMO DI EVITARE DI RECARVI DI PERSONA PRESSO I LOCALI DEL CONSOLATO SENZA APPUNTAMENTO.<\/b><\/p>\n<p style=\"text-align: justify;\">La richiesta e la ricevuta di avvenuta richiesta per e-mail non equivalgono alla conferma dell&#8217;appuntamento: la conferma deve essere monitorata di volta in volta sulla pagina personale del portale \u201c<a href=\"https:\/\/prenotami.esteri.it\/\">Prenot@mi<\/a>\u201c.<\/p>\n<p style=\"text-align: justify;\">Vi consigliamo di mantenere aggiornato il vostro indirizzo; in caso non lo sia, vi invitiamo a modificarlo sul portale <a href=\"https:\/\/serviziconsolari.esteri.it\/ScoFE\/index.sco\"><u>FAST- IT<\/u><\/a>. Se doveste riscontrare problemi all&#8217;interno del portale, potete scrivere alla mail <a href=\"anagrafe.friburgo@esteri.it\">anagrafe.friburgo@esteri.it<\/a>.<\/p>\n<p><strong>I nostri uffici effettuano controlli a campione sulla regolarit\u00e0 delle prenotazioni effettuate.<\/strong><\/p>\n<p style=\"text-align: justify;\"><strong>Vi ricordiamo che aggiornare l&#8217;indirizzo e inserire i dati completi nel Portale agevola un esame veloce della richiesta, senza rischi di cancellazione dell&#8217;appuntamento, che comunque il Consolato si riserva di motivare.\u00a0<\/strong><\/p>\n<p style=\"text-align: justify;\">L\u2019Ufficio Passaporti del Consolato d&#8217;Italia a Friburgo si occupa SOLO delle pratiche relative al rilascio dei passaporti dei cittadini italiani residenti nella circoscrizione consolare.<\/p>\n<p style=\"text-align: justify;\">Per i\u00a0<strong>minori di 12 anni<\/strong>\u00a0e\u00a0<strong>per i connazionali che<\/strong>, a causa di un\u2019<strong>inabilit\u00e0 permanente comprovata da certificato medico<\/strong>, non siano in condizione di venire personalmente in Consolato,\u00a0<strong>non \u00e8 prevista la rilevazione delle impronte digitali, la fototessera del richiedente deve tuttavia essere autenticata.<\/strong><\/p>\n<p style=\"text-align: justify;\">In questi casi si pu\u00f2 evadere la pratica per posta, ma il richiedente deve inviare una fototessera biometrica, autenticata da un pubblico ufficiale tedesco (notaio o comune), utilizzando il modulo al <a href=\"https:\/\/consfriburgo.esteri.it\/wp-content\/uploads\/2023\/10\/autentica_foto_minore-per-comune-tedesco.pdf\">seguente link<\/a>. Nel caso non sia possibile far autenticare la fototessera da un pubblico ufficiale tedesco, il richiedente dovr\u00e0 presentarsi in Consolato previa fissazione di un appuntamento sul portale <a href=\"https:\/\/prenotami.esteri.it\/\">PRENOT@MI<\/a>.<\/p>\n<p style=\"text-align: justify;\">Rimane tuttavia possibile accedere all\u2019ufficio senza appuntamento, solo per coloro\u00a0<strong>che abbiano comprovati motivi d\u2019urgenza da indicare via mail a <a href=\"passaporti.friburgo@esteri.it\">passaporti.friburgo@esteri.it<\/a><\/strong>, che questo Consolato si riserva di valutare.<\/p>\n<p>&nbsp;<\/p>\n<h4 style=\"text-align: justify;\"><strong>DOCUMENTAZIONE DA PRESENTARE:<\/strong><\/h4>\n<ol>\n<li style=\"text-align: justify;\"><strong>Fotocopia<\/strong> dell\u2019ultimo passaporto o carta d\u2019identit\u00e0;<\/li>\n<li style=\"text-align: justify;\"><strong>Una fotografia<\/strong>\u00a04,5 x 3,5 cm\u00a0<a href=\"https:\/\/consfriburgo.esteri.it\/wp-content\/uploads\/2023\/09\/picture-instructions.pdf\">(recente, frontale, a colori)<\/a>;<\/li>\n<li>RICEVUTA DEL BONIFICO CHE ATTESTI IL PAGAMENTO (vedi <strong><a href=\"https:\/\/consfriburgo.esteri.it\/wp-content\/uploads\/2025\/11\/bonifico.pdf\">dati del Consolato per bonifico<\/a><\/strong>)<strong><strong style=\"text-align: justify;\">\u00a0<\/strong><\/strong><strong style=\"text-align: justify;\">equivalente a \u20ac116,20<\/strong><span style=\"text-align: justify;\"><span style=\"text-align: justify;\"> per ciascun passaporto.<br \/>\nL&#8217;importo deve essere versato sul conto corrente del <strong>Konsulat der Italienischen Republik<\/strong>:<br \/>\n<\/span><\/span><\/p>\n<p style=\"text-align: center;\"><strong>IBAN: DE 73 68070024 0065192703<\/strong><\/p>\n<p style=\"text-align: center;\">c\/c n. 065192703, BLZ 68070024<\/p>\n<p style=\"text-align: center;\">BIC\/SWIFT DEUTDEDBFRE<\/p>\n<p style=\"text-align: center;\">presso la Deutsche Bank Freiburg intestato al <strong>Konsulat der Italienischen Republik<\/strong>.<\/p>\n<p style=\"text-align: center;\"><strong>NELLA CAUSALE INDICARE:<\/strong><\/p>\n<p style=\"text-align: center;\"><strong>IL<span style=\"text-decoration: underline;\"> COGNOME<\/span>, IL <span style=\"text-decoration: underline;\">NOME<\/span> E LA <span style=\"text-decoration: underline;\">DATA DI NASCITA<\/span> DEL CITTADINO ITALIANO INTESTATARIO DEL DOCUMENTO.<\/strong><\/p>\n<p>&nbsp;<\/li>\n<li style=\"text-align: justify;\">i<strong>n caso di smarrimento<\/strong>, denuncia resa e sottoscritta presso l\u2019ufficio passaporti;<\/li>\n<li style=\"text-align: justify;\"><strong>in caso di furto<\/strong>, denuncia resa alle autorit\u00e0 di polizia tedesca.<\/li>\n<\/ol>\n<p>~~~~~~~~~~~~~~~~~~~~~~~~~~~~~~~~~~~~~~~~~~~~~~~~~~~~~~~~~~~~~~~~~~~~~~~~~~~~~~~~~~~~~<\/p>\n<p style=\"text-align: justify;\"><strong>****NEL CASO IL RICHIEDENTE IL PASSAPORTO ABBIA FIGLI MINORI:****<\/strong><\/p>\n<p>&nbsp;<\/p>\n<p style=\"text-align: justify;\">Quando vi \u00e8 concreto e attuale pericolo che a causa del trasferimento all\u2019estero, il genitore di prole minore possa sottrarsi all\u2019adempimento degli obblighi verso i figli, sar\u00e0 possibile per l\u2019altro richiedere una inibitoria al rilascio del documento (articolo 3- bis della L. 1185\/1967). L\u2019istanza potr\u00e0 essere presentata presso il giudice competente presso il Tribunale ordinario in cui il minore ha la residenza abituale o, se il minore \u00e8 residente all\u2019estero, il Tribunale nel cui circondario si trova il suo Comune di iscrizione AIRE.<\/p>\n<p style=\"text-align: justify;\"><strong>Ai fini del rilascio dei documenti per i minori, invece resta l\u2019obbligo dell\u2019assenso firmato da entrambi genitori<\/strong> o da chi esercita la responsabilit\u00e0 genitoriale.<\/p>\n<p>&nbsp;<\/p>\n<p>\u00c8 necessario la firma del <a href=\"https:\/\/consfriburgo.esteri.it\/wp-content\/uploads\/2023\/03\/domanda_passaporto_minorenni.pdf\">modulo<\/a> di assenso di entrambi i genitori.<\/p>\n<p>~~~~~~~~~~~~~~~~~~~~~~~~~~~~~~~~~~~~~~~~~~~~~~~~~~~~~~~~~~~~~~~~~~~~~~~~~~~~~~~~~~~~~<\/p>\n<p><strong>****NEL CASO IL RICHIEDENTE SIA MINORE DI 12 ANNI****<\/strong><\/p>\n<p style=\"text-align: justify;\">NON sar\u00e0 necessario recarsi in Consolato, ma si potranno inviare i seguenti documenti <strong><span style=\"text-decoration: underline;\">via posta<\/span> <\/strong>a <strong>Consolato d&#8217;Italia a Friburgo, Augustinerplatz 2, 79098 Freiburg im Breisgau<\/strong>:<\/p>\n<ol>\n<li style=\"text-align: justify;\">Una <strong>fotografia<\/strong> con i seguenti requisiti: <a href=\"https:\/\/consfriburgo.esteri.it\/wp-content\/uploads\/2023\/09\/picture-instructions.pdf\">recente (non oltre 6 mesi), frontale ed a colori<\/a>;<\/li>\n<li style=\"text-align: justify;\"><strong>Fotocopia<\/strong> <span style=\"text-decoration: underline;\">DOCUMENTI DI IDENTIT\u00c0<\/span><span style=\"text-decoration: underline;\"> dei genitori<\/span><\/li>\n<li>RICEVUTA DEL BONIFICO CHE ATTESTI IL PAGAMENTO (vedi <strong><a href=\"https:\/\/consfriburgo.esteri.it\/wp-content\/uploads\/2025\/11\/bonifico.pdf\">dati del Consolato per bonifico<\/a><\/strong>)<strong style=\"text-align: justify;\"> equivalente a \u20ac116,20<\/strong><span style=\"text-align: justify;\"><span style=\"text-align: justify;\"> per ciascun passaporto.<br \/>\nL&#8217;importo deve essere versato sul conto corrente del Consolato d&#8217;Italia:<br \/>\n<\/span><\/span><\/p>\n<p style=\"text-align: center;\"><strong>IBAN: DE 73 68070024 0065192703<\/strong><\/p>\n<p style=\"text-align: center;\">c\/c n. 065192703, BLZ 68070024<\/p>\n<p style=\"text-align: center;\">BIC\/SWIFT DEUTDEDBFRE<\/p>\n<p style=\"text-align: center;\">presso la Deutsche Bank Freiburg intestato al Konsulat der Italienischen Republik.<\/p>\n<p style=\"text-align: center;\"><strong>NELLA CAUSALE INDICARE:<\/strong><\/p>\n<p style=\"text-align: center;\"><strong>IL<span style=\"text-decoration: underline;\"> COGNOME<\/span>, IL <span style=\"text-decoration: underline;\">NOME<\/span> E LA <span style=\"text-decoration: underline;\">DATA DI NASCITA<\/span> DEL CITTADINO ITALIANO INTESTATARIO DEL DOCUMENTO.<\/strong><\/p>\n<p>&nbsp;<\/li>\n<li>per i minori di 12 anni,<strong>\u00a0busta preaffrancata da 4,25 \u20ac<\/strong>\u00a0per le eventuali\u00a0spese di spedizione.\u00a0<strong>Attenzione: si prega di NON effettuare bonifici bancari per le spese postali!<\/strong><\/li>\n<\/ol>\n<p style=\"text-align: justify;\">Il trasferimento di cui sopra dovr\u00e0 essere effettuato <strong>almeno 3 giorni prima<\/strong> della presentazione della domanda di passaporto presso l&#8217;Ufficio consolare e la copia del versamento dovr\u00e0 essere portata con s\u00e9 il giorno dell&#8217;appuntamento.<\/p>\n<p style=\"text-align: justify;\"><span style=\"text-decoration: underline;\">Solo qualora non sia possibile<\/span> pagare con bonifico, si potr\u00e0 pagare con bancomat (solo EC-Karte) oppure in contanti allo sportello.<\/p>\n<p style=\"text-align: justify;\"><strong>\u00a0<\/strong><\/p>\n<h4 style=\"text-align: justify;\"><em>ULTERIORI INFORMAZIONI UTILI<\/em><\/h4>\n<h5 style=\"text-align: justify;\"><strong>VALIDITA\u2019 E\u00a0 COSTI<\/strong><\/h5>\n<p>La validit\u00e0 del passaporto varia a seconda dell\u2019et\u00e0 del titolare ed \u00e8 di:<\/p>\n<ul>\n<li><strong>3 anni <\/strong>per i minori di et\u00e0 compresa tra 0 e 3 anni;<\/li>\n<li><strong>5 anni <\/strong>per i minori di et\u00e0 compresa tra 3 anni e il raggiungimento della maggiore et\u00e0 (18 anni);<\/li>\n<li><strong>10 ann<\/strong>i dai 18 anni di et\u00e0.<\/li>\n<\/ul>\n<h5 style=\"text-align: justify;\"><strong>DIRITTO D<\/strong><strong>\u2019 URGENZA<\/strong><\/h5>\n<p style=\"text-align: justify;\">In caso di comprovata urgenza e qualora non ci siano spazi disponibili sul portale <a href=\"https:\/\/prenotami.esteri.it\/\">Prenot@mi<\/a>, qualora le circostanze lo consentano, si pu\u00f2 richiedere un passaporto con iter accelerato, pagando il diritto di urgenza di ulteriori \u20ac50, per un totale di \u20ac166,20 e inviando le prove dell\u2019urgenza all\u2019indirizzo: <a href=\"mailto:friburgo.assistente@esteri.it\">friburgo.assistente@esteri.it<\/a>;\u00a0\u00a0 <a href=\"mailto:passaporti.friburgo@esteri.it\">passaporti.friburgo@esteri.it<\/a><\/p>\n<p style=\"text-align: justify;\">La sua richiesta verr\u00e0 valutata e le verr\u00e0 dato un appuntamento non appena avremo disponibilit\u00e0. Si ricorda ai connazionali che si tratta di una procedura straordinaria soggetta a valutazione delle circostanze.<\/p>\n<h4 style=\"text-align: justify;\"><strong>CONTATTI UTILI<\/strong><\/h4>\n<p style=\"text-align: justify;\">Tel: <strong>0761 38661 41<\/strong><\/p>\n<p style=\"text-align: justify;\">Tel: <strong>0761 38661 44<\/strong><\/p>\n<p style=\"text-align: justify;\">Email: <a href=\"mailto:passaporti.friburgo@esteri.it\"><strong>passaporti.friburgo@esteri.it<\/strong><\/a><\/p>\n<p style=\"text-align: justify;\">PEC: <a href=\"mailto:con.friburgo.pass@cert.esteri.it\"><strong>con.friburgo.pass@cert.esteri.it<\/strong><\/a><\/p>\n","protected":false},"excerpt":{"rendered":"IMPORTANTE PER PRENOTARE UN APPUNTAMENTO PER IL RILASCIO DEL PASSAPORTO \u00c8 NECESSARIO REGISTRARSI E PRENOTARE SUL PORTALE PRENOTAMI: PER ACCEDERE AL PORTALE CLICCATE QUI SOTTO \u201cPrenot@mi\u201c Si precisa che il servizio di prenotazione \u00e8 GRATUITO L&#8217;APPUNTAMENTO TRAMITE IL PORTALE &#8220;Prenot@mi&#8221; \u00c9 IL PRIMO PASSO PER OTTENERE IL PASSAPORTO. SE INCONTRATE DIFFICOLT\u00c1\u00a0DURANTE LA REGISTRAZIONE O AVETE [&hellip;]","protected":false},"author":7,"featured_media":0,"parent":2820,"menu_order":3,"comment_status":"closed","ping_status":"closed","template":"","meta":{"footnotes":""},"class_list":["post-717","page","type-page","status-publish","hentry"],"_links":{"self":[{"href":"https:\/\/consfriburgo.esteri.it\/it\/wp-json\/wp\/v2\/pages\/717","targetHints":{"allow":["GET"]}}],"collection":[{"href":"https:\/\/consfriburgo.esteri.it\/it\/wp-json\/wp\/v2\/pages"}],"about":[{"href":"https:\/\/consfriburgo.esteri.it\/it\/wp-json\/wp\/v2\/types\/page"}],"author":[{"embeddable":true,"href":"https:\/\/consfriburgo.esteri.it\/it\/wp-json\/wp\/v2\/users\/7"}],"replies":[{"embeddable":true,"href":"https:\/\/consfriburgo.esteri.it\/it\/wp-json\/wp\/v2\/comments?post=717"}],"version-history":[{"count":7,"href":"https:\/\/consfriburgo.esteri.it\/it\/wp-json\/wp\/v2\/pages\/717\/revisions"}],"predecessor-version":[{"id":14660,"href":"https:\/\/consfriburgo.esteri.it\/it\/wp-json\/wp\/v2\/pages\/717\/revisions\/14660"}],"up":[{"embeddable":true,"href":"https:\/\/consfriburgo.esteri.it\/it\/wp-json\/wp\/v2\/pages\/2820"}],"wp:attachment":[{"href":"https:\/\/consfriburgo.esteri.it\/it\/wp-json\/wp\/v2\/media?parent=717"}],"curies":[{"name":"wp","href":"https:\/\/api.w.org\/{rel}","templated":true}]}}