{"id":733,"date":"2023-04-28T10:55:17","date_gmt":"2023-04-28T08:55:17","guid":{"rendered":"https:\/\/consfriburgo.esteri.it\/?page_id=733"},"modified":"2025-11-25T14:46:11","modified_gmt":"2025-11-25T13:46:11","slug":"informazioni-ufficio-passaporti","status":"publish","type":"page","link":"https:\/\/consfriburgo.esteri.it\/it\/servizi-consolari-e-visti\/servizi-per-il-cittadino-italiano\/carta-didentita-elettronica-e-passaporti\/pasaaporti\/informazioni-ufficio-passaporti\/","title":{"rendered":"Informazioni &#8211; Ufficio Passaporti"},"content":{"rendered":"<h4 style=\"text-align: center;\" role=\"main\" aria-label=\"articolo\">L&#8217;<strong>Ufficio Passaporti<\/strong> \u00e8 l\u2019ufficio che svolge le pratiche relative al rilascio dei passaporti. Vi ricordiamo che per prendere un appuntamento \u00e8 necessario utilizzare il portale <strong style=\"text-align: center;\">\u201c<\/strong><strong style=\"text-align: center;\"><a href=\"https:\/\/prenotami.esteri.it\/\">Prenot@mi<\/a><\/strong><strong style=\"text-align: center;\">\u201c<\/strong><\/h4>\n<article role=\"main\" aria-label=\"articolo\"><\/article>\n<article id=\"articolo_centro\" class=\"col-md-19 col-sm-19 padding_articolo item-page\" role=\"main\" aria-label=\"articolo\">Email:\u00a0<strong><a href=\"mailto:passaporti.friburgo@esteri.it\">passaporti.friburgo@esteri.it<\/a><\/strong><\/article>\n<article class=\"col-md-19 col-sm-19 padding_articolo item-page\" role=\"main\" aria-label=\"articolo\">PEC:\u00a0<strong><a href=\"mailto:con.friburgo.pass@cert.esteri.it\">con.friburgo.pass@cert.esteri.it<\/a><\/strong><\/article>\n<article role=\"main\" aria-label=\"articolo\"><\/article>\n<article role=\"main\" aria-label=\"articolo\"><\/article>\n<article role=\"main\" aria-label=\"articolo\"><\/article>\n<article class=\"col-md-19 col-sm-19 padding_articolo item-page\" role=\"main\" aria-label=\"articolo\"><\/article>\n<article role=\"main\" aria-label=\"articolo\"><\/article>\n<article role=\"main\" aria-label=\"articolo\"><\/article>\n<p>&nbsp;<\/p>\n<h5 style=\"text-align: center;\"><strong>! ATTENZIONE !<\/strong><\/h5>\n<p style=\"text-align: justify;\">I nuovi arrivati, sia dall&#8217;Italia sia da altra circoscrizione consolare, dovranno preventivamente fare richiesta di iscrizione all&#8217;AIRE (clicca <a href=\"https:\/\/consfriburgo.esteri.it\/it\/servizi-consolari-e-visti\/servizi-per-il-cittadino-italiano\/anagrafe-degli-italiani-residenti-allestero-aire\/\"><strong>qui<\/strong><\/a> per ulteriori informazioni).<\/p>\n<p style=\"text-align: justify;\">Anche i cambiamenti di indirizzo dovranno essere preventivamente comunicati prima del rilascio del passaporto all&#8217;ufficio anagrafe del Consolato.<\/p>\n<p style=\"text-align: justify;\">Per i cittadini italiani nati all&#8217;estero condizione indispensabile per il rilascio del passaporto \u00e8 la trascrizione dell&#8217;atto di nascita presso il Comune italiano di residenza o di iscrizione AIRE della madre o del genitore italiano.<\/p>\n<article class=\"col-md-19 col-sm-19 padding_articolo item-page\" role=\"main\" aria-label=\"articolo\">\n<h5 style=\"text-align: justify;\"><strong>COSTI<\/strong><\/h5>\n<p style=\"text-align: justify;\">Il passaporto \u00e8 un documento rilasciato dietro il pagamento delle tasse previste dalla vigente normativa.<br \/>\nIl rilascio di un nuovo passaporto costa\u00a0<strong>\u20ac116,20<\/strong>. Il passaporto ha validit\u00e0 in tutti i Paesi i cui Governi sono riconosciuti dal Governo italiano).<\/p>\n<p style=\"text-align: justify;\"><strong>L&#8217;importo deve essere corrisposto a questo Consolato tramite uno dei seguenti metodi di pagamento:<\/strong><\/p>\n<p style=\"text-align: justify;\"><strong>1)<\/strong> Trasferimento bancario (<a href=\"https:\/\/consfriburgo.esteri.it\/wp-content\/uploads\/2025\/11\/bonifico-1.pdf\">Link)<\/a><\/p>\n<p style=\"text-align: justify;\">c\/c n. 065192703, BLZ 68070024,<\/p>\n<p style=\"text-align: justify;\">IBAN DE73680700240065192703<\/p>\n<p style=\"text-align: justify;\">BIC\/SWIFT DEUTDEDBFRE<\/p>\n<p style=\"text-align: justify;\">presso la Deutsche Bank Freiburg intestato al Konsulat der Italienischen Republik.<\/p>\n<p style=\"text-align: justify;\">Nella causale si prega di indicare il nome, il cognome e la data di nascita del cittadino italiano al quale deve essere rilasciato il documento. Il trasferimento di cui sopra dovr\u00e0 essere effettuato almeno 3 giorni prima della presentazione della domanda di passaporto presso l&#8217;Ufficio consolare e copia del versamento dovr\u00e0 essere allegata alla documentazione (<a href=\"https:\/\/consfriburgo.esteri.it\/wp-content\/uploads\/2025\/11\/bonifico-1.pdf\">esempio<\/a>).<\/p>\n<p style=\"text-align: justify;\"><strong>2) <\/strong>Solo qualora non sia possibile il pagamento tramite bonifico, \u00e8 possibile pagare con bancomat (solo EC-Karte) oppure in contanti presso la Cassa di questo Consolato.<\/p>\n<h5 style=\"text-align: justify;\"><strong>MODALIT\u00c0 RICHIESTA PASSAPORTO<\/strong><\/h5>\n<p style=\"text-align: justify;\">Dal 3 dicembre 2009 il passaporto biometrico viene rilasciato solo mediante l&#8217;acquisizione delle impronte digitali del richiedente, secondo quanto disposto dalla normativa vigente.<\/p>\n<p style=\"text-align: justify;\">Lo stesso giorno in cui si presentano presso l&#8217;ufficio passaporti per la captazione delle proprie impronte, gli interessati dovranno portare con s\u00e9 la seguente documentazione:<\/p>\n<p style=\"text-align: justify;\">1. Qualora si intenda pagare mediante bonifico bancario, \u00e9 necessaria una copia che attesti l\u2019avvenuto pagamento dell\u2019importo di\u00a0 <strong>\u20ac116,20<\/strong> sul <a href=\"https:\/\/consfriburgo.esteri.it\/wp-content\/uploads\/2025\/11\/bonifico-1.pdf\">conto del Consolato<\/a>.<\/p>\n<p style=\"text-align: justify;\">2. Passaporto scaduto (che potr\u00e0 essere restituito previo annullamento).<\/p>\n<p style=\"text-align: justify;\">3. Una foto recente di formato biometrico (<a href=\"https:\/\/consfriburgo.esteri.it\/wp-content\/uploads\/2023\/09\/picture-instructions.pdf\">clicca qui per il formato<\/a>). Presso questo Consolato \u00e8 in funzione un impianto fotografico automatico per la produzione di fotografie biometriche per passaporti (il costo \u00e8 di 10 euro per 4 fotografie).<\/p>\n<h5 style=\"text-align: justify;\"><strong>FURTO O SMARRIMENTO DI DOCUMENTI DI IDENTITA\u2019<\/strong><\/h5>\n<p style=\"text-align: justify;\">1. In caso di furto o smarrimento di un documento di identit\u00e0, per ottenere da questo Consolato il rilascio di un documento di viaggio chiamato <a href=\"https:\/\/consfriburgo.esteri.it\/it\/servizi-consolari-e-visti\/servizi-per-il-cittadino-italiano\/carta-didentita-elettronica-e-passaporti\/pasaaporti\/emergency-travel-documents-etd\/\">ETD (Emergency Travel Document)<\/a>, per cui si deve presentare la copia della denuncia alle autorit\u00e0 locali di polizia competenti.<\/p>\n<p style=\"text-align: justify;\">2. In caso di emergenza e urgenza si segnala che, la Polizia federale tedesca (Bundespolizei), pu\u00f2 rilasciare un documento nazionale definito \u201cNotreiseausweis\u201d (\u201cDocumento di riconoscimento di viaggio di emergenza\u201d) di validit\u00e0 massima di 30 giorni per rientrare nel luogo di residenza. L\u2019accertamento dell&#8217;identit\u00e0 del richiedente avviene secondo criteri di discrezionalit\u00e0. Il documento, che pu\u00f2 essere prenotato anche online (<strong><a href=\"https:\/\/www.service-bw.de\/zufi\/leistungen\/1815\">https:\/\/www.service-bw.de\/zufi\/leistungen\/1815<\/a><\/strong>) e viene rilasciato dagli Uffici della Bundespolizei negli aeroporti, nei porti marittimi e nelle principali stazioni ferroviarie. E\u2019 necessario provvedersi di 1 foto formato tessera.<\/p>\n<h5 style=\"text-align: justify;\"><strong>RILASCIO DI PASSAPORTO A MINORENNI<\/strong><\/h5>\n<p style=\"text-align: justify;\">Si ricorda che dal 25 novembre 2009, a seguito dell\u2019entrata in vigore del decreto legge 135\/2009 non \u00e8 pi\u00f9 consentito iscrivere i figli minori nel passaporto dei genitori. Entro il 26 giugno 2012 in base a nuove disposizioni dell\u2019Unione Europea tutti i minori che viaggiano all\u2019estero dovranno essere muniti di proprio documento. I passaporti con data anteriore al 25 novembre 2009 che contengono ancora l\u2019iscrizione di minori, non consentiranno a questi ultimi di attraversare le frontiere. I minori potranno viaggiare solo se muniti di documento di viaggio individuale.<\/p>\n<p style=\"text-align: justify;\">Per il rilascio del passaporto ai minori occorre compilare la\u00a0<a href=\"https:\/\/consfriburgo.esteri.it\/wp-content\/uploads\/2023\/04\/domanda_passaporto_minorenni.pdf\"><strong>domanda di passaporto con i dati del minore<\/strong><\/a>\u00a0allegando due foto recenti di formato biometrico. I modelli sono scaricabili nella sessione\u00a0<a href=\"https:\/\/consfriburgo.esteri.it\/it\/chi-siamo\/la-sede\/modulistica-e-banche-dati\/\"><strong>Modulistica e banche dati<\/strong><\/a>. La pratica di rilascio del passaporto al minore di 12 anni pu\u00f2 essere espletata anche per posta. In tal caso\u00a0<strong>una delle foto deve essere autenticata dal comune di residenza in Germania<\/strong>.<\/p>\n<p style=\"text-align: justify;\">\u00c9 vivamente consigliato richiedere il passaporto almeno <strong>un mese prima<\/strong> della scadenza del documento in corso di validit\u00e0 di cui si \u00e8 in possesso, ed evitare di farne richiesta nei periodi di forte afflusso (prima delle vacanze natalizie, pasquali ed estive).<\/p>\n<p style=\"text-align: justify;\">Si ricorda che per vivere in Germania e viaggiare negli Stati dell&#8217;Unione Europea o in Svizzera \u00e8 sufficiente la carta d&#8217;identit\u00e0 valida per l&#8217;espatrio.<\/p>\n<h5 style=\"text-align: justify;\"><strong>PRECISAZIONI SUI PASSAPORTI ELETTRONICI E SUI VISTI DI INGRESSO NEGLI STATI UNITI<\/strong><\/h5>\n<p style=\"text-align: justify;\">Per i connazionali che viaggiano per gli Stati Uniti, si fa presente che questo Consolato Generale non \u00e8 competente a rilasciare informazioni sulla normativa visti degli Stati Uniti che, oltretutto, per ragioni di sicurezza, \u00e8 soggetta a continuo aggiornamento. Si prega pertanto di rivolgersi al Consolato Generale degli Stati Uniti di Francoforte, di consultare il sito internet del\u00a0<a title=\"Visita il sito del Dipartimento di Stato degli USA. Attenzione! Il link conduce ad un sito esterno\" href=\"http:\/\/www.state.gov\/\">Dipartimento di Stato degli Stati Uniti<\/a>\u00a0o il Sistema Elettronico per l\u2019Autorizzazione al Viaggio (<a title=\"Visita il sito ESTA. Attenzione! Il link conduce ad un sito esterno\" href=\"https:\/\/esta.cbp.dhs.gov\/\">ESTA \u2013 Electronic System for Travel Authorization<\/a>).<br \/>\nSi rammenta comunque che, per recarsi negli Stati Uniti, occorre un passaporto elettronico completo di impronte e firma\u00a0digitali, valido per tutti i Paesi riconosciuti dal Governo Italiano,\u00a0nonch\u00e9 l\u2019autorizzazione anticipata al viaggio da richiedere tramite Internet, al Sistema Elettronico per l\u2019Autorizzazione al Viaggio (ESTA).<\/p>\n<h5 style=\"text-align: justify;\"><strong>RESPONSABILIT\u00c1<\/strong><\/h5>\n<p style=\"text-align: justify;\">Si rammenta che in caso di dichiarazioni mendaci o produzione di documentazione falsa si incorre in sanzioni penali.<\/p>\n<p style=\"text-align: justify;\">Si fa presente che quelle che precedono sono informazioni generali, non esaustive della complessa materia. Per ottenere informazioni su casi particolari e personali potete scriverci (allegando il francobollo per la risposta), oppure inviare una richiesta e-mail al nostro indirizzo:\u00a0<a href=\"mailto:passaporti.friburgo@esteri.it\">passaporti.friburgo@esteri.<\/a><\/p>\n<\/article>\n","protected":false},"excerpt":{"rendered":"L&#8217;Ufficio Passaporti \u00e8 l\u2019ufficio che svolge le pratiche relative al rilascio dei passaporti. Vi ricordiamo che per prendere un appuntamento \u00e8 necessario utilizzare il portale \u201cPrenot@mi\u201c Email:\u00a0passaporti.friburgo@esteri.it PEC:\u00a0con.friburgo.pass@cert.esteri.it &nbsp; ! ATTENZIONE ! I nuovi arrivati, sia dall&#8217;Italia sia da altra circoscrizione consolare, dovranno preventivamente fare richiesta di iscrizione all&#8217;AIRE (clicca qui per ulteriori informazioni). Anche [&hellip;]","protected":false},"author":7,"featured_media":0,"parent":717,"menu_order":0,"comment_status":"closed","ping_status":"closed","template":"","meta":{"footnotes":""},"class_list":["post-733","page","type-page","status-publish","hentry"],"_links":{"self":[{"href":"https:\/\/consfriburgo.esteri.it\/it\/wp-json\/wp\/v2\/pages\/733","targetHints":{"allow":["GET"]}}],"collection":[{"href":"https:\/\/consfriburgo.esteri.it\/it\/wp-json\/wp\/v2\/pages"}],"about":[{"href":"https:\/\/consfriburgo.esteri.it\/it\/wp-json\/wp\/v2\/types\/page"}],"author":[{"embeddable":true,"href":"https:\/\/consfriburgo.esteri.it\/it\/wp-json\/wp\/v2\/users\/7"}],"replies":[{"embeddable":true,"href":"https:\/\/consfriburgo.esteri.it\/it\/wp-json\/wp\/v2\/comments?post=733"}],"version-history":[{"count":6,"href":"https:\/\/consfriburgo.esteri.it\/it\/wp-json\/wp\/v2\/pages\/733\/revisions"}],"predecessor-version":[{"id":14624,"href":"https:\/\/consfriburgo.esteri.it\/it\/wp-json\/wp\/v2\/pages\/733\/revisions\/14624"}],"up":[{"embeddable":true,"href":"https:\/\/consfriburgo.esteri.it\/it\/wp-json\/wp\/v2\/pages\/717"}],"wp:attachment":[{"href":"https:\/\/consfriburgo.esteri.it\/it\/wp-json\/wp\/v2\/media?parent=733"}],"curies":[{"name":"wp","href":"https:\/\/api.w.org\/{rel}","templated":true}]}}