{"id":744,"date":"2023-04-28T11:11:37","date_gmt":"2023-04-28T09:11:37","guid":{"rendered":"https:\/\/consfriburgo.esteri.it\/?page_id=744"},"modified":"2025-11-24T09:51:14","modified_gmt":"2025-11-24T08:51:14","slug":"domande-frequenti-passaporti","status":"publish","type":"page","link":"https:\/\/consfriburgo.esteri.it\/it\/servizi-consolari-e-visti\/servizi-per-il-cittadino-italiano\/carta-didentita-elettronica-e-passaporti\/pasaaporti\/domande-frequenti-passaporti\/","title":{"rendered":"Domande frequenti &#8211; Passaporti"},"content":{"rendered":"<ol>\n<li style=\"text-align: justify;\"><strong>Chi pu\u00f2 richiedere il passaporto?<br \/>\n<\/strong>Possono richiedere il passaporto solo i cittadini italiani; non \u00e8 prevista un&#8217;et\u00e0 minima per il rilascio del passaporto.<\/li>\n<li style=\"text-align: justify;\"><strong>Se ho la doppia cittadinanza (italiana e tedesca) devo <\/strong><strong>necessariamente avere anche il passaporto italiano per conservare la <\/strong><strong>cittadinanza?<br \/>\n<\/strong>No. Il possesso del passaporto italiano non \u00e8 un obbligo. Senza passaporto non si perde la cittadinanza italiana.<\/li>\n<li style=\"text-align: justify;\"><strong>Si pu\u00f2 avere sia il passaporto che la carta d\u2019identit\u00e0 italiana insieme?<br \/>\n<\/strong>S\u00ec, l\u2019uno non esclude l\u2019altra, essendo documenti rilasciati per scopi diversi.<\/li>\n<li style=\"text-align: justify;\"><strong>Quanto costa?<br \/>\n<\/strong>Il rilascio del passaporto \u00e8 soggetto al pagamento del libretto passaporto e di un contributo amministrativo, per un totale di 116,20 \u20ac.<\/li>\n<li style=\"text-align: justify;\"><strong>Quali sono i tempi d\u2019attesa?<br \/>\n<\/strong>Il passaporto viene solitamente rilasciato, salvo in casi particolarmente urgenti, in non pi\u00f9 di 30 giorni, a seconda della quantit\u00e0 di richieste da evadere da parte dell&#8217;ufficio.<\/li>\n<li style=\"text-align: justify;\"><strong>In caso di particolare urgenza?<br \/>\n<\/strong>In casi di particolare e comprovata urgenza e qualora la documentazione sia completa e regolarmente presentata al Consolato, si pu\u00f2 richiedere l\u2019emissione del passaporto entro 24 ore, con un pagamento supplementare di 50 \u20ac per i diritti d\u2019urgenza. Qualora la documentazione sia giudicata incompleta, non sar\u00e0 possibile procedere all&#8217;emissione del documento.<\/li>\n<li style=\"text-align: justify;\"><strong>Devo necessariamente risiedere nella circoscrizione di Friburgo?<br \/>\n<\/strong>In casi eccezionali, espressamente motivati, il passaporto pu\u00f2 essere rilasciato anche a cittadini italiani residenti in altre circoscrizioni consolari o in Italia; in tali casi, tuttavia, il rilascio \u00e8 subordinato all&#8217;acquisizione di delega da parte dell\u2019autorit\u00e0 competente per il luogo di residenza (Questura o rappresentanza consolare) e richiede tempi di elaborazione pi\u00f9 lunghi.<\/li>\n<li style=\"text-align: justify;\"><strong>Devo necessariamente recarmi in Consolato?<br \/>\n<\/strong>S\u00ec, \u00e8 necessario recarsi in Consolato per l\u2019acquisizione dei dati biometrici. Non \u00e8 per\u00f2 necessario recarsi in Consolato per il ritiro del documento, che pu\u00f2 essere spedito per posta (v. istruzioni).<\/li>\n<li style=\"text-align: justify;\"><b>Sono sposata. Posso inserire sul passaporto il cognome di mio marito, <\/b><strong>come in Germania?<br \/>\n<\/strong>No, non \u00e8 possibile indicare il cognome del coniuge al posto del proprio. Apparir\u00e0 il cognome da nubile. Il cognome del marito potr\u00e0 essere indicato alla voce \u201cconiugata\u201d.<\/li>\n<li><strong>Il nome di mio figlio minore sar\u00e0 scritto sul mio passaporto?<br \/>\n<\/strong>No. Il passaporto \u00e8 un documento personale.<\/li>\n<li style=\"text-align: justify;\"><strong>Se chiedo il passaporto e ho figli minori, cosa devo portare?<\/strong><\/li>\n<\/ol>\n<p style=\"text-align: center;\"><strong>Attenzione nuova procedura \u2013 Passaporti e CIE \u2013 Assenso dell\u2019altro genitore<\/strong><\/p>\n<p style=\"text-align: justify;\">Si informano i connazionali,\u00a0<strong>genitori di figli minori<\/strong>, che a partire dal 14 giugno 2023\u00a0<strong>non sar\u00e0 pi\u00f9 necessario presentare l\u2019atto di assenso dell\u2019altro genitore ai fini del rilascio del proprio documento d\u2019identit\u00e0<\/strong>\u00a0(passaporto e CIE), ai sensi dell\u2019art. 20 del D.L. 69\/2023.<\/p>\n<p style=\"text-align: justify;\">Il richiedente il passaporto che abbia figli minori dovr\u00e0 attestare l\u2019assenza di\u00a0<a href=\"https:\/\/consfriburgo.esteri.it\/wp-content\/uploads\/2023\/06\/Dichiarazione_assenza_ostative_passaporto.pdf\">inibitorie<\/a>, vale a dire di non essere soggetto a provvedimenti giudiziari altrove che impedisca il rilascio del passaporto, sotto la propria responsabilit\u00e0 a norma degli artt. 46 e 47 del DPR 445\/2000.<\/p>\n<p style=\"text-align: justify;\">Quando vi \u00e8 concreto e attuale pericolo che a causa del trasferimento all\u2019estero, il genitore di prole minore possa sottrarsi all\u2019adempimento degli obblighi verso i figli, sar\u00e0 possibile per l\u2019altro richiedere una inibitoria al rilascio del documento (articolo 3- bis della L. 1185\/1967). L\u2019istanza potr\u00e0 essere presentata presso il giudice competente presso il Tribunale ordinario in cui il minore ha la residenza abituale o, se il minore \u00e8 residente all\u2019estero, il Tribunale nel cui circondario si trova il suo Comune di iscrizione AIRE.<\/p>\n<p style=\"text-align: justify;\">\n","protected":false},"excerpt":{"rendered":"Chi pu\u00f2 richiedere il passaporto? Possono richiedere il passaporto solo i cittadini italiani; non \u00e8 prevista un&#8217;et\u00e0 minima per il rilascio del passaporto. Se ho la doppia cittadinanza (italiana e tedesca) devo necessariamente avere anche il passaporto italiano per conservare la cittadinanza? No. Il possesso del passaporto italiano non \u00e8 un obbligo. Senza passaporto non [&hellip;]","protected":false},"author":7,"featured_media":0,"parent":717,"menu_order":0,"comment_status":"closed","ping_status":"closed","template":"","meta":{"footnotes":""},"class_list":["post-744","page","type-page","status-publish","hentry"],"_links":{"self":[{"href":"https:\/\/consfriburgo.esteri.it\/it\/wp-json\/wp\/v2\/pages\/744","targetHints":{"allow":["GET"]}}],"collection":[{"href":"https:\/\/consfriburgo.esteri.it\/it\/wp-json\/wp\/v2\/pages"}],"about":[{"href":"https:\/\/consfriburgo.esteri.it\/it\/wp-json\/wp\/v2\/types\/page"}],"author":[{"embeddable":true,"href":"https:\/\/consfriburgo.esteri.it\/it\/wp-json\/wp\/v2\/users\/7"}],"replies":[{"embeddable":true,"href":"https:\/\/consfriburgo.esteri.it\/it\/wp-json\/wp\/v2\/comments?post=744"}],"version-history":[{"count":7,"href":"https:\/\/consfriburgo.esteri.it\/it\/wp-json\/wp\/v2\/pages\/744\/revisions"}],"predecessor-version":[{"id":14573,"href":"https:\/\/consfriburgo.esteri.it\/it\/wp-json\/wp\/v2\/pages\/744\/revisions\/14573"}],"up":[{"embeddable":true,"href":"https:\/\/consfriburgo.esteri.it\/it\/wp-json\/wp\/v2\/pages\/717"}],"wp:attachment":[{"href":"https:\/\/consfriburgo.esteri.it\/it\/wp-json\/wp\/v2\/media?parent=744"}],"curies":[{"name":"wp","href":"https:\/\/api.w.org\/{rel}","templated":true}]}}