{"id":838,"date":"2023-05-09T11:15:36","date_gmt":"2023-05-09T09:15:36","guid":{"rendered":"https:\/\/consfriburgo.esteri.it\/?page_id=838"},"modified":"2025-10-07T09:28:51","modified_gmt":"2025-10-07T07:28:51","slug":"p-t-o-f","status":"publish","type":"page","link":"https:\/\/consfriburgo.esteri.it\/it\/servizi-consolari-e-visti\/servizi-per-il-cittadino-italiano\/ufficio-scuola\/p-t-o-f\/","title":{"rendered":"P.T.O.F."},"content":{"rendered":"<p style=\"text-align: justify;\"><img loading=\"lazy\" decoding=\"async\" class=\"alignnone wp-image-8156 img-fluid\" src=\"https:\/\/consfriburgo.esteri.it\/wp-content\/uploads\/2024\/07\/1.png\" alt=\"\" width=\"987\" height=\"494\" srcset=\"https:\/\/consfriburgo.esteri.it\/wp-content\/uploads\/2024\/07\/1.png 1920w, https:\/\/consfriburgo.esteri.it\/wp-content\/uploads\/2024\/07\/1-300x150.png 300w, https:\/\/consfriburgo.esteri.it\/wp-content\/uploads\/2024\/07\/1-1024x512.png 1024w, https:\/\/consfriburgo.esteri.it\/wp-content\/uploads\/2024\/07\/1-768x384.png 768w\" sizes=\"auto, (max-width: 987px) 100vw, 987px\" \/><\/p>\n<p style=\"text-align: justify;\">L&#8217;acronimo P.T.O.F. sta per Piano Triennale dell&#8217;Offerta Formativa. Il P.T.O.F. introdotto nella scuola italiana con l\u2019art. 1 comma 14 della legge 107\/2015 a modifica dell\u2019art. 3 del decreto 275 del 1999, rappresenta l\u2019identit\u00e0 culturale e progettuale di ogni singola istituzione scolastica in riscontro alle esigenze del territorio.<\/p>\n<p style=\"text-align: justify;\">All&#8217;estero il P.T.O.F. diviene, nel nostro caso, un documento identificativo non gi\u00e0 di una scuola ma dell\u00b4 offerta formativa e didattica del MAECI (Ministero degli Affari Esteri e della Cooperazione Internazionale) nella circoscrizione consolare di Friburgo in coerenza con le esigenze interne e del territorio.<\/p>\n<p style=\"text-align: justify;\">Ogni realt\u00e0 scolastica ha il compito di redigere e pubblicare il P.T.O.F. ogni tre anni, con un&#8217;indicazione chiara e dettagliata di obiettivi, linea d&#8217;azione e mezzi a disposizione per raggiungerli e aggiornarlo ogni anno scolastico.<\/p>\n<p style=\"text-align: justify;\">Il P.T.O.F., quindi, promuove la progettualit\u00e0. Inoltre, ha finalit\u00e0 non soltanto organizzative, ma anche informative. Esso contiene la programmazione curriculare, extracurricolare, educativa e organizzativa oltre alla programmazione delle attivit\u00e0 formative.\u00a0Per il P.T.O.F. valgono i criteri di trasparenza: infatti, va reso accessibile a tutte le persone che gravitano all&#8217;interno e intorno alla realt\u00e0 scolastica sul sito web di riferimento.<\/p>\n<p style=\"text-align: justify;\">Genitori, insegnanti, alunne ed alunni, istituzioni, associazioni, enti e altri organismi a contatto con la realt\u00e0 scolastica hanno il diritto di consultarlo in ogni momento.<\/p>\n<p style=\"text-align: justify;\">Il Piano Triennale dell&#8217;Offerta Formativa richiede la discussione, la valutazione e l&#8217;accordo congiunto di pi\u00f9 personalit\u00e0 e gruppi all&#8217;interno della realt\u00e0 scolastica, tutti influenti e con un ruolo preciso.<\/p>\n<p style=\"text-align: justify;\">L&#8217;elaborazione del PTOF \u00e8 un compito spettante al collegio dei docenti. Nel caso delle realt\u00e0\u00a0 scolastiche estere esso viene anche approvato dal collegio dei docenti. La sua funzione e\u00b4 quella di illustrare la progettazione volta alla promozione della lingua e della cultura italiana all\u00b4 estero anche coinvolgendo la comunit\u00e0 locale e il territorio.<\/p>\n<p><a href=\"https:\/\/www.flipbookpdf.net\/web\/site\/16962674d8d657bd9162f235af565264a258f051202505.pdf.html#page\/10\"><strong>Piano Triennale Offerta Formativa A.S. 2025\/2028<\/strong><\/a><\/p>\n<p><a href=\"https:\/\/online.fliphtml5.com\/kborn\/tsqu\/#p=6\"><strong>Piano Triennale Offerta Formativa A.S. 2024\/2025<\/strong><\/a><\/p>\n<p><a href=\"https:\/\/online.fliphtml5.com\/kborn\/bpge\/#p=1\"><strong>Piano Triennale Offerta Formativa A.S. 2023\/2024<\/strong><\/a><\/p>\n<hr \/>\n<p><em><strong>Ecco il Giornalino della circoscrizione di Friburgo:<\/strong><\/em><\/p>\n<ul>\n<li><a href=\"https:\/\/online.fliphtml5.com\/hetdp\/nzhd\/#p=1\"><strong>GIORNALINO A.S. 2024-2025<\/strong><\/a><\/li>\n<li><a href=\"https:\/\/online.fliphtml5.com\/cvdog\/lnco\/#p=1\"><strong>GIORNALINO A.S. 2023-2024<\/strong><\/a><\/li>\n<li><strong><a href=\"https:\/\/www.yumpu.com\/it\/document\/read\/68407654\/giornalino-friburgo-2022-2023\">GIORNALINO A.S. 2022-2023<\/a><\/strong><\/li>\n<li><a href=\"https:\/\/www.yumpu.com\/it\/document\/view\/67109490\/giornalino-friburgo-2022\" target=\"_blank\" rel=\"noopener\"><strong>GIORNALINO A.S. 2021-2022<\/strong><\/a><\/li>\n<li><a href=\"https:\/\/www.yumpu.com\/it\/document\/view\/67109490\/giornalino-friburgo-2022\"><strong>GIORNALINO A.S. 2020-2021<\/strong><\/a><\/li>\n<\/ul>\n","protected":false},"excerpt":{"rendered":"L&#8217;acronimo P.T.O.F. sta per Piano Triennale dell&#8217;Offerta Formativa. Il P.T.O.F. introdotto nella scuola italiana con l\u2019art. 1 comma 14 della legge 107\/2015 a modifica dell\u2019art. 3 del decreto 275 del 1999, rappresenta l\u2019identit\u00e0 culturale e progettuale di ogni singola istituzione scolastica in riscontro alle esigenze del territorio. All&#8217;estero il P.T.O.F. diviene, nel nostro caso, un [&hellip;]","protected":false},"author":7,"featured_media":0,"parent":832,"menu_order":2,"comment_status":"closed","ping_status":"closed","template":"","meta":{"footnotes":""},"class_list":["post-838","page","type-page","status-publish","hentry"],"_links":{"self":[{"href":"https:\/\/consfriburgo.esteri.it\/it\/wp-json\/wp\/v2\/pages\/838","targetHints":{"allow":["GET"]}}],"collection":[{"href":"https:\/\/consfriburgo.esteri.it\/it\/wp-json\/wp\/v2\/pages"}],"about":[{"href":"https:\/\/consfriburgo.esteri.it\/it\/wp-json\/wp\/v2\/types\/page"}],"author":[{"embeddable":true,"href":"https:\/\/consfriburgo.esteri.it\/it\/wp-json\/wp\/v2\/users\/7"}],"replies":[{"embeddable":true,"href":"https:\/\/consfriburgo.esteri.it\/it\/wp-json\/wp\/v2\/comments?post=838"}],"version-history":[{"count":7,"href":"https:\/\/consfriburgo.esteri.it\/it\/wp-json\/wp\/v2\/pages\/838\/revisions"}],"predecessor-version":[{"id":14117,"href":"https:\/\/consfriburgo.esteri.it\/it\/wp-json\/wp\/v2\/pages\/838\/revisions\/14117"}],"up":[{"embeddable":true,"href":"https:\/\/consfriburgo.esteri.it\/it\/wp-json\/wp\/v2\/pages\/832"}],"wp:attachment":[{"href":"https:\/\/consfriburgo.esteri.it\/it\/wp-json\/wp\/v2\/media?parent=838"}],"curies":[{"name":"wp","href":"https:\/\/api.w.org\/{rel}","templated":true}]}}