{"id":846,"date":"2023-05-09T11:27:23","date_gmt":"2023-05-09T09:27:23","guid":{"rendered":"https:\/\/consfriburgo.esteri.it\/?page_id=846"},"modified":"2024-07-29T13:07:23","modified_gmt":"2024-07-29T11:07:23","slug":"universita","status":"publish","type":"page","link":"https:\/\/consfriburgo.esteri.it\/it\/servizi-consolari-e-visti\/servizi-per-il-cittadino-italiano\/ufficio-scuola\/universita\/","title":{"rendered":"Universit\u00e0"},"content":{"rendered":"<h4>Per informazioni sull\u2019Universit\u00e0 in Italia<\/h4>\n<p>\u00c9 possibile visitare il portale <a href=\"https:\/\/www.universitaly.it\/\">Universitaly<\/a> del <a href=\"https:\/\/www.mur.gov.it\/it\">Ministero dell&#8217;Universit\u00e0 e della Ricerca<\/a>, creato appositamente per accompagnare gli studenti e le studentesse nel loro percorso di studi.<\/p>\n<p>Il sito del Ministero dell&#8217;Universit\u00e0 e della Ricerca, nella <a href=\"https:\/\/www.miur.gov.it\/web\/guest\/universita\">sezione dedicata all&#8217;Universit\u00e0<\/a> e il sito <a href=\"https:\/\/studyinitaly.esteri.it\/it\/home_borse\">Study in Italy<\/a> (<a href=\"https:\/\/www.uni-italia.net\/\">sezione Universit\u00e0<\/a>) con utili informazioni.<\/p>\n<p>&nbsp;<\/p>\n<p>&nbsp;<\/p>\n","protected":false},"excerpt":{"rendered":"Per informazioni sull\u2019Universit\u00e0 in Italia \u00c9 possibile visitare il portale Universitaly del Ministero dell&#8217;Universit\u00e0 e della Ricerca, creato appositamente per accompagnare gli studenti e le studentesse nel loro percorso di studi. Il sito del Ministero dell&#8217;Universit\u00e0 e della Ricerca, nella sezione dedicata all&#8217;Universit\u00e0 e il sito Study in Italy (sezione Universit\u00e0) con utili informazioni. &nbsp; [&hellip;]","protected":false},"author":7,"featured_media":0,"parent":832,"menu_order":8,"comment_status":"closed","ping_status":"closed","template":"","meta":{"footnotes":""},"class_list":["post-846","page","type-page","status-publish","hentry"],"_links":{"self":[{"href":"https:\/\/consfriburgo.esteri.it\/it\/wp-json\/wp\/v2\/pages\/846","targetHints":{"allow":["GET"]}}],"collection":[{"href":"https:\/\/consfriburgo.esteri.it\/it\/wp-json\/wp\/v2\/pages"}],"about":[{"href":"https:\/\/consfriburgo.esteri.it\/it\/wp-json\/wp\/v2\/types\/page"}],"author":[{"embeddable":true,"href":"https:\/\/consfriburgo.esteri.it\/it\/wp-json\/wp\/v2\/users\/7"}],"replies":[{"embeddable":true,"href":"https:\/\/consfriburgo.esteri.it\/it\/wp-json\/wp\/v2\/comments?post=846"}],"version-history":[{"count":6,"href":"https:\/\/consfriburgo.esteri.it\/it\/wp-json\/wp\/v2\/pages\/846\/revisions"}],"predecessor-version":[{"id":3001,"href":"https:\/\/consfriburgo.esteri.it\/it\/wp-json\/wp\/v2\/pages\/846\/revisions\/3001"}],"up":[{"embeddable":true,"href":"https:\/\/consfriburgo.esteri.it\/it\/wp-json\/wp\/v2\/pages\/832"}],"wp:attachment":[{"href":"https:\/\/consfriburgo.esteri.it\/it\/wp-json\/wp\/v2\/media?parent=846"}],"curies":[{"name":"wp","href":"https:\/\/api.w.org\/{rel}","templated":true}]}}