{"id":86,"date":"2023-02-23T17:22:06","date_gmt":"2023-02-23T16:22:06","guid":{"rendered":"https:\/\/consfriburgo.esteri.it\/?page_id=86"},"modified":"2025-11-25T15:03:15","modified_gmt":"2025-11-25T14:03:15","slug":"emergency-travel-documents-etd","status":"publish","type":"page","link":"https:\/\/consfriburgo.esteri.it\/it\/servizi-consolari-e-visti\/servizi-per-il-cittadino-italiano\/carta-didentita-elettronica-e-passaporti\/pasaaporti\/emergency-travel-documents-etd\/","title":{"rendered":"Emergency Travel Documents (ETD)"},"content":{"rendered":"<p style=\"text-align: justify;\"><strong>Ufficio Passaporti<\/strong><br \/>\nTel.: <strong>0761 38661 41<\/strong> &#8211; <strong>0761 38661 44<br \/>\n<\/strong>Email:\u00a0<strong><a href=\"mailto:passaporti.friburgo@esteri.it\">passaporti.friburgo@esteri.it<\/a><\/strong><\/p>\n<h5 style=\"text-align: justify;\"><strong><br \/>\nDocumento di emergenza per il solo rientro alla propria residenza permanente (<\/strong><strong>ETD: Emergency Temporary Document)<\/strong><\/h5>\n<p style=\"text-align: justify;\">L\u2019Emergency Travel Document (ETD)\u201d\u00a0 \u00e8 un documento provvisorio con validit\u00e0 limitata al tempo strettamente necessario per il rientro in Italia o nel Paese di residenza.<\/p>\n<p style=\"text-align: justify;\">Esso potr\u00e0 essere rilasciato anche a minorenni sprovvisti di altri documenti solo su sottoscrizione dell\u2019atto d\u2019assenso dei genitori con copia della documentazione probante la filiazione.<\/p>\n<p style=\"text-align: justify;\">Per ottenerlo, bisogna presentarsi in Consolato con la seguente documentazione:<\/p>\n<ul style=\"text-align: justify;\">\n<li>denuncia di furto o\u00a0smarrimento del passaporto effettuato presso la locale competente Autorit\u00e0 di Polizia;<\/li>\n<li>2 fotografie (uguali, frontali, a colori);<\/li>\n<li>motivazione che attesti in maniera straordinaria un<b>\u00a0caso di emergenza<\/b>.<\/li>\n<\/ul>\n<p style=\"text-align: justify;\">Il costo dell\u2019E.T.D. \u00e8 di <strong>\u20ac1,55<\/strong>.<\/p>\n","protected":false},"excerpt":{"rendered":"Ufficio Passaporti Tel.: 0761 38661 41 &#8211; 0761 38661 44 Email:\u00a0passaporti.friburgo@esteri.it Documento di emergenza per il solo rientro alla propria residenza permanente (ETD: Emergency Temporary Document) L\u2019Emergency Travel Document (ETD)\u201d\u00a0 \u00e8 un documento provvisorio con validit\u00e0 limitata al tempo strettamente necessario per il rientro in Italia o nel Paese di residenza. Esso potr\u00e0 essere rilasciato [&hellip;]","protected":false},"author":3,"featured_media":0,"parent":717,"menu_order":4,"comment_status":"closed","ping_status":"closed","template":"","meta":{"footnotes":""},"class_list":["post-86","page","type-page","status-publish","hentry"],"_links":{"self":[{"href":"https:\/\/consfriburgo.esteri.it\/it\/wp-json\/wp\/v2\/pages\/86","targetHints":{"allow":["GET"]}}],"collection":[{"href":"https:\/\/consfriburgo.esteri.it\/it\/wp-json\/wp\/v2\/pages"}],"about":[{"href":"https:\/\/consfriburgo.esteri.it\/it\/wp-json\/wp\/v2\/types\/page"}],"author":[{"embeddable":true,"href":"https:\/\/consfriburgo.esteri.it\/it\/wp-json\/wp\/v2\/users\/3"}],"replies":[{"embeddable":true,"href":"https:\/\/consfriburgo.esteri.it\/it\/wp-json\/wp\/v2\/comments?post=86"}],"version-history":[{"count":6,"href":"https:\/\/consfriburgo.esteri.it\/it\/wp-json\/wp\/v2\/pages\/86\/revisions"}],"predecessor-version":[{"id":14629,"href":"https:\/\/consfriburgo.esteri.it\/it\/wp-json\/wp\/v2\/pages\/86\/revisions\/14629"}],"up":[{"embeddable":true,"href":"https:\/\/consfriburgo.esteri.it\/it\/wp-json\/wp\/v2\/pages\/717"}],"wp:attachment":[{"href":"https:\/\/consfriburgo.esteri.it\/it\/wp-json\/wp\/v2\/media?parent=86"}],"curies":[{"name":"wp","href":"https:\/\/api.w.org\/{rel}","templated":true}]}}