{"id":88,"date":"2023-02-23T17:22:49","date_gmt":"2023-02-23T16:22:49","guid":{"rendered":"https:\/\/consfriburgo.esteri.it\/?page_id=88"},"modified":"2025-01-23T12:31:44","modified_gmt":"2025-01-23T11:31:44","slug":"anagrafe-degli-italiani-residenti-allestero-aire","status":"publish","type":"page","link":"https:\/\/consfriburgo.esteri.it\/it\/servizi-consolari-e-visti\/servizi-per-il-cittadino-italiano\/anagrafe-degli-italiani-residenti-allestero-aire\/","title":{"rendered":"Anagrafe degli Italiani residenti all\u2019estero (AIRE)"},"content":{"rendered":"<h2 style=\"text-align: justify;\">L\u2019iscrizione all\u2019AIRE va richiesta utilizzando il portale dei servizi consolari\u00a0 <a href=\"https:\/\/serviziconsolarionline.esteri.it\/ScoFE\/index.sco\"><strong>Fast It<\/strong><\/a>. Il portale\u00a0 \u00e8 disponibile in lingua <u>italiana e inglese<\/u>. Per utilizzare Fast It \u00e8 necessario <u>avere un indirizzo di posta elettronica<\/u>.<\/h2>\n<h3 style=\"text-align: center;\"><a href=\"https:\/\/consfriburgo.esteri.it\/it\/servizi-consolari-e-visti\/servizi-per-il-cittadino-italiano\/anagrafe-degli-italiani-residenti-allestero-aire\/fast-it-tutorial-iscrizione-allaire-e-cambio-dindirizzo\/?preview_id=309&amp;preview_nonce=5e445dd079&amp;_thumbnail_id=-1&amp;preview=true\">Videoguida all&#8217;utilizzo di Fast IT<\/a><\/h3>\n<h3 style=\"text-align: justify;\"><strong>Vi ricordiamo che l&#8217;iscrizione AIRE \u00e8 il presupposto per richiedere qualsiasi servizio consolare.<\/strong><\/h3>\n<p style=\"text-align: justify;\"><img loading=\"lazy\" decoding=\"async\" class=\"\" src=\"https:\/\/c0.piktochart.com\/v2\/infographics\/24f144e2-8e29-4ed5-9e47-7ead57b60338\/f7c9c1d2c54b7b02434dd00b87fb9f07ff8e458d_original.jpg\" width=\"797\" height=\"3412\" \/><\/p>\n<p><a href=\"https:\/\/www.esteri.it\/mae\/it\/servizi\/italiani-all-estero\/aire_0.html\">Informazioni generali sul sito del Ministero degli Affari Esteri e della Cooperazione Internazionale<\/a><\/p>\n<p style=\"text-align: justify;\"><strong>ISCRIZIONE ALL\u2019ANAGRAFE DEI RESIDENTI ALL\u2019ESTERO (A.I.R.E.)<br \/>\n<\/strong>L\u2019iscrizione all\u2019AIRE\u00a0<strong>\u00e8 obbligatoria<\/strong>\u00a0per i cittadini italiani residenti all\u2019estero (sono esenti dall\u2019obbligo d\u2019iscrizione AIRE le persone che si recano all\u2019estero per un periodo di tempo inferiore all\u2019anno \u2013 studenti ERASMUS+ o altri corsi non superiori all\u2019anno accademico -; i lavoratori stagionali; i dipendenti dello Stato in servizio diplomatico e consolare).<\/p>\n<p style=\"text-align: justify;\">La dichiarazione di trasferimento di residenza all\u2019estero deve essere resa dall\u2019interessato all\u2019Ufficio consolare competente\u00a0<strong>entro 90 giorni<\/strong>\u00a0dalla data dell\u2019espatrio.<br \/>\n\u00c8 tuttavia possibile regolarizzare la propria posizione anche in seguito.<\/p>\n<p style=\"text-align: justify;\">I connazionali gi\u00e0 iscritti nello schedario consolare di Friburgo devono inoltre tempestivamente comunicare eventuali <u>cambi di indirizzo<\/u>.<\/p>\n<p style=\"text-align: justify;\"><strong>Attenzione<\/strong>: L\u2019iscrizione all\u2019AIRE, oltre ad essere un obbligo di legge, \u00e8 necessaria <u>per poter fruire dei servizi consolari<\/u> (ad es. <u>rilascio di documenti d\u2019identit\u00e0, di dichiarazioni, ecc.), votare nella Circoscrizione estero, ricevere le comunicazioni delle Autorit\u00e0 italiane<\/u>.<\/p>\n<p style=\"text-align: justify;\">Conseguenze dell\u2019iscrizione all\u2019AIRE sono la cancellazione dal Servizio Sanitario Nazionale e il trasferimento della competenza in materia di copertura sanitaria alle autorit\u00e0 sanitarie locali.<\/p>\n<p><strong>Devono iscriversi all\u2019A.I.R.E.:<\/strong><\/p>\n<ul>\n<li>i cittadini che fissano all\u2019estero la dimora abituale;<\/li>\n<li>quelli che gi\u00e0 vi risiedono, sia perch\u00e9 nati all\u2019estero che per successivo acquisto della cittadinanza italiana a qualsiasi titolo.<\/li>\n<\/ul>\n<p><strong>Non devono iscriversi all\u2019A.I.R.E.:<\/strong><\/p>\n<ul>\n<li>i cittadini che si recano all\u2019estero per un periodo di tempo inferiore ad un anno;<\/li>\n<li>i lavoratori stagionali;<\/li>\n<li>i dipendenti di ruolo dello Stato in servizio all\u2019estero, che siano notificati ai sensi delle Convenzioni di Vienna sulle relazioni diplomatiche e sulle relazioni consolari rispettivamente del 1961 e del 1963;<\/li>\n<li>i militari italiani in servizio presso gli uffici e le strutture della NATO dislocate all\u2019estero.<\/li>\n<\/ul>\n<p>L\u2019iscrizione all\u2019A.I.R.E. \u00e8\u00a0<strong>GRATUITA<\/strong>.<\/p>\n<p><strong>IMPORTANTE\u00a0<\/strong>\u00a0 &#8211;\u00a0 <strong>Cosa accade se non ci si iscrive all\u2019A.I.R.E.:<\/strong><\/p>\n<p>L\u2019iscrizione all\u2019A.I.R.E. \u00e8 effettuata a seguito di dichiarazione che l\u2019interessato deve rendere all\u2019Ufficio consolare competente per territorio entro 90 giorni dal trasferimento della residenza e comporta la contestuale cancellazione dall\u2019Anagrafe della Popolazione Residente (A.P.R.) del Comune di provenienza. \u00a0Chiunque, avendo obblighi anagrafici, contravviene alle disposizioni della Legge 24 dicembre 1954, n. 1228, della Legge 27 ottobre 1988, n. 470, e dei regolamenti di esecuzione delle predette leggi \u00e8 soggetto a sanzioni pecuniarie amministrative, cos\u00ec come previsto dalla Legge 30 dicembre 2023, n. 213. L\u2019Autorit\u00e0 competente all\u2019accertamento e all\u2019irrogazione della sanzione \u00e8 il Comune nella cui anagrafe \u00e8 iscritto il trasgressore.<\/p>\n<p>Il procedimento accertativo e sanzionatorio in capo ai Comuni \u00e8 disciplinato dalla L. 24 novembre 1981, n. 689, il cui art. 1 prevede che \u201cNessuno pu\u00f2 essere assoggettato a sanzioni amministrative se non in forza di una legge che sia entrata in vigore prima della commissione della violazione\u201d.<\/p>\n<p style=\"text-align: justify;\"><strong>MODALIT\u00c0 DI ISCRIZIONE ALL\u2019AIRE<br \/>\n<\/strong>L\u2019iscrizione all\u2019AIRE va richiesta utilizzando il portale dei servizi consolari online chiamato\u00a0<a href=\"https:\/\/serviziconsolarionline.esteri.it\/ScoFE\/index.sco\"><strong>Fast It<\/strong><\/a>.\u00a0Il portale FAST-IT \u00e8 disponibile in lingua <u>italiana, tedesca,<\/u> <u>inglese, spagnola e portoghese<\/u>.<br \/>\nPer utilizzare il portale Fast It \u00e8 necessario <u>avere un indirizzo di posta elettronica<\/u>.<\/p>\n<p style=\"text-align: justify;\"><strong>&gt;&gt; ATTENZIONE<\/strong>: Dall\u2019<strong>1\u00a0gennaio 2026<\/strong>, come previsto dalla legge di conversione del\u00a0Decreto Legge n. 198\/2022, per accedere al portale dei servizi consolari \u201c<a href=\"https:\/\/serviziconsolarionline.esteri.it\/ScoFE\/index.sco\">Fast It<\/a>\u201d si dovranno utilizzare le\u00a0<a href=\"https:\/\/www.spid.gov.it\/\"><strong>credenziali SPID<\/strong><\/a>\u00a0(Sistema Pubblico di Identit\u00e0 Digitale).<\/p>\n<ol style=\"text-align: justify;\">\n<li>Registrazione al portale \u201c<a href=\"https:\/\/serviziconsolarionline.esteri.it\/ScoFE\/index.sco\">Fast It<\/a>\u201d;<\/li>\n<li>Accedere alla sezione \u201cAnagrafe Consolare e Aire\u201d e selezionare la funzionalit\u00e0 \u201cRichiedere l\u2019iscrizione all\u2019Anagrafe degli Italiani all\u2019Estero\u201d.<br \/>\n<strong>\u00c8 importante <\/strong>inserire i propri dati e l\u2019indirizzo in modo corretto e completo.<\/li>\n<li>Compilare i campi previsti che lo guidano a una corretta e completa formulazione dell\u2019istanza, <u>che pu\u00f2 essere firmata digitalmente oppure stampata, firmata e caricata sul portale<\/u>.<\/li>\n<li>Caricare sul portale la seguente documentazione:\u2019<br \/>\n\u2013 modulo di richiesta firmato;<br \/>\n\u2013 copia del documento d\u2019identit\u00e0 (almeno delle pagine contenenti il numero del documento, le generalit\u00e0, la firma del titolare) di tutte le persone che si iscrivono<br \/>\n\u2013 copia dell\u2019ultima iscrizione anagrafica presso il Comune tedesco (Anmeldebest\u00e4tigung oppure Meldebescheinigung con data non anteriore a tre mesi) relativa all\u2019intero nucleo familiare.<br \/>\n\u2013 <u>per l\u2019iscrizione AIRE dei minori \u00e8 necessario l\u2019assenso del genitore non convivente<\/u>.<br \/>\n<strong>Il limite di grandezza <\/strong>del singolo allegato \u00e8 di 1 MB. Gli allegati caricabili sono un numero massimo di 10 per le utenze classiche e 9 per le utenze SPID<\/li>\n<\/ol>\n<p style=\"text-align: justify;\"><u>L\u2019iscrizione decorre dalla data di inserimento della domanda sul Fast It.<\/u><br \/>\nLa notifica dell\u2019avvenuta iscrizione spetta al Comune italiano che avverte direttamente il cittadino all\u2019estero.<\/p>\n<p><strong>Ulteriori informazioni<\/strong>\u00a0sono disponibili sul sito web del Consolato alla\u00a0<strong>Guida<\/strong>\u00a0o ad un\u00a0<a href=\"https:\/\/consfriburgo.esteri.it\/consolato_friburgo\/it\/i_servizi\/per_i_cittadini\/anagrafe\/fast-it-tutorial-iscrizione-all.html\"><strong>video \u201ctutorial\u201d<\/strong><\/a><strong>.<\/strong><\/p>\n<p style=\"text-align: justify;\"><strong>CAMBIO DI INDIRIZZO<br \/>\n<\/strong>La comunicazione del cambiamento dell\u2019indirizzo della propria residenza in Germania, all\u2019interno della circoscrizione, va fatta utilizzando il portale dei servizi consolari online chiamato\u00a0<a href=\"https:\/\/serviziconsolarionline.esteri.it\/ScoFE\/index.sco\"><strong>Fast It<\/strong><\/a>.<br \/>\nTramite il portale\u00a0<a href=\"https:\/\/serviziconsolarionline.esteri.it\/ScoFE\/index.sco\"><strong>Fast It<\/strong><\/a>\u00a0\u00e8 possibile anche\u00a0<strong>verificare la propria scheda anagrafica<\/strong>.<\/p>\n<p style=\"text-align: justify;\"><strong>TRASFERIMENTO DA\/IN ALTRA CIRCOSCRIZIONE CONSOLARE<br \/>\n<\/strong>Per comunicare il trasferimento da una circoscrizione consolare (ad esempio da Londra, Colonia, Parigi, Kuala Lumpur) verso quella di Friburgo e viceversa, occorre utilizzare il portale\u00a0<a href=\"https:\/\/serviziconsolarionline.esteri.it\/ScoFE\/index.sco\"><strong>Fast It<\/strong><\/a>.<br \/>\nTramite il portale\u00a0<a href=\"https:\/\/serviziconsolarionline.esteri.it\/ScoFE\/index.sco\"><strong>Fast It<\/strong><\/a>\u00a0\u00e8 possibile anche\u00a0<strong>verificare la propria scheda anagrafica<\/strong>.<br \/>\nSi consiglia comunque di contattare il Consolato di destinazione e di effettuare il cambio di circoscrizione entro i 90 giorni dall\u2019emigrazione.<\/p>\n<p style=\"text-align: justify;\"><strong>RIMPATRIO<br \/>\n<\/strong>Prima di rientrare definitivamente in Italia \u00e8 necessario effettuare la\u00a0<strong>cancellazione<\/strong>\u00a0presso il comune tedesco (<strong>\u201cAbmeldung\u201d<\/strong>).<br \/>\nIl connazionale, una volta in Italia, dovr\u00e0 recarsi presso l\u2019<strong>Ufficio anagrafe del Comune<\/strong>\u00a0ed iscriversi dichiarando il nuovo indirizzo di residenza.<br \/>\nNella stessa data il Comune provveder\u00e0:<br \/>\n\u2013 alla\u00a0<strong>cancellazione dall\u2019AIRE<\/strong>\u00a0del connazionale con contestuale iscrizione in\u00a0<strong>APR<\/strong>\u00a0(Anagrafe Popolazione Residente)<br \/>\n\u2013 alla\u00a0<strong>comunicazione ufficiale<\/strong>\u00a0della data di decorrenza del\u00a0<strong>RIMPATRIO<\/strong>\u00a0al\u00a0<strong>CONSOLATO<\/strong>.<br \/>\nIl connazionale pu\u00f2 inviare a questo Consolato per email \u201cl\u2019Abmeldung\u201d ma ufficialmente il\u00a0<strong>RIMPATRIO<\/strong>\u00a0decorre dalla data d\u2019iscrizione presso il\u00a0<strong>COMUNE ITALIANO<\/strong>.<\/p>\n<p style=\"text-align: justify;\"><strong>Tutti i connazionali, anche coloro che sono gi\u00e0 iscritti in anagrafe consolare, sono invitati a registrarsi nel portale\u00a0<\/strong><a href=\"https:\/\/serviziconsolarionline.esteri.it\/ScoFE\/index.sco\"><strong>Fast It<\/strong><\/a><strong> e verificare la propria scheda anagrafica.<\/strong><\/p>\n<p style=\"text-align: justify;\"><strong>&gt;&gt; ATTENZIONE<\/strong>: I proprietari di case o di altri immobili in Italia iscritti all\u2019AIRE possono chiedere agli enti competenti, in base alle regolamentazioni da essi stabilite, riduzioni o agevolazioni per utenze e tributi (per esempio: fornitura di energia elettrica o acqua, tassa rifiuti urbani, imposta comunale sulla casa di propriet\u00e0, ecc.)<\/p>\n<p style=\"text-align: justify;\"><strong>&gt;&gt; ATTENZIONE:<\/strong>\u00a0In attuazione dell\u2019articolo 1, comma 89, della legge 30 dicembre 2020, n. 178, il Ministero per i beni e le attivit\u00e0 culturali e per il turismo consente, negli anni\u00a0<strong>2021, 2022 e 2023<\/strong>, nei limiti di un fondo appositamente istituito, l\u2019<strong>accesso gratuito<\/strong>\u00a0ai cittadini italiani residenti all\u2019estero iscritti all\u2019Anagrafe degli italiani residenti all\u2019estero (AIRE) a\u00a0<strong>musei, aree e parchi archeologici gestiti dallo Stato, a seguito di esibizione di idoneo documento comprovante l\u2019iscrizione all\u2019AIRE<\/strong>. A tal fine, si ritiene che i connazionali residenti all\u2019estero possano esibire un proprio documento di identit\u00e0 dal quale risulta l\u2019iscrizione all\u2019AIRE, o chiedere al proprio Comune di riferimento un certificato di iscrizione all\u2019AIRE o, infine, esibire una propria autocertificazione nella quale si dichiara l\u2019iscrizione all\u2019AIRE del proprio comune (D.P.R. 445\/2000). <u>Il Consolato non pu\u00f2 rilasciare certificati di iscrizione all\u2019AIRE: essi possono essere rilasciati solo dai Comuni<\/u>. Per ulteriori informazioni consultare questa\u00a0<a href=\"https:\/\/media.beniculturali.it\/mibac\/files\/boards\/be78e33bc8ca0c99bff70aa174035096\/DECRETI\/ANNO%202021\/DM%2015%20gennaio%202021%20rep%2036%20Attuazione%20art%201%20comma%2089%20L%20178-2020-signed.pdf\"><strong>pagina del Ministero della Cultura<\/strong><\/a>.<\/p>\n<p style=\"text-align: justify;\"><strong>&gt;&gt; ATTENZIONE<\/strong>: <strong>ANPR \u2013 POSSIBILIT\u00c0 DI SCARICARE GRATUITAMENTE CERTIFICATI ANAGRAFICI<br \/>\n<\/strong>A partire dal 15 novembre 2021 i certificati anagrafici personali (quali, ad esempio: residenza, cittadinanza, esistenza in vita) possono essere scaricati online gratuitamente direttamente dagli interessati, mediante il nuovo\u00a0<a href=\"https:\/\/www.anagrafenazionale.interno.it\/\">servizio dell\u2019Anagrafe Nazionale della Popolazione Residente (ANPR)<\/a>\u00a0(in lingua italiana)<\/p>\n<p style=\"text-align: justify;\">In particolare, dal sito Internet sopra indicato \u00e8 possibile scaricare 14 certificati per proprio conto o per un componente della propria famiglia, direttamente dal proprio domicilio e senza necessit\u00e0 di recarsi presso un ufficio pubblico. I certificati possono, inoltre, essere rilasciati anche in forma contestuale (ad esempio cittadinanza, esistenza in vita e residenza possono essere richiesti in un unico certificato).<\/p>\n<p style=\"text-align: justify;\">Al portale si accede con la propria identit\u00e0 digitale (SPID, Carta d\u2019Identit\u00e0 Elettronica, Carta Nazionale dei Servizi); se la richiesta \u00e8 per un familiare verr\u00e0 mostrato l\u2019elenco dei componenti della famiglia per cui \u00e8 possibile richiedere un certificato. Il servizio consente, altres\u00ec, la visione dell\u2019anteprima del documento per verificare la correttezza dei dati, e di poterlo scaricare in formato PDF o riceverlo via e-mail.<\/p>\n<p style=\"text-align: justify;\">I certificati che \u00e8 possibile richiedere sono:<br \/>\n\u2013 Anagrafico di nascita;<br \/>\n\u2013 Anagrafico di matrimonio;<br \/>\n\u2013 Di cittadinanza;<br \/>\n\u2013 Di esistenza in vita;<br \/>\n\u2013 Di residenza;<br \/>\n\u2013 Di residenza AIRE;<br \/>\n\u2013 Di stato civile;<br \/>\n\u2013 Di stato di famiglia;<br \/>\n\u2013 Di residenza in convivenza;<br \/>\n\u2013 Di stato di famiglia AIRE;<br \/>\n\u2013 Di stato di famiglia con rapporti di parentela;<br \/>\n\u2013 Di stato libero;<br \/>\n\u2013 Anagrafico di unione civile;<br \/>\n\u2013 Di contratto di convivenza.<\/p>\n<p style=\"text-align: justify;\">Si ricorda che, in via generale, agli organi della Pubblica Amministrazione italiana e ai gestori di pubblici servizi italiani vanno presentate le autocertificazioni al posto dei certificati.<\/p>\n<h5 style=\"text-align: justify;\"><strong>A.I.R.E. CONTATTI UTILI<\/strong><\/h5>\n<p style=\"text-align: justify;\">Ufficio Anagrafe<\/p>\n<p style=\"text-align: justify;\">Tel: 0761 38661 54<\/p>\n<p>Tel: 0761 38661 45<\/p>\n","protected":false},"excerpt":{"rendered":"L\u2019iscrizione all\u2019AIRE va richiesta utilizzando il portale dei servizi consolari\u00a0 Fast It. Il portale\u00a0 \u00e8 disponibile in lingua italiana e inglese. Per utilizzare Fast It \u00e8 necessario avere un indirizzo di posta elettronica. Videoguida all&#8217;utilizzo di Fast IT Vi ricordiamo che l&#8217;iscrizione AIRE \u00e8 il presupposto per richiedere qualsiasi servizio consolare. Informazioni generali sul sito [&hellip;]","protected":false},"author":3,"featured_media":0,"parent":71,"menu_order":1,"comment_status":"closed","ping_status":"closed","template":"","meta":{"footnotes":""},"class_list":["post-88","page","type-page","status-publish","hentry"],"_links":{"self":[{"href":"https:\/\/consfriburgo.esteri.it\/it\/wp-json\/wp\/v2\/pages\/88","targetHints":{"allow":["GET"]}}],"collection":[{"href":"https:\/\/consfriburgo.esteri.it\/it\/wp-json\/wp\/v2\/pages"}],"about":[{"href":"https:\/\/consfriburgo.esteri.it\/it\/wp-json\/wp\/v2\/types\/page"}],"author":[{"embeddable":true,"href":"https:\/\/consfriburgo.esteri.it\/it\/wp-json\/wp\/v2\/users\/3"}],"replies":[{"embeddable":true,"href":"https:\/\/consfriburgo.esteri.it\/it\/wp-json\/wp\/v2\/comments?post=88"}],"version-history":[{"count":6,"href":"https:\/\/consfriburgo.esteri.it\/it\/wp-json\/wp\/v2\/pages\/88\/revisions"}],"predecessor-version":[{"id":10291,"href":"https:\/\/consfriburgo.esteri.it\/it\/wp-json\/wp\/v2\/pages\/88\/revisions\/10291"}],"up":[{"embeddable":true,"href":"https:\/\/consfriburgo.esteri.it\/it\/wp-json\/wp\/v2\/pages\/71"}],"wp:attachment":[{"href":"https:\/\/consfriburgo.esteri.it\/it\/wp-json\/wp\/v2\/media?parent=88"}],"curies":[{"name":"wp","href":"https:\/\/api.w.org\/{rel}","templated":true}]}}