{"id":94,"date":"2023-02-23T17:25:13","date_gmt":"2023-02-23T16:25:13","guid":{"rendered":"https:\/\/consfriburgo.esteri.it\/?page_id=94"},"modified":"2023-11-27T12:04:48","modified_gmt":"2023-11-27T11:04:48","slug":"servizi-elettorali","status":"publish","type":"page","link":"https:\/\/consfriburgo.esteri.it\/it\/servizi-consolari-e-visti\/servizi-per-il-cittadino-italiano\/servizi-elettorali\/","title":{"rendered":"Servizi elettorali"},"content":{"rendered":"<p style=\"text-align: justify;\">\u00abLa legge stabilisce requisiti e modalit\u00e0 per l&#8217;esercizio del diritto di voto dei cittadini residenti all&#8217;estero e ne assicura l&#8217;effettivit\u00e0. A tale fine \u00e8 istituita una circoscrizione Estero per l&#8217;elezione delle Camere, alla quale sono assegnati seggi nel numero stabilito da norma costituzionale e secondo criteri determinati dalla legge.\u00bb\u00a0 (art. 48 della Costituzione)<\/p>\n<p>&nbsp;<\/p>\n<h3 style=\"text-align: justify;\">Elezioni Politiche<\/h3>\n<h4 style=\"text-align: justify;\">Come votare:<\/h4>\n<p style=\"text-align: justify;\">Quella del voto per corrispondenza \u00e8 la modalit\u00e0 ordinaria di voto. In alternativa il cittadino italiano residente all\u2019estero pu\u00f2 optare, entro il termine fissato dalla legge, per votare in Italia presso le sezioni elettorali del comune nelle cui liste elettorali \u00e8 iscritto, per i candidati che si presentano nelle circoscrizioni e regioni del territorio nazionale. L\u2019opzione si esercita con una comunicazione scritta indirizzata al Consolato di residenza entro il 31 dicembre dell\u2019anno precedente a quello previsto per la scadenza naturale della legislatura o, in caso di scioglimento anticipato delle Camere o di indizione di referendum popolare, entro il decimo giorno successivo alla indizione delle votazioni.<\/p>\n<h4 style=\"text-align: justify;\">Per cosa si vota:<\/h4>\n<p style=\"text-align: justify;\">Dodici seggi per la Camera dei Deputati e sei per il Senato della Repubblica, detratti dal numero complessivo di quelli costituzionalmente assegnati ai due rami del Parlamento: sono i posti riservati ai rappresentanti eletti dai cittadini italiani residenti all\u2019estero.<\/p>\n<h4 style=\"text-align: justify;\">Come votare:<\/h4>\n<p style=\"text-align: justify;\">Quella del voto per corrispondenza \u00e8 la modalit\u00e0 ordinaria di voto. In alternativa il cittadino italiano residente all\u2019estero pu\u00f2 optare, entro il termine fissato dalla legge, per votare in Italia, presso le sezioni elettorali del comune nelle cui liste elettorali \u00e8 iscritto, per i candidati che si presentano nelle circoscrizioni e regioni del territorio nazionale. L\u2019opzione si esercita con una comunicazione scritta indirizzata al Consolato di residenza entro il 31 dicembre dell\u2019anno precedente a quello previsto per la scadenza naturale della legislatura o, in caso di scioglimento anticipato delle Camere o di indizione di referendum popolare, entro il decimo giorno successivo alla indizione delle votazioni.<\/p>\n<p style=\"text-align: justify;\">A partire dal 2016, la possibilit\u00e0 di voto dall&#8217;estero \u00e8 stata estesa anche agli italiani che si trovano temporaneamente fuori dall&#8217;Italia per un periodo di almeno tre mesi nel quale ricade la data di svolgimento delle elezioni o del referendum (ovvero chi vi soggiorna per meno di 12 mesi e non \u00e8 iscritto all&#8217;AIRE). Se interessato ad avvalersi di questa opzione di voto, il cittadino deve inviare l\u2019apposita richiesta al comune italiano di iscrizione nelle liste elettorali entro i termini previsti dalla legge.<\/p>\n<p style=\"text-align: justify;\">Per ulteriori informazioni consultate la pagina web del Ministero dell\u2019interno cliccando <a href=\"https:\/\/www.interno.gov.it\/it\/temi\/elezioni-e-referendum\/voto-italiani-allestero\">qui<\/a>.<\/p>\n<h4 style=\"text-align: justify;\">Elezioni Europee<\/h4>\n<p style=\"text-align: justify;\">Alle elezioni europee <strong>non si vota per\u00a0corrispondenza<\/strong>: gli elettori italiani aventi diritto e stabilmente residenti nei Paesi dell\u2019Unione Europea, possono infatti recarsi presso le apposite sezioni elettorali istituite in loco dalla nostra rete diplomatico-consolare. Gli elettori italiani residenti all&#8217;estero possono anche decidere di recarsi in Italia ed esprimere il proprio voto presso il Comune di iscrizione AIRE. Le elezioni per il rinnovo del Parlamento Europeo si tengono una volta ogni cinque anni.<\/p>\n<p style=\"text-align: justify;\">Ulteriori informazioni possono essere consultati in questo <a href=\"https:\/\/www.interno.gov.it\/it\/temi\/elezioni-e-referendum\/voto-italiani-allestero\"><span style=\"text-decoration: underline;\">link<\/span><\/a>. Specifiche informazioni saranno pubblicate in questa pagina al momento dell\u2019indizioni di nuove elezioni.<\/p>\n<h4 style=\"text-align: justify;\">Referendum<\/h4>\n<p style=\"text-align: justify;\">Il voto per corrispondenza degli italiani all\u2019estero \u00e8 previsto anche per i referendum abrogativi e confermativi. In tal caso, il voto all&#8217;estero viene esercitato secondo le medesime modalit\u00e0 previste per le elezioni politiche\u00a0(vedi sopra).<\/p>\n<p style=\"text-align: justify;\">Per ulteriori informazioni vi rimandiamo alla sezione <a href=\"https:\/\/www.esteri.it\/it\/servizi-consolari-e-visti\/italiani-all-estero\/votoestero\/\"><strong>voto all&#8217;estero<\/strong><\/a> del sito &#8220;Esteri.it&#8221;.<\/p>\n<p>&nbsp;<\/p>\n<h3 style=\"text-align: justify;\">Elezioni Com.It.Es<\/h3>\n<h4 style=\"text-align: justify;\">Cosa sono:<\/h4>\n<p style=\"text-align: justify;\">I COMITES sono organi elettivi che rappresentano le esigenze dei cittadini italiani residenti all&#8217;estero nei rapporti con gli Uffici consolari, con i quali collaborano per individuare le necessit\u00e0 di natura sociale, culturale e civile della collettivit\u00e0 italiana.\u00a0Promuovono, nell&#8217;interesse della collettivit\u00e0 italiana residente nella circoscrizione, tutte quelle iniziative ritenute opportune in materia di vita sociale e culturale, assistenza sociale e scolastica, formazione professionale, settore ricreativo e tempo libero. I COMITES, previa intesa con le Autorit\u00e0 consolari, possono rappresentare le istanze della collettivit\u00e0 italiana residente nella circoscrizione alle Autorit\u00e0 e alle Istituzioni locali.<\/p>\n<p style=\"text-align: justify;\">Scoprite tutti i dettagli e visitate il sito ufficiale COMITES cliccando <a href=\"https:\/\/consfriburgo.esteri.it\/wp-content\/uploads\/2023\/04\/Manuale_siti_Rete_diplomatico_consolare.pdf\">qui<\/a>.<\/p>\n<h4 style=\"text-align: justify;\">Chi si vota:<\/h4>\n<p style=\"text-align: justify;\">I membri dei COMITES sono eletti sulla base di liste di candidati sottoscritte dai cittadini italiani residenti in ogni circoscrizione consolare. I connazionali possono organizzarsi per formare liste di candidati composte da persone che godono della loro fiducia, tra le quali verranno poi eletti i membri dei Comitati.<\/p>\n<p style=\"text-align: justify;\">Per maggiori informazioni consultate la nostra guida al Com.it.Es.<\/p>\n<p>&nbsp;<\/p>\n<p style=\"text-align: center;\"><strong>Rispondiamo qui alle vostre Domande Frequenti!<\/strong><\/p>\n<h3 style=\"text-align: justify;\">Contatti<\/h3>\n<p style=\"text-align: justify;\">E-mail: <a href=\"mailto:elettorale.friburgo@esteri.it\">elettorale.friburgo@esteri.it<\/a><\/p>\n<p style=\"text-align: justify;\">Tel: 0761 38661 45<\/p>\n<p style=\"text-align: justify;\">Tel: 0761 3866147<\/p>\n<p style=\"text-align: justify;\">\n","protected":false},"excerpt":{"rendered":"\u00abLa legge stabilisce requisiti e modalit\u00e0 per l&#8217;esercizio del diritto di voto dei cittadini residenti all&#8217;estero e ne assicura l&#8217;effettivit\u00e0. A tale fine \u00e8 istituita una circoscrizione Estero per l&#8217;elezione delle Camere, alla quale sono assegnati seggi nel numero stabilito da norma costituzionale e secondo criteri determinati dalla legge.\u00bb\u00a0 (art. 48 della Costituzione) &nbsp; Elezioni [&hellip;]","protected":false},"author":3,"featured_media":0,"parent":71,"menu_order":6,"comment_status":"closed","ping_status":"closed","template":"","meta":{"footnotes":""},"class_list":["post-94","page","type-page","status-publish","hentry"],"_links":{"self":[{"href":"https:\/\/consfriburgo.esteri.it\/it\/wp-json\/wp\/v2\/pages\/94","targetHints":{"allow":["GET"]}}],"collection":[{"href":"https:\/\/consfriburgo.esteri.it\/it\/wp-json\/wp\/v2\/pages"}],"about":[{"href":"https:\/\/consfriburgo.esteri.it\/it\/wp-json\/wp\/v2\/types\/page"}],"author":[{"embeddable":true,"href":"https:\/\/consfriburgo.esteri.it\/it\/wp-json\/wp\/v2\/users\/3"}],"replies":[{"embeddable":true,"href":"https:\/\/consfriburgo.esteri.it\/it\/wp-json\/wp\/v2\/comments?post=94"}],"version-history":[{"count":7,"href":"https:\/\/consfriburgo.esteri.it\/it\/wp-json\/wp\/v2\/pages\/94\/revisions"}],"predecessor-version":[{"id":3888,"href":"https:\/\/consfriburgo.esteri.it\/it\/wp-json\/wp\/v2\/pages\/94\/revisions\/3888"}],"up":[{"embeddable":true,"href":"https:\/\/consfriburgo.esteri.it\/it\/wp-json\/wp\/v2\/pages\/71"}],"wp:attachment":[{"href":"https:\/\/consfriburgo.esteri.it\/it\/wp-json\/wp\/v2\/media?parent=94"}],"curies":[{"name":"wp","href":"https:\/\/api.w.org\/{rel}","templated":true}]}}